{"id":5797,"date":"2025-03-01T09:32:29","date_gmt":"2025-03-01T09:32:29","guid":{"rendered":"https:\/\/themexriver.com\/wp\/agenriver-demo\/creative-agency\/?page_id=5797"},"modified":"2025-07-26T09:54:14","modified_gmt":"2025-07-26T09:54:14","slug":"kontakt","status":"publish","type":"page","link":"https:\/\/mpaiers.de\/tr\/startseite\/kontakt\/","title":{"rendered":"\u0130leti\u015fim"},"content":{"rendered":"<div data-elementor-type=\"wp-page\" data-elementor-id=\"5797\" class=\"elementor elementor-5797\" data-elementor-post-type=\"page\">\n\t\t\t\t\t\t<section class=\"elementor-section elementor-top-section elementor-element elementor-element-57b4015 elementor-section-full_width elementor-section-height-default elementor-section-height-default\" data-id=\"57b4015\" data-element_type=\"section\" data-e-type=\"section\">\n\t\t\t\t\t\t<div class=\"elementor-container elementor-column-gap-no\">\n\t\t\t\t\t<div class=\"elementor-column elementor-col-100 elementor-top-column elementor-element elementor-element-03098e2\" data-id=\"03098e2\" data-element_type=\"column\" data-e-type=\"column\">\n\t\t\t<div class=\"elementor-widget-wrap elementor-element-populated\">\n\t\t\t\t<div class=\"elementor-element elementor-element-e2f23f7 e-con-full e-flex e-con e-parent\" data-id=\"e2f23f7\" data-element_type=\"container\" data-e-type=\"container\">\n\t\t\t\t<div class=\"elementor-element elementor-element-62dca69 elementor-widget elementor-widget-go-s-heading\" data-id=\"62dca69\" data-element_type=\"widget\" data-e-type=\"widget\" data-widget_type=\"go-s-heading.default\">\n\t\t\t\t<div class=\"elementor-widget-container\">\n\t\t\t\t\t<h2 class=\"agn-sec-title-5 agn-services-5-sec-title agnSecTitleAni5 elementor-gt-heading\">\n            Kontaktieren                <span class=\"text\">Sie uns<\/span>\n    <\/h2>\t\t\t\t<\/div>\n\t\t\t\t<\/div>\n\t\t\t\t<\/div>\n\t\t\t\t\t<\/div>\n\t\t<\/div>\n\t\t\t\t\t<\/div>\n\t\t<\/section>\n\t\t\t\t<section class=\"elementor-section elementor-top-section elementor-element elementor-element-27dff650 elementor-section-boxed elementor-section-height-default elementor-section-height-default\" data-id=\"27dff650\" data-element_type=\"section\" data-e-type=\"section\">\n\t\t\t\t\t\t<div class=\"elementor-container elementor-column-gap-default\">\n\t\t\t\t\t<div class=\"elementor-column elementor-col-100 elementor-top-column elementor-element elementor-element-3b9d1ac9\" data-id=\"3b9d1ac9\" data-element_type=\"column\" data-e-type=\"column\">\n\t\t\t<div class=\"elementor-widget-wrap\">\n\t\t\t\t\t\t\t<\/div>\n\t\t<\/div>\n\t\t\t\t\t<\/div>\n\t\t<\/section>\n\t\t\t\t<section class=\"elementor-section elementor-top-section elementor-element elementor-element-707bc078 elementor-section-boxed elementor-section-height-default elementor-section-height-default\" data-id=\"707bc078\" data-element_type=\"section\" data-e-type=\"section\">\n\t\t\t\t\t\t<div class=\"elementor-container elementor-column-gap-default\">\n\t\t\t\t\t<div class=\"elementor-column elementor-col-100 elementor-top-column elementor-element elementor-element-5b2291df\" data-id=\"5b2291df\" data-element_type=\"column\" data-e-type=\"column\">\n\t\t\t<div class=\"elementor-widget-wrap elementor-element-populated\">\n\t\t\t\t\t\t<div class=\"elementor-element elementor-element-6b42b7b4 elementor-widget elementor-widget-go-ct-form\" data-id=\"6b42b7b4\" data-element_type=\"widget\" data-e-type=\"widget\" data-widget_type=\"go-ct-form.default\">\n\t\t\t\t<div class=\"elementor-widget-container\">\n\t\t\t\t\t<div class=\"agt-td-contact-content d-flex  justify-content-between\">\n    <div class=\"agt-cn-form\">\n                    <h3>Lassen Sie uns gemeinsam vorankommen.<\/h3>\n                        <div class=\"agt-contact-form mt-15\">\n            <p class=\"wpcf7-contact-form-not-found\"><strong>Hata:<\/strong> \u0130leti\u015fim formu bulunamad\u0131.<\/p>        <\/div>    <\/div>\n        <div class=\"agt-tmcn-img\">\n        <img decoding=\"async\" src=\"https:\/\/mpaiers.de\/wp-content\/uploads\/2025\/05\/kontakt.jpg\" alt=\"About Image\">\n    <\/div>\n    <\/div>\t\t\t\t<\/div>\n\t\t\t\t<\/div>\n\t\t\t\t<div class=\"elementor-element elementor-element-369aa088 elementor-widget elementor-widget-go-ct-info\" data-id=\"369aa088\" data-element_type=\"widget\" data-e-type=\"widget\" data-widget_type=\"go-ct-info.default\">\n\t\t\t\t<div class=\"elementor-widget-container\">\n\t\t\t\t\t<div class=\"ag-p-contact-content\">\n            <div class=\"ag-p-contact-item position-relative\">\n            <div class=\"item-icon\">\n                <i aria-hidden=\"true\" class=\"fas fa-envelope\"><\/i>            <\/div>\n            <div class=\"item-text headline pera-content\">\n                <h3>E-Mail Kontakt<\/h3>\n                <p>info@mpaiers.de<\/p>\n            <\/div>\n        <\/div>\n            <div class=\"ag-p-contact-item position-relative\">\n            <div class=\"item-icon\">\n                <i aria-hidden=\"true\" class=\"fas fa-phone-alt\"><\/i>            <\/div>\n            <div class=\"item-text headline pera-content\">\n                <h3>Telefonisch<\/h3>\n                <p>+49 2173 2003720<\/p>\n            <\/div>\n        <\/div>\n            <div class=\"ag-p-contact-item position-relative\">\n            <div class=\"item-icon\">\n                <i aria-hidden=\"true\" class=\"fas fa-map-marker-alt\"><\/i>            <\/div>\n            <div class=\"item-text headline pera-content\">\n                <h3>Pers\u00f6nlich<\/h3>\n                <p><strong>Depo:<\/strong><\/p>\n<p>Sokak 11 anlam\u0131na gelir<br \/>40789 Monheim am Rhein <br \/><strong>\u015eube:<\/strong><br \/>Sandstra\u00dfe 104<br \/>40789 Monheim am Rhein <\/p>\n            <\/div>\n        <\/div>\n        \n<\/div>\t\t\t\t<\/div>\n\t\t\t\t<\/div>\n\t\t\t\t\t<\/div>\n\t\t<\/div>\n\t\t\t\t\t<\/div>\n\t\t<\/section>\n\t\t\t\t<\/div>","protected":false},"excerpt":{"rendered":"<p>Kontaktieren Sie uns Lassen Sie uns gemeinsam vorankommen. Name Telefon E-Mail Titel Nachricht Jetzt einreichen E-Mail Kontakt info@mpaiers.de Telefonisch +49 2173 2003720 Pers\u00f6nlich Hauptsitz: Mittelstra\u00dfe 11 40789 Monheim am Rhein Zweigstelle: Sandstra\u00dfe 104 40789 Monheim am Rhein<\/p>","protected":false},"author":1,"featured_media":0,"parent":12,"menu_order":0,"comment_status":"closed","ping_status":"closed","template":"elementor_header_footer","meta":{"om_disable_all_campaigns":false,"_monsterinsights_skip_tracking":false,"_monsterinsights_sitenote_active":false,"_monsterinsights_sitenote_note":"","_monsterinsights_sitenote_category":0,"footnotes":""},"class_list":["post-5797","page","type-page","status-publish","hentry"],"aioseo_notices":[],"_links":{"self":[{"href":"https:\/\/mpaiers.de\/tr\/wp-json\/wp\/v2\/pages\/5797","targetHints":{"allow":["GET"]}}],"collection":[{"href":"https:\/\/mpaiers.de\/tr\/wp-json\/wp\/v2\/pages"}],"about":[{"href":"https:\/\/mpaiers.de\/tr\/wp-json\/wp\/v2\/types\/page"}],"author":[{"embeddable":true,"href":"https:\/\/mpaiers.de\/tr\/wp-json\/wp\/v2\/users\/1"}],"replies":[{"embeddable":true,"href":"https:\/\/mpaiers.de\/tr\/wp-json\/wp\/v2\/comments?post=5797"}],"version-history":[{"count":0,"href":"https:\/\/mpaiers.de\/tr\/wp-json\/wp\/v2\/pages\/5797\/revisions"}],"up":[{"embeddable":true,"href":"https:\/\/mpaiers.de\/tr\/wp-json\/wp\/v2\/pages\/12"}],"wp:attachment":[{"href":"https:\/\/mpaiers.de\/tr\/wp-json\/wp\/v2\/media?parent=5797"}],"curies":[{"name":"wp","href":"https:\/\/api.w.org\/{rel}","templated":true}]}}