{"id":5674,"date":"2025-03-01T09:12:28","date_gmt":"2025-03-01T09:12:28","guid":{"rendered":"https:\/\/themexriver.com\/wp\/agenriver-demo\/creative-agency\/?page_id=5674"},"modified":"2025-08-15T14:35:07","modified_gmt":"2025-08-15T14:35:07","slug":"wer-sind-wir","status":"publish","type":"page","link":"https:\/\/mpaiers.de\/tr\/wer-sind-wir\/","title":{"rendered":"Wer sind wir?"},"content":{"rendered":"<div data-elementor-type=\"wp-page\" data-elementor-id=\"5674\" class=\"elementor elementor-5674\" data-elementor-post-type=\"page\">\n\t\t\t\t<div class=\"elementor-element elementor-element-b26c645 e-flex e-con-boxed e-con e-parent\" data-id=\"b26c645\" data-element_type=\"container\" data-e-type=\"container\">\n\t\t\t\t\t<div class=\"e-con-inner\">\n\t\t<div class=\"elementor-element elementor-element-0561644 e-flex e-con-boxed e-con e-child\" data-id=\"0561644\" data-element_type=\"container\" data-e-type=\"container\">\n\t\t\t\t\t<div class=\"e-con-inner\">\n\t\t\t\t<div class=\"elementor-element elementor-element-7cf2e79 elementor-widget-tablet_extra__width-initial elementor-widget elementor-widget-text-editor\" data-id=\"7cf2e79\" data-element_type=\"widget\" data-e-type=\"widget\" data-widget_type=\"text-editor.default\">\n\t\t\t\t<div class=\"elementor-widget-container\">\n\t\t\t\t\t\t\t\t\t<h3>Die Mission\u00a0<\/h3>\t\t\t\t\t\t\t\t<\/div>\n\t\t\t\t<\/div>\n\t\t\t\t<div class=\"elementor-element elementor-element-224e1fe elementor-widget-tablet_extra__width-initial elementor-widget elementor-widget-text-editor\" data-id=\"224e1fe\" data-element_type=\"widget\" data-e-type=\"widget\" data-widget_type=\"text-editor.default\">\n\t\t\t\t<div class=\"elementor-widget-container\">\n\t\t\t\t\t\t\t\t\t<h5>Die entwickelung starke Marken durch strategische Planung, kreatives Design und wirksames Marketing.<\/h5>\t\t\t\t\t\t\t\t<\/div>\n\t\t\t\t<\/div>\n\t\t\t\t\t<\/div>\n\t\t\t\t<\/div>\n\t\t<div class=\"elementor-element elementor-element-0a995ae e-flex e-con-boxed e-con e-child\" data-id=\"0a995ae\" data-element_type=\"container\" data-e-type=\"container\">\n\t\t\t\t\t<div class=\"e-con-inner\">\n\t\t\t\t<div class=\"elementor-element elementor-element-daf7255 elementor-widget elementor-widget-text-editor\" data-id=\"daf7255\" data-element_type=\"widget\" data-e-type=\"widget\" data-widget_type=\"text-editor.default\">\n\t\t\t\t<div class=\"elementor-widget-container\">\n\t\t\t\t\t\t\t\t\t<h3>Die Vision\u00a0<\/h3>\t\t\t\t\t\t\t\t<\/div>\n\t\t\t\t<\/div>\n\t\t\t\t<div class=\"elementor-element elementor-element-efde1dc elementor-widget elementor-widget-text-editor\" data-id=\"efde1dc\" data-element_type=\"widget\" data-e-type=\"widget\" data-widget_type=\"text-editor.default\">\n\t\t\t\t<div class=\"elementor-widget-container\">\n\t\t\t\t\t\t\t\t\t<h5>Die Perfekten Partner f\u00fcr Markenentwicklung, Marketingstrategie und Unternehmensberatung in Deutschland werden.<\/h5>\t\t\t\t\t\t\t\t<\/div>\n\t\t\t\t<\/div>\n\t\t\t\t\t<\/div>\n\t\t\t\t<\/div>\n\t\t<div class=\"elementor-element elementor-element-f5d1da4 e-flex e-con-boxed e-con e-child\" data-id=\"f5d1da4\" data-element_type=\"container\" data-e-type=\"container\">\n\t\t\t\t\t<div class=\"e-con-inner\">\n\t\t\t\t<div class=\"elementor-element elementor-element-2845120 elementor-widget elementor-widget-text-editor\" data-id=\"2845120\" data-element_type=\"widget\" data-e-type=\"widget\" data-widget_type=\"text-editor.default\">\n\t\t\t\t<div class=\"elementor-widget-container\">\n\t\t\t\t\t\t\t\t\t<h3>Die Werte<\/h3>\t\t\t\t\t\t\t\t<\/div>\n\t\t\t\t<\/div>\n\t\t\t\t<div class=\"elementor-element elementor-element-301a5f9 elementor-widget elementor-widget-text-editor\" data-id=\"301a5f9\" data-element_type=\"widget\" data-e-type=\"widget\" data-widget_type=\"text-editor.default\">\n\t\t\t\t<div class=\"elementor-widget-container\">\n\t\t\t\t\t\t\t\t\t<h5>Die Integrit\u00e4t, Qualit\u00e4t und Innovation pr\u00e4gen jede Markenstrategie und jedes Marketingprojekt.<\/h5>\t\t\t\t\t\t\t\t<\/div>\n\t\t\t\t<\/div>\n\t\t\t\t\t<\/div>\n\t\t\t\t<\/div>\n\t\t\t\t\t<\/div>\n\t\t\t\t<\/div>\n\t\t<div class=\"elementor-element elementor-element-e35340d e-flex e-con-boxed e-con e-parent\" data-id=\"e35340d\" data-element_type=\"container\" data-e-type=\"container\">\n\t\t\t\t\t<div class=\"e-con-inner\">\n\t\t<div class=\"elementor-element elementor-element-9aca2bb e-con-full e-flex e-con e-child\" data-id=\"9aca2bb\" data-element_type=\"container\" data-e-type=\"container\" data-settings=\"{&quot;background_background&quot;:&quot;classic&quot;}\">\n\t\t\t\t<div class=\"elementor-element elementor-element-f5b0ed1 elementor-widget elementor-widget-image\" data-id=\"f5b0ed1\" data-element_type=\"widget\" data-e-type=\"widget\" data-widget_type=\"image.default\">\n\t\t\t\t<div class=\"elementor-widget-container\">\n\t\t\t\t\t\t\t\t\t\t\t\t\t\t\t<img fetchpriority=\"high\" decoding=\"async\" width=\"480\" height=\"720\" src=\"https:\/\/mpaiers.de\/wp-content\/uploads\/2025\/05\/wer-sind-3.jpg\" class=\"attachment-full size-full wp-image-16421\" alt=\"\" srcset=\"https:\/\/mpaiers.de\/wp-content\/uploads\/2025\/05\/wer-sind-3.jpg 480w, https:\/\/mpaiers.de\/wp-content\/uploads\/2025\/05\/wer-sind-3-200x300.jpg 200w\" sizes=\"(max-width: 480px) 100vw, 480px\" \/>\t\t\t\t\t\t\t\t\t\t\t\t\t\t\t<\/div>\n\t\t\t\t<\/div>\n\t\t\t\t<\/div>\n\t\t<div class=\"elementor-element elementor-element-09ef44c e-con-full e-flex e-con e-child\" data-id=\"09ef44c\" data-element_type=\"container\" data-e-type=\"container\">\n\t\t\t\t<div class=\"elementor-element elementor-element-ea008e2 elementor-widget-tablet_extra__width-initial elementor-widget elementor-widget-text-editor\" data-id=\"ea008e2\" data-element_type=\"widget\" data-e-type=\"widget\" data-widget_type=\"text-editor.default\">\n\t\t\t\t<div class=\"elementor-widget-container\">\n\t\t\t\t\t\t\t\t\t<h3 style=\"text-align: center;\"><strong>Mpa\u0131er&#039;ler<\/strong><\/h3><p><em><span style=\"text-decoration: underline;\">Ihre Experten f\u00fcr Markenentwicklung und Marketingstrategie<\/span><\/em><\/p><h5>Mpaiers ist eine Agentur f\u00fcr ganzheitliche Markenentwicklung, strategisches Branding und professionelle Unternehmensberatung. Wir verbinden kreatives Design, pr\u00e4zise Marketingstrategie und messbares Online-Marketing zu L\u00f6sungen, die Unternehmen sichtbar machen und nachhaltig wachsen lassen. Mit Erfahrung in Markenaufbau, Markenidentit\u00e4t und Markenpositionierung unterst\u00fctzen wir unsere Kunden dabei, sich erfolgreich im Markt zu etablieren<\/h5>\t\t\t\t\t\t\t\t<\/div>\n\t\t\t\t<\/div>\n\t\t\t\t<div class=\"elementor-element elementor-element-6c06d4f elementor-widget-tablet_extra__width-initial elementor-widget elementor-widget-text-editor\" data-id=\"6c06d4f\" data-element_type=\"widget\" data-e-type=\"widget\" data-widget_type=\"text-editor.default\">\n\t\t\t\t<div class=\"elementor-widget-container\">\n\t\t\t\t\t\t\t\t\t<h3 style=\"text-align: center;\"><strong data-start=\"1018\" data-end=\"1036\">\u00a0Ihr nutzen aus der Mission<\/strong><\/h3><h5>Die Mission ist es, Unternehmen durch professionelle Markenentwicklung, pr\u00e4zise Marketingstrategie und gezielte Unternehmensberatung nachhaltig erfolgreich zu machen. Wir verbinden kreatives Design mit messbarem Online-Marketing, um Marken aufzubauen, die eine klare Markenidentit\u00e4t besitzen und im Wettbewerb bestehen. Jedes Projekt wird mit einer individuellen Markenstrategie umgesetzt, die auf fundierter Marktanalyse und zielgerichteter Markenpositionierung basiert. So schaffen wir ein Branding, das nicht nur optisch \u00fcberzeugt, sondern auch messbare Ergebnisse liefert<\/h5>\t\t\t\t\t\t\t\t<\/div>\n\t\t\t\t<\/div>\n\t\t\t\t<div class=\"elementor-element elementor-element-dc856c5 elementor-widget-tablet_extra__width-initial elementor-widget elementor-widget-text-editor\" data-id=\"dc856c5\" data-element_type=\"widget\" data-e-type=\"widget\" data-widget_type=\"text-editor.default\">\n\t\t\t\t<div class=\"elementor-widget-container\">\n\t\t\t\t\t\t\t\t\t<h3 style=\"text-align: center;\"><strong data-start=\"1018\" data-end=\"1036\">\u00a0Ihr Vorteil durch Die Vision<\/strong><\/h3><h5>Die Vision ist es, Mpaiers als Perfekten Partner f\u00fcr Markenentwicklung, Marketingstrategie und Unternehmensberatung bei Ihnen zu etablieren. Wir m\u00f6chten Unternehmen jeder Gr\u00f6\u00dfe dabei unterst\u00fctzen, ihre Marke strategisch aufzubauen, ihre Sichtbarkeit zu steigern und ihre Marktposition zu festigen. Dabei setzen wir auf modernes Branding, innovative Designl\u00f6sungen und nachhaltige Marketingkonzepte, die langfristig wirken. Unser Ziel ist es, Markenidentit\u00e4ten zu schaffen, die sowohl im digitalen Raum als auch in der realen Welt unverwechselbar sind.<\/h5>\t\t\t\t\t\t\t\t<\/div>\n\t\t\t\t<\/div>\n\t\t\t\t<div class=\"elementor-element elementor-element-0eb94e7 elementor-widget-tablet_extra__width-initial elementor-widget elementor-widget-text-editor\" data-id=\"0eb94e7\" data-element_type=\"widget\" data-e-type=\"widget\" data-widget_type=\"text-editor.default\">\n\t\t\t\t<div class=\"elementor-widget-container\">\n\t\t\t\t\t\t\t\t\t<h3 style=\"text-align: center;\" data-start=\"1764\" data-end=\"1802\"><strong data-start=\"1767\" data-end=\"1800\">Ihr Gewinn durch die Werte<\/strong><\/h3><h5>Die Arbeit basiert auf klar definierten Werten, die jede Markenentwicklung und jede Marketingstrategie pr\u00e4gen. Integrit\u00e4t bedeutet f\u00fcr uns, transparent und verantwortungsbewusst zu handeln, sowohl in der Unternehmensberatung als auch im Branding-Prozess. Exzellenz steht f\u00fcr h\u00f6chste Qualit\u00e4t in Design, Markenaufbau und Marketingumsetzung. Innovation ist unser Antrieb, um neue Wege in der Markenpositionierung zu gehen und einzigartige L\u00f6sungen zu entwickeln. Nachhaltigkeit bedeutet f\u00fcr uns, langfristig wirkende Strategien zu schaffen, die Marken nicht nur sichtbar, sondern erfolgreich machen.<\/h5>\t\t\t\t\t\t\t\t<\/div>\n\t\t\t\t<\/div>\n\t\t\t\t<\/div>\n\t\t\t\t\t<\/div>\n\t\t\t\t<\/div>\n\t\t<div class=\"elementor-element elementor-element-3e0d0d8 e-flex e-con-boxed e-con e-parent\" data-id=\"3e0d0d8\" data-element_type=\"container\" data-e-type=\"container\">\n\t\t\t\t\t<div class=\"e-con-inner\">\n\t\t\t\t<div class=\"elementor-element elementor-element-6e4dec8 elementor-arrows-position-inside elementor-pagination-position-outside elementor-widget elementor-widget-image-carousel\" data-id=\"6e4dec8\" data-element_type=\"widget\" data-e-type=\"widget\" data-settings=\"{&quot;slides_to_show&quot;:&quot;4&quot;,&quot;slides_to_show_mobile&quot;:&quot;2&quot;,&quot;navigation&quot;:&quot;both&quot;,&quot;autoplay&quot;:&quot;yes&quot;,&quot;pause_on_hover&quot;:&quot;yes&quot;,&quot;pause_on_interaction&quot;:&quot;yes&quot;,&quot;autoplay_speed&quot;:5000,&quot;infinite&quot;:&quot;yes&quot;,&quot;speed&quot;:500}\" data-widget_type=\"image-carousel.default\">\n\t\t\t\t<div class=\"elementor-widget-container\">\n\t\t\t\t\t\t\t<div class=\"elementor-image-carousel-wrapper swiper\" role=\"region\" aria-roledescription=\"carousel\" aria-label=\"Resim D\u00f6ng\u00fcs\u00fc\" dir=\"ltr\">\n\t\t\t<div class=\"elementor-image-carousel swiper-wrapper\" aria-live=\"off\">\n\t\t\t\t\t\t\t\t<div class=\"swiper-slide\" role=\"group\" aria-roledescription=\"slide\" aria-label=\"1 von 4\"><figure class=\"swiper-slide-inner\"><img decoding=\"async\" class=\"swiper-slide-image\" src=\"https:\/\/mpaiers.de\/wp-content\/uploads\/2025\/03\/s1-img-5.webp\" alt=\"s1-img-5.webp\" \/><\/figure><\/div><div class=\"swiper-slide\" role=\"group\" aria-roledescription=\"slide\" aria-label=\"2 von 4\"><figure class=\"swiper-slide-inner\"><img decoding=\"async\" class=\"swiper-slide-image\" src=\"https:\/\/mpaiers.de\/wp-content\/uploads\/2025\/03\/s1-img-4.webp\" alt=\"s1-img-4.webp\" \/><\/figure><\/div><div class=\"swiper-slide\" role=\"group\" aria-roledescription=\"slide\" aria-label=\"3 von 4\"><figure class=\"swiper-slide-inner\"><img decoding=\"async\" class=\"swiper-slide-image\" src=\"https:\/\/mpaiers.de\/wp-content\/uploads\/2025\/03\/s1-img-3.webp\" alt=\"s1-img-3.webp\" \/><\/figure><\/div><div class=\"swiper-slide\" role=\"group\" aria-roledescription=\"slide\" aria-label=\"4 von 4\"><figure class=\"swiper-slide-inner\"><img decoding=\"async\" class=\"swiper-slide-image\" src=\"https:\/\/mpaiers.de\/wp-content\/uploads\/2025\/03\/s1-img-2.webp\" alt=\"s1-img-2.webp\" \/><\/figure><\/div>\t\t\t<\/div>\n\t\t\t\t\t\t\t\t\t\t\t\t<div class=\"elementor-swiper-button elementor-swiper-button-prev\" role=\"button\" tabindex=\"0\">\n\t\t\t\t\t\t<i aria-hidden=\"true\" class=\"eicon-chevron-left\"><\/i>\t\t\t\t\t<\/div>\n\t\t\t\t\t<div class=\"elementor-swiper-button elementor-swiper-button-next\" role=\"button\" tabindex=\"0\">\n\t\t\t\t\t\t<i aria-hidden=\"true\" class=\"eicon-chevron-right\"><\/i>\t\t\t\t\t<\/div>\n\t\t\t\t\n\t\t\t\t\t\t\t\t\t<div class=\"swiper-pagination\"><\/div>\n\t\t\t\t\t\t\t\t\t<\/div>\n\t\t\t\t\t\t<\/div>\n\t\t\t\t<\/div>\n\t\t\t\t\t<\/div>\n\t\t\t\t<\/div>\n\t\t\t\t<\/div>","protected":false},"excerpt":{"rendered":"<p>Die Mission\u00a0 Die entwickelung starke Marken durch strategische Planung, kreatives Design und wirksames Marketing. Die Vision\u00a0 Die Perfekten Partner f\u00fcr Markenentwicklung, Marketingstrategie und Unternehmensberatung in Deutschland werden. Die Werte Die Integrit\u00e4t, Qualit\u00e4t und Innovation pr\u00e4gen jede Markenstrategie und jedes Marketingprojekt. Mpaiers Ihre Experten f\u00fcr Markenentwicklung und Marketingstrategie Mpaiers ist eine Agentur f\u00fcr ganzheitliche Markenentwicklung, strategisches [&hellip;]<\/p>","protected":false},"author":1,"featured_media":0,"parent":0,"menu_order":0,"comment_status":"closed","ping_status":"closed","template":"elementor_header_footer","meta":{"om_disable_all_campaigns":false,"_monsterinsights_skip_tracking":false,"_monsterinsights_sitenote_active":false,"_monsterinsights_sitenote_note":"","_monsterinsights_sitenote_category":0,"footnotes":""},"class_list":["post-5674","page","type-page","status-publish","hentry"],"aioseo_notices":[],"_links":{"self":[{"href":"https:\/\/mpaiers.de\/tr\/wp-json\/wp\/v2\/pages\/5674","targetHints":{"allow":["GET"]}}],"collection":[{"href":"https:\/\/mpaiers.de\/tr\/wp-json\/wp\/v2\/pages"}],"about":[{"href":"https:\/\/mpaiers.de\/tr\/wp-json\/wp\/v2\/types\/page"}],"author":[{"embeddable":true,"href":"https:\/\/mpaiers.de\/tr\/wp-json\/wp\/v2\/users\/1"}],"replies":[{"embeddable":true,"href":"https:\/\/mpaiers.de\/tr\/wp-json\/wp\/v2\/comments?post=5674"}],"version-history":[{"count":0,"href":"https:\/\/mpaiers.de\/tr\/wp-json\/wp\/v2\/pages\/5674\/revisions"}],"wp:attachment":[{"href":"https:\/\/mpaiers.de\/tr\/wp-json\/wp\/v2\/media?parent=5674"}],"curies":[{"name":"wp","href":"https:\/\/api.w.org\/{rel}","templated":true}]}}