{"id":16488,"date":"2025-05-14T08:35:12","date_gmt":"2025-05-14T08:35:12","guid":{"rendered":"https:\/\/mpaiers.de\/?page_id=16488"},"modified":"2025-07-26T10:22:41","modified_gmt":"2025-07-26T10:22:41","slug":"unterstutzung-bei-der-internationalisierung","status":"publish","type":"page","link":"https:\/\/mpaiers.de\/tr\/voranbringen\/unterstutzung-bei-der-internationalisierung\/","title":{"rendered":"Uluslararas\u0131la\u015fmaya destek"},"content":{"rendered":"<div data-elementor-type=\"wp-page\" data-elementor-id=\"16488\" class=\"elementor elementor-16488\" data-elementor-post-type=\"page\">\n\t\t\t\t<div class=\"elementor-element elementor-element-5e1ba47 e-con-full e-flex e-con e-parent\" data-id=\"5e1ba47\" data-element_type=\"container\" data-e-type=\"container\">\n\t\t\t\t<div class=\"elementor-element elementor-element-4efc2b7 elementor-widget elementor-widget-go-s-heading\" data-id=\"4efc2b7\" data-element_type=\"widget\" data-e-type=\"widget\" data-widget_type=\"go-s-heading.default\">\n\t\t\t\t<div class=\"elementor-widget-container\">\n\t\t\t\t\t<div class=\"agn-faqs-2-sec-title prthalign\">\n        <h1 class=\"elementor-gt-heading agn-sec-title-2 agn-split-3 wa-fix\">Uluslararas\u0131la\u015fmaya destek<br \/>\n<\/h1><\/div>\t\t\t\t<\/div>\n\t\t\t\t<\/div>\n\t\t\t\t<\/div>\n\t\t<div class=\"elementor-element elementor-element-8fb2e99 e-flex e-con-boxed e-con e-parent\" data-id=\"8fb2e99\" data-element_type=\"container\" data-e-type=\"container\">\n\t\t\t\t\t<div class=\"e-con-inner\">\n\t\t<div class=\"elementor-element elementor-element-c52b308 e-con-full e-flex e-con e-child\" data-id=\"c52b308\" data-element_type=\"container\" data-e-type=\"container\">\n\t\t\t\t<div class=\"elementor-element elementor-element-8dae3b8 elementor-widget elementor-widget-text-editor\" data-id=\"8dae3b8\" data-element_type=\"widget\" data-e-type=\"widget\" data-widget_type=\"text-editor.default\">\n\t\t\t\t<div class=\"elementor-widget-container\">\n\t\t\t\t\t\t\t\t\t<p><strong data-start=\"653\" data-end=\"691\">Pazar analizi ve hedef b\u00f6lge de\u011ferlendirmesi:<\/strong><\/p>\t\t\t\t\t\t\t\t<\/div>\n\t\t\t\t<\/div>\n\t\t\t\t<\/div>\n\t\t<div class=\"elementor-element elementor-element-8d75e18 e-con-full e-flex e-con e-child\" data-id=\"8d75e18\" data-element_type=\"container\" data-e-type=\"container\">\n\t\t\t\t<div class=\"elementor-element elementor-element-dd627db elementor-widget elementor-widget-text-editor\" data-id=\"dd627db\" data-element_type=\"widget\" data-e-type=\"widget\" data-widget_type=\"text-editor.default\">\n\t\t\t\t<div class=\"elementor-widget-container\">\n\t\t\t\t\t\t\t\t\t<p><strong data-start=\"842\" data-end=\"889\">Marka ve ileti\u015fimin uluslararas\u0131 pazarlara uyarlanmas\u0131:<\/strong><\/p>\t\t\t\t\t\t\t\t<\/div>\n\t\t\t\t<\/div>\n\t\t\t\t<\/div>\n\t\t<div class=\"elementor-element elementor-element-4bfeba0 e-con-full e-flex e-con e-child\" data-id=\"4bfeba0\" data-element_type=\"container\" data-e-type=\"container\">\n\t\t\t\t<div class=\"elementor-element elementor-element-159f1d2 elementor-widget elementor-widget-text-editor\" data-id=\"159f1d2\" data-element_type=\"widget\" data-e-type=\"widget\" data-widget_type=\"text-editor.default\">\n\t\t\t\t<div class=\"elementor-widget-container\">\n\t\t\t\t\t\t\t\t\t<p><strong data-start=\"842\" data-end=\"889\">Da\u011f\u0131t\u0131m yap\u0131lar\u0131n\u0131n in\u015fas\u0131 ve uluslararas\u0131 i\u015fbirlikleri:<\/strong><\/p>\t\t\t\t\t\t\t\t<\/div>\n\t\t\t\t<\/div>\n\t\t\t\t<\/div>\n\t\t<div class=\"elementor-element elementor-element-82ecd1a e-con-full e-flex e-con e-child\" data-id=\"82ecd1a\" data-element_type=\"container\" data-e-type=\"container\">\n\t\t\t\t<div class=\"elementor-element elementor-element-ba5225c elementor-widget elementor-widget-text-editor\" data-id=\"ba5225c\" data-element_type=\"widget\" data-e-type=\"widget\" data-widget_type=\"text-editor.default\">\n\t\t\t\t<div class=\"elementor-widget-container\">\n\t\t\t\t\t\t\t\t\t<p><strong data-start=\"1018\" data-end=\"1058\">Hukuki, mali ve operasyonel konularda destek:<\/strong><\/p>\t\t\t\t\t\t\t\t<\/div>\n\t\t\t\t<\/div>\n\t\t\t\t<\/div>\n\t\t\t\t\t<\/div>\n\t\t\t\t<\/div>\n\t\t<div class=\"elementor-element elementor-element-c302b65 e-flex e-con-boxed e-con e-parent\" data-id=\"c302b65\" data-element_type=\"container\" data-e-type=\"container\">\n\t\t\t\t\t<div class=\"e-con-inner\">\n\t\t<div class=\"elementor-element elementor-element-542ef78 e-con-full e-flex e-con e-child\" data-id=\"542ef78\" data-element_type=\"container\" data-e-type=\"container\" data-settings=\"{&quot;background_background&quot;:&quot;classic&quot;}\">\n\t\t\t\t<div class=\"elementor-element elementor-element-59c26d9 elementor-widget elementor-widget-image\" data-id=\"59c26d9\" data-element_type=\"widget\" data-e-type=\"widget\" data-widget_type=\"image.default\">\n\t\t\t\t<div class=\"elementor-widget-container\">\n\t\t\t\t\t\t\t\t\t\t\t\t\t\t\t<img fetchpriority=\"high\" decoding=\"async\" width=\"840\" height=\"1095\" src=\"https:\/\/mpaiers.de\/wp-content\/uploads\/2025\/05\/Globalization-support-e1753262141487.jpg\" class=\"attachment-full size-full wp-image-16490\" alt=\"\" srcset=\"https:\/\/mpaiers.de\/wp-content\/uploads\/2025\/05\/Globalization-support-e1753262141487.jpg 840w, https:\/\/mpaiers.de\/wp-content\/uploads\/2025\/05\/Globalization-support-e1753262141487-230x300.avif 230w, https:\/\/mpaiers.de\/wp-content\/uploads\/2025\/05\/Globalization-support-e1753262141487-768x1001.avif 768w, https:\/\/mpaiers.de\/wp-content\/uploads\/2025\/05\/Globalization-support-e1753262141487-786x1024.avif 786w, https:\/\/mpaiers.de\/wp-content\/uploads\/2025\/05\/Globalization-support-e1753262141487-9x12.avif 9w\" sizes=\"(max-width: 840px) 100vw, 840px\" \/>\t\t\t\t\t\t\t\t\t\t\t\t\t\t\t<\/div>\n\t\t\t\t<\/div>\n\t\t\t\t<\/div>\n\t\t<div class=\"elementor-element elementor-element-65a3ead e-con-full e-flex e-con e-child\" data-id=\"65a3ead\" data-element_type=\"container\" data-e-type=\"container\">\n\t\t\t\t<div class=\"elementor-element elementor-element-4cf32ce elementor-widget elementor-widget-text-editor\" data-id=\"4cf32ce\" data-element_type=\"widget\" data-e-type=\"widget\" data-widget_type=\"text-editor.default\">\n\t\t\t\t<div class=\"elementor-widget-container\">\n\t\t\t\t\t\t\t\t\t<p>Uluslararas\u0131la\u015fma Bilinmeyene bir s\u0131\u00e7rama de\u011fil, planl\u0131 bir ad\u0131md\u0131r. Yeni pazarlara giren herkes, bilmeniz, uyarlaman\u0131z ve yap\u0131land\u0131rman\u0131z gerekir. Sizi anlayan di\u011fer diller, di\u011fer al\u0131\u015fkanl\u0131klar, oyunun di\u011fer kurallar\u0131, ger\u00e7ek bir b\u00fcy\u00fcme hamlesi yapma \u015fans\u0131na sahiptir. Seni g\u00f6rmezden gelen, \u00e7ok \u015fey riske at\u0131yor. \u00d6nemli olan haz\u0131rl\u0131k, h\u0131z de\u011fil.<\/p><p><strong>Pazara giri\u015finiz i\u00e7in uygulamam\u0131z<\/strong><\/p><p><strong>Pazar analizi ve destinasyon de\u011ferlendirmesi<\/strong><br \/>Hangi pazarlar\u0131n \u00fcr\u00fcn\u00fcn\u00fcze, hizmetinize ve yap\u0131n\u0131za uyum sa\u011flad\u0131\u011f\u0131n\u0131 inceleyece\u011fiz. K\u00f6r de\u011fil, veri se\u00e7imine ve potansiyelin ger\u00e7ek\u00e7i de\u011ferlendirmesine dayan\u0131yor.<\/p><p><strong>Marka ve ileti\u015fimin d\u0131\u015f pazarlara uyarlanmas\u0131<\/strong><br \/>Onlar\u0131n g\u00f6r\u00fcn\u00fc\u015flerini, dillerini ve hedef pazar\u0131n k\u00fclt\u00fcrel, dilsel ve medya gereksinimlerine ili\u015fkin mesajlar\u0131n\u0131 uyarl\u0131yoruz. \u0130ddiadan, d\u00fc\u015f\u00fcnceli ve etkili bir \u015fekilde renk se\u00e7imine kadar.<\/p><p><strong>Da\u011f\u0131t\u0131m yap\u0131lar\u0131n\u0131n in\u015fas\u0131 ve uluslararas\u0131 i\u015fbirli\u011fi<\/strong><br \/>Uygun pazara giri\u015f stratejileri geli\u015ftiriyoruz. Do\u011frudan sat\u0131\u015flar, ortaklar, a\u011f veya dijital varl\u0131k varsa, yerinde etki geli\u015ftirmenizi sa\u011flar\u0131z.<\/p><p><strong>Hukuki, mali ve operasyonel konularda destek<\/strong><br \/>Neyin gerekli oldu\u011funu a\u00e7\u0131kl\u0131\u011fa kavu\u015fturuyoruz.<\/p><p>Tedarik zincirlerinden onaylara kadar vergi meselesine kadar toplum bi\u00e7iminin. Sertifikal\u0131 i\u015f ortaklar\u0131, g\u00fcvenilir ileti\u015fim ve dayan\u0131kl\u0131l\u0131k Uzmanl\u0131\u011f\u0131 ile.<\/p><p><strong>Yerelde b\u00fcy\u00fcmek i\u00e7in uluslararas\u0131 ara\u00e7lar<\/strong><\/p><p>\u0130\u00e7 pazardaki kopyalar gibi yeni pazarlar\u0131 ele alm\u0131yoruz. Maddeli bir G\u00f6steri olmadan ad\u0131m ad\u0131m analiz eder, terc\u00fcme eder, organize eder ve e\u015flik ederiz. Eylem yok, planl\u0131 bir birikim. Yurtd\u0131\u015f\u0131nda bizimle kim var, haz\u0131rl\u0131k ve \u00e7antada ger\u00e7ek\u00e7i bir planla.<\/p>\t\t\t\t\t\t\t\t<\/div>\n\t\t\t\t<\/div>\n\t\t\t\t<\/div>\n\t\t\t\t\t<\/div>\n\t\t\t\t<\/div>\n\t\t<div class=\"elementor-element elementor-element-a838039 e-flex e-con-boxed e-con e-parent\" data-id=\"a838039\" data-element_type=\"container\" data-e-type=\"container\">\n\t\t\t\t\t<div class=\"e-con-inner\">\n\t\t\t\t<div class=\"elementor-element elementor-element-5194d5a elementor-arrows-position-inside elementor-pagination-position-outside elementor-widget elementor-widget-image-carousel\" data-id=\"5194d5a\" data-element_type=\"widget\" data-e-type=\"widget\" data-settings=\"{&quot;slides_to_show&quot;:&quot;4&quot;,&quot;slides_to_show_mobile&quot;:&quot;2&quot;,&quot;navigation&quot;:&quot;both&quot;,&quot;autoplay&quot;:&quot;yes&quot;,&quot;pause_on_hover&quot;:&quot;yes&quot;,&quot;pause_on_interaction&quot;:&quot;yes&quot;,&quot;autoplay_speed&quot;:5000,&quot;infinite&quot;:&quot;yes&quot;,&quot;speed&quot;:500}\" data-widget_type=\"image-carousel.default\">\n\t\t\t\t<div class=\"elementor-widget-container\">\n\t\t\t\t\t\t\t<div class=\"elementor-image-carousel-wrapper swiper\" role=\"region\" aria-roledescription=\"carousel\" aria-label=\"Resim D\u00f6ng\u00fcs\u00fc\" dir=\"ltr\">\n\t\t\t<div class=\"elementor-image-carousel swiper-wrapper\" aria-live=\"off\">\n\t\t\t\t\t\t\t\t<div class=\"swiper-slide\" role=\"group\" aria-roledescription=\"slide\" aria-label=\"1 von 4\"><figure class=\"swiper-slide-inner\"><img decoding=\"async\" class=\"swiper-slide-image\" src=\"https:\/\/mpaiers.de\/wp-content\/uploads\/2025\/03\/s1-img-5.webp\" alt=\"s1-img-5.webp\" \/><\/figure><\/div><div class=\"swiper-slide\" role=\"group\" aria-roledescription=\"slide\" aria-label=\"2 von 4\"><figure class=\"swiper-slide-inner\"><img decoding=\"async\" class=\"swiper-slide-image\" src=\"https:\/\/mpaiers.de\/wp-content\/uploads\/2025\/03\/s1-img-4.webp\" alt=\"s1-img-4.webp\" \/><\/figure><\/div><div class=\"swiper-slide\" role=\"group\" aria-roledescription=\"slide\" aria-label=\"3 von 4\"><figure class=\"swiper-slide-inner\"><img decoding=\"async\" class=\"swiper-slide-image\" src=\"https:\/\/mpaiers.de\/wp-content\/uploads\/2025\/03\/s1-img-3.webp\" alt=\"s1-img-3.webp\" \/><\/figure><\/div><div class=\"swiper-slide\" role=\"group\" aria-roledescription=\"slide\" aria-label=\"4 von 4\"><figure class=\"swiper-slide-inner\"><img decoding=\"async\" class=\"swiper-slide-image\" src=\"https:\/\/mpaiers.de\/wp-content\/uploads\/2025\/03\/s1-img-2.webp\" alt=\"s1-img-2.webp\" \/><\/figure><\/div>\t\t\t<\/div>\n\t\t\t\t\t\t\t\t\t\t\t\t<div class=\"elementor-swiper-button elementor-swiper-button-prev\" role=\"button\" tabindex=\"0\">\n\t\t\t\t\t\t<i aria-hidden=\"true\" class=\"eicon-chevron-left\"><\/i>\t\t\t\t\t<\/div>\n\t\t\t\t\t<div class=\"elementor-swiper-button elementor-swiper-button-next\" role=\"button\" tabindex=\"0\">\n\t\t\t\t\t\t<i aria-hidden=\"true\" class=\"eicon-chevron-right\"><\/i>\t\t\t\t\t<\/div>\n\t\t\t\t\n\t\t\t\t\t\t\t\t\t<div class=\"swiper-pagination\"><\/div>\n\t\t\t\t\t\t\t\t\t<\/div>\n\t\t\t\t\t\t<\/div>\n\t\t\t\t<\/div>\n\t\t\t\t\t<\/div>\n\t\t\t\t<\/div>\n\t\t\t\t<\/div>","protected":false},"excerpt":{"rendered":"<p>Unterst\u00fctzung bei der Internationalisierung Marktanalyse und Zielregionenbewertung: Anpassung von Marke und Kommunikation f\u00fcr Auslandsm\u00e4rkte: Aufbau von Vertriebsstrukturen und internationalen Kooperationen: Begleitung bei rechtlichen, steuerlichen und operativen Fragen: Internationalisierung ist kein Sprung ins Ungewisse, sondern ein geplanter Schritt. Wer neue M\u00e4rkte betritt, braucht Wissen, Anpassung und Struktur. Andere Sprachen, andere Gewohnheiten, andere Spielregeln, wer sie versteht, [&hellip;]<\/p>","protected":false},"author":1,"featured_media":0,"parent":16262,"menu_order":0,"comment_status":"closed","ping_status":"closed","template":"","meta":{"om_disable_all_campaigns":false,"_monsterinsights_skip_tracking":false,"_monsterinsights_sitenote_active":false,"_monsterinsights_sitenote_note":"","_monsterinsights_sitenote_category":0,"footnotes":""},"class_list":["post-16488","page","type-page","status-publish","hentry"],"aioseo_notices":[],"_links":{"self":[{"href":"https:\/\/mpaiers.de\/tr\/wp-json\/wp\/v2\/pages\/16488","targetHints":{"allow":["GET"]}}],"collection":[{"href":"https:\/\/mpaiers.de\/tr\/wp-json\/wp\/v2\/pages"}],"about":[{"href":"https:\/\/mpaiers.de\/tr\/wp-json\/wp\/v2\/types\/page"}],"author":[{"embeddable":true,"href":"https:\/\/mpaiers.de\/tr\/wp-json\/wp\/v2\/users\/1"}],"replies":[{"embeddable":true,"href":"https:\/\/mpaiers.de\/tr\/wp-json\/wp\/v2\/comments?post=16488"}],"version-history":[{"count":0,"href":"https:\/\/mpaiers.de\/tr\/wp-json\/wp\/v2\/pages\/16488\/revisions"}],"up":[{"embeddable":true,"href":"https:\/\/mpaiers.de\/tr\/wp-json\/wp\/v2\/pages\/16262"}],"wp:attachment":[{"href":"https:\/\/mpaiers.de\/tr\/wp-json\/wp\/v2\/media?parent=16488"}],"curies":[{"name":"wp","href":"https:\/\/api.w.org\/{rel}","templated":true}]}}