{"id":16482,"date":"2025-05-14T08:31:19","date_gmt":"2025-05-14T08:31:19","guid":{"rendered":"https:\/\/mpaiers.de\/?page_id=16482"},"modified":"2025-07-26T10:23:39","modified_gmt":"2025-07-26T10:23:39","slug":"zugang-zu-investoren-und-kooperationspartnern","status":"publish","type":"page","link":"https:\/\/mpaiers.de\/tr\/voranbringen\/zugang-zu-investoren-und-kooperationspartnern\/","title":{"rendered":"Yat\u0131r\u0131mc\u0131lara ve i\u015fbirli\u011fi ortaklar\u0131na eri\u015fim"},"content":{"rendered":"<div data-elementor-type=\"wp-page\" data-elementor-id=\"16482\" class=\"elementor elementor-16482\" data-elementor-post-type=\"page\">\n\t\t\t\t<div class=\"elementor-element elementor-element-3d9756f e-con-full e-flex e-con e-parent\" data-id=\"3d9756f\" data-element_type=\"container\" data-e-type=\"container\">\n\t\t\t\t<div class=\"elementor-element elementor-element-61dc715 elementor-widget elementor-widget-go-s-heading\" data-id=\"61dc715\" data-element_type=\"widget\" data-e-type=\"widget\" data-widget_type=\"go-s-heading.default\">\n\t\t\t\t<div class=\"elementor-widget-container\">\n\t\t\t\t\t<div class=\"agn-faqs-2-sec-title prthalign\">\n        <h1 class=\"elementor-gt-heading agn-sec-title-2 agn-split-3 wa-fix\">Yat\u0131r\u0131mc\u0131lara ve i\u015fbirli\u011fi ortaklar\u0131na eri\u015fim<\/h1><\/div>\t\t\t\t<\/div>\n\t\t\t\t<\/div>\n\t\t\t\t<\/div>\n\t\t<div class=\"elementor-element elementor-element-7b1fe22 e-flex e-con-boxed e-con e-parent\" data-id=\"7b1fe22\" data-element_type=\"container\" data-e-type=\"container\">\n\t\t\t\t\t<div class=\"e-con-inner\">\n\t\t<div class=\"elementor-element elementor-element-bdcd8f9 e-con-full e-flex e-con e-child\" data-id=\"bdcd8f9\" data-element_type=\"container\" data-e-type=\"container\">\n\t\t\t\t<div class=\"elementor-element elementor-element-53eff32 elementor-widget elementor-widget-text-editor\" data-id=\"53eff32\" data-element_type=\"widget\" data-e-type=\"widget\" data-widget_type=\"text-editor.default\">\n\t\t\t\t<div class=\"elementor-widget-container\">\n\t\t\t\t\t\t\t\t\t<p><strong data-start=\"576\" data-end=\"614\">Uygun yat\u0131r\u0131mc\u0131 ve stratejik ortaklar\u0131n belirlenmesi:<\/strong><\/p>\t\t\t\t\t\t\t\t<\/div>\n\t\t\t\t<\/div>\n\t\t\t\t<\/div>\n\t\t<div class=\"elementor-element elementor-element-eb62f20 e-con-full e-flex e-con e-child\" data-id=\"eb62f20\" data-element_type=\"container\" data-e-type=\"container\">\n\t\t\t\t<div class=\"elementor-element elementor-element-97b8505 elementor-widget elementor-widget-text-editor\" data-id=\"97b8505\" data-element_type=\"widget\" data-e-type=\"widget\" data-widget_type=\"text-editor.default\">\n\t\t\t\t<div class=\"elementor-widget-container\">\n\t\t\t\t\t\t\t\t\t<p><strong data-start=\"782\" data-end=\"825\">\u0130\u015f modellerinin ve saha belgelerinin haz\u0131rlanmas\u0131:<\/strong><\/p>\t\t\t\t\t\t\t\t<\/div>\n\t\t\t\t<\/div>\n\t\t\t\t<\/div>\n\t\t<div class=\"elementor-element elementor-element-b594f06 e-con-full e-flex e-con e-child\" data-id=\"b594f06\" data-element_type=\"container\" data-e-type=\"container\">\n\t\t\t\t<div class=\"elementor-element elementor-element-b614c86 elementor-widget elementor-widget-text-editor\" data-id=\"b614c86\" data-element_type=\"widget\" data-e-type=\"widget\" data-widget_type=\"text-editor.default\">\n\t\t\t\t<div class=\"elementor-widget-container\">\n\t\t\t\t\t\t\t\t\t<p><strong data-start=\"782\" data-end=\"825\">\u0130lgili a\u011flara ve yat\u0131r\u0131mc\u0131 gruplar\u0131na giri\u015f:<\/strong><\/p>\t\t\t\t\t\t\t\t<\/div>\n\t\t\t\t<\/div>\n\t\t\t\t<\/div>\n\t\t<div class=\"elementor-element elementor-element-a55ae5b e-con-full e-flex e-con e-child\" data-id=\"a55ae5b\" data-element_type=\"container\" data-e-type=\"container\">\n\t\t\t\t<div class=\"elementor-element elementor-element-c8f069f elementor-widget elementor-widget-text-editor\" data-id=\"c8f069f\" data-element_type=\"widget\" data-e-type=\"widget\" data-widget_type=\"text-editor.default\">\n\t\t\t\t<div class=\"elementor-widget-container\">\n\t\t\t\t\t\t\t\t\t<p><strong data-start=\"981\" data-end=\"1018\">M\u00fczakere deste\u011fi ve ortakl\u0131k yap\u0131land\u0131rmas\u0131:<\/strong><\/p>\t\t\t\t\t\t\t\t<\/div>\n\t\t\t\t<\/div>\n\t\t\t\t<\/div>\n\t\t\t\t\t<\/div>\n\t\t\t\t<\/div>\n\t\t<div class=\"elementor-element elementor-element-e2eb1fe e-flex e-con-boxed e-con e-parent\" data-id=\"e2eb1fe\" data-element_type=\"container\" data-e-type=\"container\">\n\t\t\t\t\t<div class=\"e-con-inner\">\n\t\t<div class=\"elementor-element elementor-element-ffa89f8 e-con-full e-flex e-con e-child\" data-id=\"ffa89f8\" data-element_type=\"container\" data-e-type=\"container\" data-settings=\"{&quot;background_background&quot;:&quot;classic&quot;}\">\n\t\t\t\t<div class=\"elementor-element elementor-element-35ac825 elementor-widget elementor-widget-image\" data-id=\"35ac825\" data-element_type=\"widget\" data-e-type=\"widget\" data-widget_type=\"image.default\">\n\t\t\t\t<div class=\"elementor-widget-container\">\n\t\t\t\t\t\t\t\t\t\t\t\t\t\t\t<img fetchpriority=\"high\" decoding=\"async\" width=\"1437\" height=\"1500\" src=\"https:\/\/mpaiers.de\/wp-content\/uploads\/2025\/05\/Local-and-foreign-investors-stakeholders.jpg\" class=\"attachment-full size-full wp-image-16484\" alt=\"\" srcset=\"https:\/\/mpaiers.de\/wp-content\/uploads\/2025\/05\/Local-and-foreign-investors-stakeholders.jpg 1437w, https:\/\/mpaiers.de\/wp-content\/uploads\/2025\/05\/Local-and-foreign-investors-stakeholders-600x626.jpg 600w, https:\/\/mpaiers.de\/wp-content\/uploads\/2025\/05\/Local-and-foreign-investors-stakeholders-287x300.jpg 287w, https:\/\/mpaiers.de\/wp-content\/uploads\/2025\/05\/Local-and-foreign-investors-stakeholders-981x1024.jpg 981w, https:\/\/mpaiers.de\/wp-content\/uploads\/2025\/05\/Local-and-foreign-investors-stakeholders-768x802.jpg 768w\" sizes=\"(max-width: 1437px) 100vw, 1437px\" \/>\t\t\t\t\t\t\t\t\t\t\t\t\t\t\t<\/div>\n\t\t\t\t<\/div>\n\t\t\t\t<\/div>\n\t\t<div class=\"elementor-element elementor-element-701def7 e-con-full e-flex e-con e-child\" data-id=\"701def7\" data-element_type=\"container\" data-e-type=\"container\">\n\t\t\t\t<div class=\"elementor-element elementor-element-ee12115 elementor-widget elementor-widget-text-editor\" data-id=\"ee12115\" data-element_type=\"widget\" data-e-type=\"widget\" data-widget_type=\"text-editor.default\">\n\t\t\t\t<div class=\"elementor-widget-container\">\n\t\t\t\t\t\t\t\t\t<p>\u0130yi fikirler piyasada de\u011fil, genellikle giri\u015fte ba\u015far\u0131s\u0131z olur. Potansiyel ger\u00e7ek geli\u015fmeyi sa\u011flamak i\u00e7in sermaye ve stratejik ortaklar kald\u0131ra\u00e7t\u0131r. Ama nerede ve nas\u0131l kulland\u0131\u011f\u0131n\u0131 bilmeyenler g\u00f6r\u00fcnmez kal\u0131r. Yat\u0131r\u0131mc\u0131lar a\u00e7\u0131kl\u0131k bekler, ortakl\u0131klar\u0131n yap\u0131ya ihtiyac\u0131 vard\u0131r. Bu d\u00fcnyay\u0131 anlayan herkes kap\u0131lar\u0131n\u0131 a\u00e7ar. Bunu g\u00f6rmezden gelenler, d\u0131\u015far\u0131da kal\u0131r.<\/p><p><strong>Eri\u015fiminiz i\u00e7in uygulamam\u0131z<\/strong><\/p><p><strong>Uygun yat\u0131r\u0131mc\u0131 ve stratejik ortaklar\u0131n belirlenmesi<\/strong><br \/>Sekt\u00f6r\u00fcn\u00fcz\u00fc, projenizi ve b\u00fcy\u00fcme hedeflerinizi analiz ediyoruz. Bundan, potansiyel yat\u0131r\u0131mc\u0131lar\u0131n veya ortaklar\u0131n hedefli Profillerini geli\u015ftiriyoruz, da\u011f\u0131n\u0131k silah yakla\u015f\u0131m\u0131 de\u011fil, Plana g\u00f6re se\u00e7im yap\u0131yoruz.<\/p><p><strong>\u0130\u015f modellerinin ve saha belgelerinin haz\u0131rlanmas\u0131<\/strong><br \/>Fikirlerinizi anla\u015f\u0131labilecek bir forma getiriyoruz. \u0130\u015f planlar\u0131, saha desteleri, finansal planlar, hedef kitleye ve konu\u015fma orta\u011f\u0131na profesyonelce tasarlanm\u0131\u015f ve uyarlanm\u0131\u015f her \u015fey.<\/p><p><strong>\u0130lgili a\u011flara ve yat\u0131r\u0131mc\u0131 gruplar\u0131na giri\u015f<\/strong><br \/>A\u011f\u0131m\u0131z arac\u0131l\u0131\u011f\u0131yla ba\u011f\u0131\u015f\u00e7\u0131lara sermaye, karar vericiler ve potansiyel ortaklarla do\u011frudan temas sa\u011fl\u0131yoruz. Sizi bir yere getiriyoruz, ama tam olarak stratejik anlamda oldu\u011fu yere.<\/p><p><strong>M\u00fczakere deste\u011fi ve ortakl\u0131k yap\u0131land\u0131rmas\u0131<\/strong><br \/>Toplant\u0131larda size e\u015flik edecek, beklentileri netle\u015ftirecek, senaryolara haz\u0131rlanacak ve s\u00fcrd\u00fcr\u00fclebilir ortakl\u0131klar kurulmas\u0131na yard\u0131mc\u0131 olaca\u011f\u0131z. \u0130lk temastan perspektif ve netlik duygusuyla s\u00f6zle\u015fmeye kadar.<\/p><p><strong>Eri\u015fim haz\u0131rl\u0131\u011fa ikna olmaya karar verir<\/strong><\/p><p>Belli de\u011filse, sizi davet edilmedi\u011finiz odalara getiriyoruz. \u00c7al\u0131\u015fmalar\u0131m\u0131z ilk konu\u015fmadan \u00f6nce ba\u015fl\u0131yor.<\/p><p>Yap\u0131, odaklanma ve g\u00fc\u00e7 ile.<\/p><p>Bizimle birlikte olan ki\u015fi haz\u0131r. Ciddiye al\u0131nmaya haz\u0131r olan. Ve kim ciddiye al\u0131n\u0131r, g\u00f6zlerin y\u00fcksekli\u011finde m\u00fczakere edilir.<\/p>\t\t\t\t\t\t\t\t<\/div>\n\t\t\t\t<\/div>\n\t\t\t\t<\/div>\n\t\t\t\t\t<\/div>\n\t\t\t\t<\/div>\n\t\t<div class=\"elementor-element elementor-element-044e190 e-flex e-con-boxed e-con e-parent\" data-id=\"044e190\" data-element_type=\"container\" data-e-type=\"container\">\n\t\t\t\t\t<div class=\"e-con-inner\">\n\t\t\t\t<div class=\"elementor-element elementor-element-ff35292 elementor-arrows-position-inside elementor-pagination-position-outside elementor-widget elementor-widget-image-carousel\" data-id=\"ff35292\" data-element_type=\"widget\" data-e-type=\"widget\" data-settings=\"{&quot;slides_to_show&quot;:&quot;4&quot;,&quot;slides_to_show_mobile&quot;:&quot;2&quot;,&quot;navigation&quot;:&quot;both&quot;,&quot;autoplay&quot;:&quot;yes&quot;,&quot;pause_on_hover&quot;:&quot;yes&quot;,&quot;pause_on_interaction&quot;:&quot;yes&quot;,&quot;autoplay_speed&quot;:5000,&quot;infinite&quot;:&quot;yes&quot;,&quot;speed&quot;:500}\" data-widget_type=\"image-carousel.default\">\n\t\t\t\t<div class=\"elementor-widget-container\">\n\t\t\t\t\t\t\t<div class=\"elementor-image-carousel-wrapper swiper\" role=\"region\" aria-roledescription=\"carousel\" aria-label=\"Resim D\u00f6ng\u00fcs\u00fc\" dir=\"ltr\">\n\t\t\t<div class=\"elementor-image-carousel swiper-wrapper\" aria-live=\"off\">\n\t\t\t\t\t\t\t\t<div class=\"swiper-slide\" role=\"group\" aria-roledescription=\"slide\" aria-label=\"1 \/ 4\" data-no-translation-aria-label=\"\"><figure class=\"swiper-slide-inner\"><img decoding=\"async\" class=\"swiper-slide-image\" src=\"https:\/\/mpaiers.de\/wp-content\/uploads\/2025\/03\/s1-img-5.webp\" alt=\"s1-img-5.webp\" \/><\/figure><\/div><div class=\"swiper-slide\" role=\"group\" aria-roledescription=\"slide\" aria-label=\"2 \/ 4\" data-no-translation-aria-label=\"\"><figure class=\"swiper-slide-inner\"><img decoding=\"async\" class=\"swiper-slide-image\" src=\"https:\/\/mpaiers.de\/wp-content\/uploads\/2025\/03\/s1-img-4.webp\" alt=\"s1-img-4.webp\" \/><\/figure><\/div><div class=\"swiper-slide\" role=\"group\" aria-roledescription=\"slide\" aria-label=\"3 \/ 4\" data-no-translation-aria-label=\"\"><figure class=\"swiper-slide-inner\"><img decoding=\"async\" class=\"swiper-slide-image\" src=\"https:\/\/mpaiers.de\/wp-content\/uploads\/2025\/03\/s1-img-3.webp\" alt=\"s1-img-3.webp\" \/><\/figure><\/div><div class=\"swiper-slide\" role=\"group\" aria-roledescription=\"slide\" aria-label=\"4 \/ 4\" data-no-translation-aria-label=\"\"><figure class=\"swiper-slide-inner\"><img decoding=\"async\" class=\"swiper-slide-image\" src=\"https:\/\/mpaiers.de\/wp-content\/uploads\/2025\/03\/s1-img-2.webp\" alt=\"s1-img-2.webp\" \/><\/figure><\/div>\t\t\t<\/div>\n\t\t\t\t\t\t\t\t\t\t\t\t<div class=\"elementor-swiper-button elementor-swiper-button-prev\" role=\"button\" tabindex=\"0\">\n\t\t\t\t\t\t<i aria-hidden=\"true\" class=\"eicon-chevron-left\"><\/i>\t\t\t\t\t<\/div>\n\t\t\t\t\t<div class=\"elementor-swiper-button elementor-swiper-button-next\" role=\"button\" tabindex=\"0\">\n\t\t\t\t\t\t<i aria-hidden=\"true\" class=\"eicon-chevron-right\"><\/i>\t\t\t\t\t<\/div>\n\t\t\t\t\n\t\t\t\t\t\t\t\t\t<div class=\"swiper-pagination\"><\/div>\n\t\t\t\t\t\t\t\t\t<\/div>\n\t\t\t\t\t\t<\/div>\n\t\t\t\t<\/div>\n\t\t\t\t\t<\/div>\n\t\t\t\t<\/div>\n\t\t\t\t<\/div>","protected":false},"excerpt":{"rendered":"<p>Zugang zu Investoren und Kooperationspartnern Identifikation geeigneter Kapitalgeber und strategischer Partner: Aufbereitung von Gesch\u00e4ftsmodellen und Pitchunterlagen: Einf\u00fchrung in relevante Netzwerke und Investorengruppen: Verhandlungsbegleitung und Partnerschaftsstrukturierung: Gute Ideen scheitern nicht am Markt, sondern oft am Zugang. Kapital und strategische Partner sind der Hebel, um aus Potenzial echte Entwicklung zu machen. Doch wer nicht wei\u00df, wo und [&hellip;]<\/p>","protected":false},"author":1,"featured_media":0,"parent":16262,"menu_order":0,"comment_status":"closed","ping_status":"closed","template":"","meta":{"om_disable_all_campaigns":false,"_monsterinsights_skip_tracking":false,"_monsterinsights_sitenote_active":false,"_monsterinsights_sitenote_note":"","_monsterinsights_sitenote_category":0,"footnotes":""},"class_list":["post-16482","page","type-page","status-publish","hentry"],"aioseo_notices":[],"_links":{"self":[{"href":"https:\/\/mpaiers.de\/tr\/wp-json\/wp\/v2\/pages\/16482","targetHints":{"allow":["GET"]}}],"collection":[{"href":"https:\/\/mpaiers.de\/tr\/wp-json\/wp\/v2\/pages"}],"about":[{"href":"https:\/\/mpaiers.de\/tr\/wp-json\/wp\/v2\/types\/page"}],"author":[{"embeddable":true,"href":"https:\/\/mpaiers.de\/tr\/wp-json\/wp\/v2\/users\/1"}],"replies":[{"embeddable":true,"href":"https:\/\/mpaiers.de\/tr\/wp-json\/wp\/v2\/comments?post=16482"}],"version-history":[{"count":0,"href":"https:\/\/mpaiers.de\/tr\/wp-json\/wp\/v2\/pages\/16482\/revisions"}],"up":[{"embeddable":true,"href":"https:\/\/mpaiers.de\/tr\/wp-json\/wp\/v2\/pages\/16262"}],"wp:attachment":[{"href":"https:\/\/mpaiers.de\/tr\/wp-json\/wp\/v2\/media?parent=16482"}],"curies":[{"name":"wp","href":"https:\/\/api.w.org\/{rel}","templated":true}]}}