{"id":16474,"date":"2025-05-14T08:27:23","date_gmt":"2025-05-14T08:27:23","guid":{"rendered":"https:\/\/mpaiers.de\/?page_id=16474"},"modified":"2025-07-26T10:20:49","modified_gmt":"2025-07-26T10:20:49","slug":"digitale-transformation-und-automatisierung","status":"publish","type":"page","link":"https:\/\/mpaiers.de\/tr\/voranbringen\/digitale-transformation-und-automatisierung\/","title":{"rendered":"Dijital D\u00f6n\u00fc\u015f\u00fcm ve otomasyon"},"content":{"rendered":"<div data-elementor-type=\"wp-page\" data-elementor-id=\"16474\" class=\"elementor elementor-16474\" data-elementor-post-type=\"page\">\n\t\t\t\t<div class=\"elementor-element elementor-element-d041e5a e-con-full e-flex e-con e-parent\" data-id=\"d041e5a\" data-element_type=\"container\" data-e-type=\"container\">\n\t\t\t\t<div class=\"elementor-element elementor-element-f831ead elementor-widget elementor-widget-go-s-heading\" data-id=\"f831ead\" data-element_type=\"widget\" data-e-type=\"widget\" data-widget_type=\"go-s-heading.default\">\n\t\t\t\t<div class=\"elementor-widget-container\">\n\t\t\t\t\t<div class=\"agn-faqs-2-sec-title prthalign\">\n        <h1 class=\"elementor-gt-heading agn-sec-title-2 agn-split-3 wa-fix\">Dijital D\u00f6n\u00fc\u015f\u00fcm ve otomasyon<br \/>\n<\/h1><\/div>\t\t\t\t<\/div>\n\t\t\t\t<\/div>\n\t\t\t\t<\/div>\n\t\t<div class=\"elementor-element elementor-element-cd8c22f e-flex e-con-boxed e-con e-parent\" data-id=\"cd8c22f\" data-element_type=\"container\" data-e-type=\"container\">\n\t\t\t\t\t<div class=\"e-con-inner\">\n\t\t<div class=\"elementor-element elementor-element-cc7c2a9 e-con-full e-flex e-con e-child\" data-id=\"cc7c2a9\" data-element_type=\"container\" data-e-type=\"container\">\n\t\t\t\t<div class=\"elementor-element elementor-element-d269ffa elementor-widget elementor-widget-text-editor\" data-id=\"d269ffa\" data-element_type=\"widget\" data-e-type=\"widget\" data-widget_type=\"text-editor.default\">\n\t\t\t\t<div class=\"elementor-widget-container\">\n\t\t\t\t\t\t\t\t\t<p><strong data-start=\"501\" data-end=\"529\">\u015eirketteki dijital potansiyelin tespiti ve de\u011ferlendirilmesi:<\/strong><\/p>\t\t\t\t\t\t\t\t<\/div>\n\t\t\t\t<\/div>\n\t\t\t\t<\/div>\n\t\t<div class=\"elementor-element elementor-element-19793e0 e-con-full e-flex e-con e-child\" data-id=\"19793e0\" data-element_type=\"container\" data-e-type=\"container\">\n\t\t\t\t<div class=\"elementor-element elementor-element-4431191 elementor-widget elementor-widget-text-editor\" data-id=\"4431191\" data-element_type=\"widget\" data-e-type=\"widget\" data-widget_type=\"text-editor.default\">\n\t\t\t\t<div class=\"elementor-widget-container\">\n\t\t\t\t\t\t\t\t\t<p><strong data-start=\"662\" data-end=\"697\">Dijital s\u00fcre\u00e7lerle i\u00e7 s\u00fcre\u00e7lerin optimizasyonu:<\/strong><\/p>\t\t\t\t\t\t\t\t<\/div>\n\t\t\t\t<\/div>\n\t\t\t\t<\/div>\n\t\t<div class=\"elementor-element elementor-element-c4f1a8c e-con-full e-flex e-con e-child\" data-id=\"c4f1a8c\" data-element_type=\"container\" data-e-type=\"container\">\n\t\t\t\t<div class=\"elementor-element elementor-element-38bb40d elementor-widget elementor-widget-text-editor\" data-id=\"38bb40d\" data-element_type=\"widget\" data-e-type=\"widget\" data-widget_type=\"text-editor.default\">\n\t\t\t\t<div class=\"elementor-widget-container\">\n\t\t\t\t\t\t\t\t\t<p><strong data-start=\"662\" data-end=\"697\">Otomatik sistemlerin ve aray\u00fczlerin tan\u0131t\u0131lmas\u0131:<\/strong><\/p>\t\t\t\t\t\t\t\t<\/div>\n\t\t\t\t<\/div>\n\t\t\t\t<\/div>\n\t\t<div class=\"elementor-element elementor-element-325a9ad e-con-full e-flex e-con e-child\" data-id=\"325a9ad\" data-element_type=\"container\" data-e-type=\"container\">\n\t\t\t\t<div class=\"elementor-element elementor-element-a3867ba elementor-widget elementor-widget-text-editor\" data-id=\"a3867ba\" data-element_type=\"widget\" data-e-type=\"widget\" data-widget_type=\"text-editor.default\">\n\t\t\t\t<div class=\"elementor-widget-container\">\n\t\t\t\t\t\t\t\t\t<p><strong data-start=\"832\" data-end=\"875\">G\u00fcnl\u00fck i\u015flerde e\u011fitim ve entegrasyon:<\/strong><\/p>\t\t\t\t\t\t\t\t<\/div>\n\t\t\t\t<\/div>\n\t\t\t\t<\/div>\n\t\t\t\t\t<\/div>\n\t\t\t\t<\/div>\n\t\t<div class=\"elementor-element elementor-element-49e8fac e-flex e-con-boxed e-con e-parent\" data-id=\"49e8fac\" data-element_type=\"container\" data-e-type=\"container\">\n\t\t\t\t\t<div class=\"e-con-inner\">\n\t\t<div class=\"elementor-element elementor-element-5040452 e-con-full e-flex e-con e-child\" data-id=\"5040452\" data-element_type=\"container\" data-e-type=\"container\" data-settings=\"{&quot;background_background&quot;:&quot;classic&quot;}\">\n\t\t\t\t<div class=\"elementor-element elementor-element-e000b9f elementor-widget elementor-widget-image\" data-id=\"e000b9f\" data-element_type=\"widget\" data-e-type=\"widget\" data-widget_type=\"image.default\">\n\t\t\t\t<div class=\"elementor-widget-container\">\n\t\t\t\t\t\t\t\t\t\t\t\t\t\t\t<img fetchpriority=\"high\" decoding=\"async\" width=\"1000\" height=\"1500\" src=\"https:\/\/mpaiers.de\/wp-content\/uploads\/2025\/05\/Digitalization.jpg\" class=\"attachment-full size-full wp-image-16477\" alt=\"\" srcset=\"https:\/\/mpaiers.de\/wp-content\/uploads\/2025\/05\/Digitalization.jpg 1000w, https:\/\/mpaiers.de\/wp-content\/uploads\/2025\/05\/Digitalization-600x900.jpg 600w\" sizes=\"(max-width: 1000px) 100vw, 1000px\" \/>\t\t\t\t\t\t\t\t\t\t\t\t\t\t\t<\/div>\n\t\t\t\t<\/div>\n\t\t\t\t<\/div>\n\t\t<div class=\"elementor-element elementor-element-b26b4e0 e-con-full e-flex e-con e-child\" data-id=\"b26b4e0\" data-element_type=\"container\" data-e-type=\"container\">\n\t\t\t\t<div class=\"elementor-element elementor-element-000baca elementor-widget elementor-widget-text-editor\" data-id=\"000baca\" data-element_type=\"widget\" data-e-type=\"widget\" data-widget_type=\"text-editor.default\">\n\t\t\t\t<div class=\"elementor-widget-container\">\n\t\t\t\t\t\t\t\t\t<p>Dijital D\u00f6n\u00fc\u015f\u00fcm bir proje de\u011fil, bir Hayatta Kalma bi\u00e7imidir. S\u00fcre\u00e7leri optimize etmeyen, zaman, kaynak ve rekabet g\u00fcc\u00fcn\u00fc kaybeder. Otomasyon hatalar\u0131 azalt\u0131r, verimlili\u011fi art\u0131r\u0131r ve b\u00fcy\u00fcmeye yer a\u00e7ar. Bu, teknoloji u\u011fruna teknolojiyle ilgili de\u011fil, somut sonu\u00e7larla ilgili. Say\u0131salla\u015ft\u0131rma, anla\u015f\u0131labilir bir \u015fekilde d\u00fc\u015f\u00fcn\u00fcl\u00fcrse ve tutarl\u0131 bir \u015fekilde uygulan\u0131rsa i\u015fe yarar.<\/p><p><strong>D\u00f6n\u00fc\u015f\u00fcm\u00fcn\u00fcz i\u00e7in uygulamam\u0131z<\/strong><\/p><p><strong>\u015eirketteki dijital potansiyelin tespiti ve de\u011ferlendirilmesi<\/strong><br \/>Mevcut s\u00fcre\u00e7lerinizi, sistemlerinizi ve \u00e7al\u0131\u015fma bi\u00e7imlerinizi analiz ediyoruz. Burada, dijital ara\u00e7lar\u0131n teorik olarak de\u011fil, do\u011frudan g\u00fcnl\u00fck ya\u015famda ger\u00e7ek de\u011fer yarataca\u011f\u0131n\u0131 g\u00f6sterece\u011fiz.<\/p><p><strong>Dijital s\u00fcre\u00e7lerle i\u00e7 s\u00fcre\u00e7lerin optimizasyonu<\/strong><br \/>S\u00fcre\u00e7leri d\u00fczene sokuyor, otomatikle\u015ftiriyor ve dijitalle\u015ftiriyoruz. Y\u00f6netim, proje y\u00f6netimi, faturalama veya dahili ileti\u015fim sunup sunmad\u0131\u011f\u0131n\u0131z,<\/p><p>Daha kolay, daha h\u0131zl\u0131 ve daha g\u00fcvenilir hale getiriyoruz.<\/p><p><strong>Otomatik sistemlerin ve aray\u00fczlerin tan\u0131t\u0131lmas\u0131<\/strong><br \/>Birlikte sorunsuz \u00e7al\u0131\u015fabilmeleri i\u00e7in Ara\u00e7lar\u0131, platformlar\u0131 ve sistemleri entegre edece\u011fiz. \u00c7\u00f6z\u00fcm adas\u0131 yok, taviz yok, i\u015fe yarayan otomatik s\u00fcre\u00e7ler.<\/p><p><strong>G\u00fcnl\u00fck i\u015flerde e\u011fitim ve entegrasyon<\/strong><br \/>Yeni sistemler tek ba\u015f\u0131na hi\u00e7bir \u015fey yapmaz. \u00c7al\u0131\u015fanlar\u0131n\u0131z\u0131n onunla nas\u0131l \u00e7al\u0131\u015facaklar\u0131n\u0131 bilmelerini sa\u011fl\u0131yoruz. Ad\u0131m ad\u0131m, pratik, anla\u015f\u0131labilir. B\u00f6ylece Yenisi de kullan\u0131l\u0131yor.<\/p><p><strong>\u00a0Verimlilik sadece bir E\u011filim de\u011fil, \u00f6nko\u015fuldur<\/strong><\/p><p>Dijitalle\u015fmeyi karma\u015f\u0131k de\u011fil, eri\u015filebilir hale getiriyoruz. Kelime yok, standart \u00e7\u00f6z\u00fcm yok. Oraya, \u00e7al\u0131\u015ft\u0131\u011f\u0131 yere koyar\u0131z ve teknolojide durmay\u0131z. D\u00fc\u015f\u00fcnd\u00fck, kurduk, \u00e7eteyi getirdik. Kontrol\u00fc elinde olmayan, kontrol\u00fcn\u00fc kaybeder. Bizimle birlikte iyile\u015feceksin.<\/p>\t\t\t\t\t\t\t\t<\/div>\n\t\t\t\t<\/div>\n\t\t\t\t<\/div>\n\t\t\t\t\t<\/div>\n\t\t\t\t<\/div>\n\t\t<div class=\"elementor-element elementor-element-28100d8 e-flex e-con-boxed e-con e-parent\" data-id=\"28100d8\" data-element_type=\"container\" data-e-type=\"container\">\n\t\t\t\t\t<div class=\"e-con-inner\">\n\t\t\t\t<div class=\"elementor-element elementor-element-8518dc8 elementor-arrows-position-inside elementor-pagination-position-outside elementor-widget elementor-widget-image-carousel\" data-id=\"8518dc8\" data-element_type=\"widget\" data-e-type=\"widget\" data-settings=\"{&quot;slides_to_show&quot;:&quot;4&quot;,&quot;slides_to_show_mobile&quot;:&quot;2&quot;,&quot;navigation&quot;:&quot;both&quot;,&quot;autoplay&quot;:&quot;yes&quot;,&quot;pause_on_hover&quot;:&quot;yes&quot;,&quot;pause_on_interaction&quot;:&quot;yes&quot;,&quot;autoplay_speed&quot;:5000,&quot;infinite&quot;:&quot;yes&quot;,&quot;speed&quot;:500}\" data-widget_type=\"image-carousel.default\">\n\t\t\t\t<div class=\"elementor-widget-container\">\n\t\t\t\t\t\t\t<div class=\"elementor-image-carousel-wrapper swiper\" role=\"region\" aria-roledescription=\"carousel\" aria-label=\"Resim D\u00f6ng\u00fcs\u00fc\" dir=\"ltr\">\n\t\t\t<div class=\"elementor-image-carousel swiper-wrapper\" aria-live=\"off\">\n\t\t\t\t\t\t\t\t<div class=\"swiper-slide\" role=\"group\" aria-roledescription=\"slide\" aria-label=\"1 of 4\" data-no-translation-aria-label=\"\"><figure class=\"swiper-slide-inner\"><img decoding=\"async\" class=\"swiper-slide-image\" src=\"https:\/\/mpaiers.de\/wp-content\/uploads\/2025\/03\/s1-img-5.webp\" alt=\"s1-img-5.webp\" \/><\/figure><\/div><div class=\"swiper-slide\" role=\"group\" aria-roledescription=\"slide\" aria-label=\"2 of 4\" data-no-translation-aria-label=\"\"><figure class=\"swiper-slide-inner\"><img decoding=\"async\" class=\"swiper-slide-image\" src=\"https:\/\/mpaiers.de\/wp-content\/uploads\/2025\/03\/s1-img-4.webp\" alt=\"s1-img-4.webp\" \/><\/figure><\/div><div class=\"swiper-slide\" role=\"group\" aria-roledescription=\"slide\" aria-label=\"3 of 4\" data-no-translation-aria-label=\"\"><figure class=\"swiper-slide-inner\"><img decoding=\"async\" class=\"swiper-slide-image\" src=\"https:\/\/mpaiers.de\/wp-content\/uploads\/2025\/03\/s1-img-3.webp\" alt=\"s1-img-3.webp\" \/><\/figure><\/div><div class=\"swiper-slide\" role=\"group\" aria-roledescription=\"slide\" aria-label=\"4 of 4\" data-no-translation-aria-label=\"\"><figure class=\"swiper-slide-inner\"><img decoding=\"async\" class=\"swiper-slide-image\" src=\"https:\/\/mpaiers.de\/wp-content\/uploads\/2025\/03\/s1-img-2.webp\" alt=\"s1-img-2.webp\" \/><\/figure><\/div>\t\t\t<\/div>\n\t\t\t\t\t\t\t\t\t\t\t\t<div class=\"elementor-swiper-button elementor-swiper-button-prev\" role=\"button\" tabindex=\"0\">\n\t\t\t\t\t\t<i aria-hidden=\"true\" class=\"eicon-chevron-left\"><\/i>\t\t\t\t\t<\/div>\n\t\t\t\t\t<div class=\"elementor-swiper-button elementor-swiper-button-next\" role=\"button\" tabindex=\"0\">\n\t\t\t\t\t\t<i aria-hidden=\"true\" class=\"eicon-chevron-right\"><\/i>\t\t\t\t\t<\/div>\n\t\t\t\t\n\t\t\t\t\t\t\t\t\t<div class=\"swiper-pagination\"><\/div>\n\t\t\t\t\t\t\t\t\t<\/div>\n\t\t\t\t\t\t<\/div>\n\t\t\t\t<\/div>\n\t\t\t\t\t<\/div>\n\t\t\t\t<\/div>\n\t\t\t\t<\/div>","protected":false},"excerpt":{"rendered":"<p>Digitale Transformation und Automatisierung Erfassung und Bewertung digitaler Potenziale im Unternehmen: Optimierung interner Abl\u00e4ufe durch digitale Prozesse: Einf\u00fchrung automatisierter Systeme und Schnittstellen: Schulung und Integration im Arbeitsalltag: Digitale Transformation ist kein Projekt, sondern eine \u00dcberlebensfrage. Wer Prozesse nicht optimiert, verliert Zeit, Ressourcen und Wettbewerbsf\u00e4higkeit. Automatisierung reduziert Fehler, steigert Effizienz und schafft Raum f\u00fcr Wachstum. Dabei [&hellip;]<\/p>","protected":false},"author":1,"featured_media":0,"parent":16262,"menu_order":0,"comment_status":"closed","ping_status":"closed","template":"","meta":{"om_disable_all_campaigns":false,"_monsterinsights_skip_tracking":false,"_monsterinsights_sitenote_active":false,"_monsterinsights_sitenote_note":"","_monsterinsights_sitenote_category":0,"footnotes":""},"class_list":["post-16474","page","type-page","status-publish","hentry"],"aioseo_notices":[],"_links":{"self":[{"href":"https:\/\/mpaiers.de\/tr\/wp-json\/wp\/v2\/pages\/16474","targetHints":{"allow":["GET"]}}],"collection":[{"href":"https:\/\/mpaiers.de\/tr\/wp-json\/wp\/v2\/pages"}],"about":[{"href":"https:\/\/mpaiers.de\/tr\/wp-json\/wp\/v2\/types\/page"}],"author":[{"embeddable":true,"href":"https:\/\/mpaiers.de\/tr\/wp-json\/wp\/v2\/users\/1"}],"replies":[{"embeddable":true,"href":"https:\/\/mpaiers.de\/tr\/wp-json\/wp\/v2\/comments?post=16474"}],"version-history":[{"count":0,"href":"https:\/\/mpaiers.de\/tr\/wp-json\/wp\/v2\/pages\/16474\/revisions"}],"up":[{"embeddable":true,"href":"https:\/\/mpaiers.de\/tr\/wp-json\/wp\/v2\/pages\/16262"}],"wp:attachment":[{"href":"https:\/\/mpaiers.de\/tr\/wp-json\/wp\/v2\/media?parent=16474"}],"curies":[{"name":"wp","href":"https:\/\/api.w.org\/{rel}","templated":true}]}}