{"id":16467,"date":"2025-05-14T08:21:40","date_gmt":"2025-05-14T08:21:40","guid":{"rendered":"https:\/\/mpaiers.de\/?page_id=16467"},"modified":"2025-07-26T10:19:01","modified_gmt":"2025-07-26T10:19:01","slug":"neupositionierung-und-strategische-ausrichtung-ihrer-marke","status":"publish","type":"page","link":"https:\/\/mpaiers.de\/tr\/voranbringen\/neupositionierung-und-strategische-ausrichtung-ihrer-marke\/","title":{"rendered":"Markalar\u0131n\u0131n yeniden konumland\u0131r\u0131lmas\u0131 ve stratejik y\u00f6n\u00fc"},"content":{"rendered":"<div data-elementor-type=\"wp-page\" data-elementor-id=\"16467\" class=\"elementor elementor-16467\" data-elementor-post-type=\"page\">\n\t\t\t\t<div class=\"elementor-element elementor-element-c37b9db e-con-full e-flex e-con e-parent\" data-id=\"c37b9db\" data-element_type=\"container\" data-e-type=\"container\">\n\t\t\t\t<div class=\"elementor-element elementor-element-8d939ed elementor-widget elementor-widget-go-s-heading\" data-id=\"8d939ed\" data-element_type=\"widget\" data-e-type=\"widget\" data-widget_type=\"go-s-heading.default\">\n\t\t\t\t<div class=\"elementor-widget-container\">\n\t\t\t\t\t<div class=\"agn-faqs-2-sec-title prthalign\">\n        <h1 class=\"elementor-gt-heading agn-sec-title-2 agn-split-3 wa-fix\">Markalar\u0131n\u0131n yeniden konumland\u0131r\u0131lmas\u0131 ve stratejik y\u00f6n\u00fc<br \/>\n<\/h1><\/div>\t\t\t\t<\/div>\n\t\t\t\t<\/div>\n\t\t\t\t<\/div>\n\t\t<div class=\"elementor-element elementor-element-473a537 e-flex e-con-boxed e-con e-parent\" data-id=\"473a537\" data-element_type=\"container\" data-e-type=\"container\">\n\t\t\t\t\t<div class=\"e-con-inner\">\n\t\t<div class=\"elementor-element elementor-element-87dde96 e-con-full e-flex e-con e-child\" data-id=\"87dde96\" data-element_type=\"container\" data-e-type=\"container\">\n\t\t\t\t<div class=\"elementor-element elementor-element-d416a42 elementor-widget elementor-widget-text-editor\" data-id=\"d416a42\" data-element_type=\"widget\" data-e-type=\"widget\" data-widget_type=\"text-editor.default\">\n\t\t\t\t<div class=\"elementor-widget-container\">\n\t\t\t\t\t\t\t\t\t<p><strong data-start=\"554\" data-end=\"581\">Mevcut markala\u015fma ve pazar konumunun analizi:<\/strong><\/p>\t\t\t\t\t\t\t\t<\/div>\n\t\t\t\t<\/div>\n\t\t\t\t<\/div>\n\t\t<div class=\"elementor-element elementor-element-8b3241b e-con-full e-flex e-con e-child\" data-id=\"8b3241b\" data-element_type=\"container\" data-e-type=\"container\">\n\t\t\t\t<div class=\"elementor-element elementor-element-e6e9937 elementor-widget elementor-widget-text-editor\" data-id=\"e6e9937\" data-element_type=\"widget\" data-e-type=\"widget\" data-widget_type=\"text-editor.default\">\n\t\t\t\t<div class=\"elementor-widget-container\">\n\t\t\t\t\t\t\t\t\t<p><strong data-start=\"699\" data-end=\"738\">Hedef gruplar\u0131n, de\u011ferlerin ve y\u00f6nelimin yeniden tan\u0131mlanmas\u0131:<\/strong><\/p>\t\t\t\t\t\t\t\t<\/div>\n\t\t\t\t<\/div>\n\t\t\t\t<\/div>\n\t\t<div class=\"elementor-element elementor-element-cd9346f e-con-full e-flex e-con e-child\" data-id=\"cd9346f\" data-element_type=\"container\" data-e-type=\"container\">\n\t\t\t\t<div class=\"elementor-element elementor-element-9cbca60 elementor-widget elementor-widget-text-editor\" data-id=\"9cbca60\" data-element_type=\"widget\" data-e-type=\"widget\" data-widget_type=\"text-editor.default\">\n\t\t\t\t<div class=\"elementor-widget-container\">\n\t\t\t\t\t\t\t\t\t<p><strong data-start=\"699\" data-end=\"738\">\u0130leti\u015fimin g\u00f6rsel ve dilsel olarak yeniden d\u00fczenlenmesi:<\/strong><\/p>\t\t\t\t\t\t\t\t<\/div>\n\t\t\t\t<\/div>\n\t\t\t\t<\/div>\n\t\t<div class=\"elementor-element elementor-element-ae6bef8 e-con-full e-flex e-con e-child\" data-id=\"ae6bef8\" data-element_type=\"container\" data-e-type=\"container\">\n\t\t\t\t<div class=\"elementor-element elementor-element-5361d03 elementor-widget elementor-widget-text-editor\" data-id=\"5361d03\" data-element_type=\"widget\" data-e-type=\"widget\" data-widget_type=\"text-editor.default\">\n\t\t\t\t<div class=\"elementor-widget-container\">\n\t\t\t\t\t\t\t\t\t<p><strong data-start=\"884\" data-end=\"907\">Lansman ve Yeniden Ba\u015flatmada destek:<\/strong><\/p>\t\t\t\t\t\t\t\t<\/div>\n\t\t\t\t<\/div>\n\t\t\t\t<\/div>\n\t\t\t\t\t<\/div>\n\t\t\t\t<\/div>\n\t\t<div class=\"elementor-element elementor-element-fc4844e e-flex e-con-boxed e-con e-parent\" data-id=\"fc4844e\" data-element_type=\"container\" data-e-type=\"container\">\n\t\t\t\t\t<div class=\"e-con-inner\">\n\t\t<div class=\"elementor-element elementor-element-e2d5798 e-con-full e-flex e-con e-child\" data-id=\"e2d5798\" data-element_type=\"container\" data-e-type=\"container\" data-settings=\"{&quot;background_background&quot;:&quot;classic&quot;}\">\n\t\t\t\t<div class=\"elementor-element elementor-element-369e665 elementor-widget elementor-widget-image\" data-id=\"369e665\" data-element_type=\"widget\" data-e-type=\"widget\" data-widget_type=\"image.default\">\n\t\t\t\t<div class=\"elementor-widget-container\">\n\t\t\t\t\t\t\t\t\t\t\t\t\t\t\t<img fetchpriority=\"high\" decoding=\"async\" width=\"1001\" height=\"1500\" src=\"https:\/\/mpaiers.de\/wp-content\/uploads\/2025\/05\/brand-renewal.jpg\" class=\"attachment-full size-full wp-image-16470\" alt=\"\" srcset=\"https:\/\/mpaiers.de\/wp-content\/uploads\/2025\/05\/brand-renewal.jpg 1001w, https:\/\/mpaiers.de\/wp-content\/uploads\/2025\/05\/brand-renewal-600x899.jpg 600w, https:\/\/mpaiers.de\/wp-content\/uploads\/2025\/05\/brand-renewal-200x300.jpg 200w, https:\/\/mpaiers.de\/wp-content\/uploads\/2025\/05\/brand-renewal-683x1024.jpg 683w, https:\/\/mpaiers.de\/wp-content\/uploads\/2025\/05\/brand-renewal-768x1151.jpg 768w\" sizes=\"(max-width: 1001px) 100vw, 1001px\" \/>\t\t\t\t\t\t\t\t\t\t\t\t\t\t\t<\/div>\n\t\t\t\t<\/div>\n\t\t\t\t<\/div>\n\t\t<div class=\"elementor-element elementor-element-546acf0 e-con-full e-flex e-con e-child\" data-id=\"546acf0\" data-element_type=\"container\" data-e-type=\"container\">\n\t\t\t\t<div class=\"elementor-element elementor-element-3647a0a elementor-widget elementor-widget-text-editor\" data-id=\"3647a0a\" data-element_type=\"widget\" data-e-type=\"widget\" data-widget_type=\"text-editor.default\">\n\t\t\t\t<div class=\"elementor-widget-container\">\n\t\t\t\t\t\t\t\t\t<p>Piyasalar de\u011fi\u015fir. \u0130zleyiciler de. Bir marka olarak kalan, modas\u0131 ge\u00e7mi\u015f. Yeniden konumland\u0131rma bir zay\u0131fl\u0131k i\u015fareti de\u011fil, netlik ve g\u00f6rmenin bir i\u015faretidir. Yeni bir \u015fey yapmak de\u011fil, yeniden d\u00fczenleme hakk\u0131d\u0131r.<\/p><p>Stratejik, cesur ve maddiyatl\u0131.<\/p><p>Bug\u00fcn kesin olarak konumland\u0131r\u0131lan, yar\u0131n\u0131n alaka d\u00fczeyini yarat\u0131r.<\/p><p><strong>Mevcut markala\u015fma ve pazar konumunun analizi<\/strong><br \/>Markan\u0131z\u0131n g\u00fcncelli\u011fini nas\u0131l hissetti\u011fini inceleyece\u011fiz. Dahili ve harici olsun. G\u00f6r\u00fcn\u00fcm\u00fc, tonu, g\u00f6r\u00fcn\u00fcrl\u00fc\u011f\u00fc, rekabeti ve alg\u0131y\u0131 analiz ediyoruz. \u0130yi bilgilendirilmi\u015f herhangi bir karar\u0131n temeli.<\/p><p><strong>Hedef gruplar\u0131n, de\u011ferlerin ve y\u00f6nelimin yeniden tan\u0131mlanmas\u0131<\/strong><br \/>Birlikte konumlar\u0131n\u0131 keskinle\u015ftiriyoruz. Ne kalmal\u0131, ne yapmal\u0131s\u0131n, ne yapmal\u0131s\u0131n? De\u011ferleri ve hedef gruplar\u0131 tan\u0131mlamaya yard\u0131mc\u0131 oluyoruz, yeni.<\/p><p>D\u00fcr\u00fcst, tutarl\u0131 ve pazar odakl\u0131.<\/p><p><strong>\u0130leti\u015fimin g\u00f6rsel ve dilsel olarak yeniden d\u00fczenlenmesi<\/strong><br \/>G\u00f6r\u00fcn\u00fcm\u00fc ve dili yeni hizalamaya g\u00f6re \u00f6zelle\u015ftiriyoruz. Renkler ve D\u00fczen \u00fczerindeki Logodan, tonaliteye, \u0130ddialara ve ifadelere kadar her \u015fey bir araya geliyor ve ayn\u0131 dili konu\u015fuyor.<\/p><p><strong>Lansman ve Yeniden Ba\u015flatmada destek<\/strong><br \/>D\u0131\u015far\u0131ya temiz bir uygulama sa\u011fl\u0131yoruz. Sessiz adaptasyon veya net Yeniden Ba\u015flatma olsun, yeni g\u00f6r\u00fcn\u00fcm\u00fcn\u00fcz oturana kadar her ad\u0131ma e\u015flik etmeyi planl\u0131yoruz.<\/p><p>\u00a0<\/p><p><strong>E\u011fer de\u011fi\u015fmezsen, dikkatini kaybeder<\/strong><\/p><p>Yeniden konumland\u0131rmay\u0131 bir tepki olarak de\u011fil, y\u00f6n\u00fcnde bir \u00f6l\u00e7\u00fc olarak d\u00fc\u015f\u00fcn\u00fcyoruz. D\u00fcr\u00fcst, net, karar veren ve profesyonelce uygulanan bir s\u00fcre\u00e7 boyunca size rehberlik ediyoruz. Yar\u0131m ad\u0131m yok, bo\u015f c\u00fcmle yok. Sadece ne olduklar\u0131n\u0131 ve i\u00e7eride ve d\u0131\u015far\u0131da nas\u0131l meydana geldiklerini bilen markalar.<\/p>\t\t\t\t\t\t\t\t<\/div>\n\t\t\t\t<\/div>\n\t\t\t\t<\/div>\n\t\t\t\t\t<\/div>\n\t\t\t\t<\/div>\n\t\t<div class=\"elementor-element elementor-element-9d4173d e-flex e-con-boxed e-con e-parent\" data-id=\"9d4173d\" data-element_type=\"container\" data-e-type=\"container\">\n\t\t\t\t\t<div class=\"e-con-inner\">\n\t\t\t\t<div class=\"elementor-element elementor-element-18dc858 elementor-arrows-position-inside elementor-pagination-position-outside elementor-widget elementor-widget-image-carousel\" data-id=\"18dc858\" data-element_type=\"widget\" data-e-type=\"widget\" data-settings=\"{&quot;slides_to_show&quot;:&quot;4&quot;,&quot;slides_to_show_mobile&quot;:&quot;2&quot;,&quot;navigation&quot;:&quot;both&quot;,&quot;autoplay&quot;:&quot;yes&quot;,&quot;pause_on_hover&quot;:&quot;yes&quot;,&quot;pause_on_interaction&quot;:&quot;yes&quot;,&quot;autoplay_speed&quot;:5000,&quot;infinite&quot;:&quot;yes&quot;,&quot;speed&quot;:500}\" data-widget_type=\"image-carousel.default\">\n\t\t\t\t<div class=\"elementor-widget-container\">\n\t\t\t\t\t\t\t<div class=\"elementor-image-carousel-wrapper swiper\" role=\"region\" aria-roledescription=\"carousel\" aria-label=\"Resim D\u00f6ng\u00fcs\u00fc\" dir=\"ltr\">\n\t\t\t<div class=\"elementor-image-carousel swiper-wrapper\" aria-live=\"off\">\n\t\t\t\t\t\t\t\t<div class=\"swiper-slide\" role=\"group\" aria-roledescription=\"slide\" aria-label=\"1 of 4\" data-no-translation-aria-label=\"\"><figure class=\"swiper-slide-inner\"><img decoding=\"async\" class=\"swiper-slide-image\" src=\"https:\/\/mpaiers.de\/wp-content\/uploads\/2025\/03\/s1-img-5.webp\" alt=\"s1-img-5.webp\" \/><\/figure><\/div><div class=\"swiper-slide\" role=\"group\" aria-roledescription=\"slide\" aria-label=\"2 of 4\" data-no-translation-aria-label=\"\"><figure class=\"swiper-slide-inner\"><img decoding=\"async\" class=\"swiper-slide-image\" src=\"https:\/\/mpaiers.de\/wp-content\/uploads\/2025\/03\/s1-img-4.webp\" alt=\"s1-img-4.webp\" \/><\/figure><\/div><div class=\"swiper-slide\" role=\"group\" aria-roledescription=\"slide\" aria-label=\"3 of 4\" data-no-translation-aria-label=\"\"><figure class=\"swiper-slide-inner\"><img decoding=\"async\" class=\"swiper-slide-image\" src=\"https:\/\/mpaiers.de\/wp-content\/uploads\/2025\/03\/s1-img-3.webp\" alt=\"s1-img-3.webp\" \/><\/figure><\/div><div class=\"swiper-slide\" role=\"group\" aria-roledescription=\"slide\" aria-label=\"4 of 4\" data-no-translation-aria-label=\"\"><figure class=\"swiper-slide-inner\"><img decoding=\"async\" class=\"swiper-slide-image\" src=\"https:\/\/mpaiers.de\/wp-content\/uploads\/2025\/03\/s1-img-2.webp\" alt=\"s1-img-2.webp\" \/><\/figure><\/div>\t\t\t<\/div>\n\t\t\t\t\t\t\t\t\t\t\t\t<div class=\"elementor-swiper-button elementor-swiper-button-prev\" role=\"button\" tabindex=\"0\">\n\t\t\t\t\t\t<i aria-hidden=\"true\" class=\"eicon-chevron-left\"><\/i>\t\t\t\t\t<\/div>\n\t\t\t\t\t<div class=\"elementor-swiper-button elementor-swiper-button-next\" role=\"button\" tabindex=\"0\">\n\t\t\t\t\t\t<i aria-hidden=\"true\" class=\"eicon-chevron-right\"><\/i>\t\t\t\t\t<\/div>\n\t\t\t\t\n\t\t\t\t\t\t\t\t\t<div class=\"swiper-pagination\"><\/div>\n\t\t\t\t\t\t\t\t\t<\/div>\n\t\t\t\t\t\t<\/div>\n\t\t\t\t<\/div>\n\t\t\t\t\t<\/div>\n\t\t\t\t<\/div>\n\t\t\t\t<\/div>","protected":false},"excerpt":{"rendered":"<p>Neupositionierung und strategische Ausrichtung Ihrer Marke Analyse bestehender Markenwirkung und Marktposition: Neudefinition von Zielgruppen, Werten und Ausrichtung: Visuelle und sprachliche Neuausrichtung der Kommunikation: Begleitung bei Markteinf\u00fchrung und Relaunch: M\u00e4rkte ver\u00e4ndern sich. Zielgruppen auch. Wer als Marke stehen bleibt, wird \u00fcberholt. Eine Neupositionierung ist kein Zeichen von Schw\u00e4che, sondern von Klarheit und Weitsicht. Es geht nicht [&hellip;]<\/p>","protected":false},"author":1,"featured_media":0,"parent":16262,"menu_order":0,"comment_status":"closed","ping_status":"closed","template":"","meta":{"om_disable_all_campaigns":false,"_monsterinsights_skip_tracking":false,"_monsterinsights_sitenote_active":false,"_monsterinsights_sitenote_note":"","_monsterinsights_sitenote_category":0,"footnotes":""},"class_list":["post-16467","page","type-page","status-publish","hentry"],"aioseo_notices":[],"_links":{"self":[{"href":"https:\/\/mpaiers.de\/tr\/wp-json\/wp\/v2\/pages\/16467","targetHints":{"allow":["GET"]}}],"collection":[{"href":"https:\/\/mpaiers.de\/tr\/wp-json\/wp\/v2\/pages"}],"about":[{"href":"https:\/\/mpaiers.de\/tr\/wp-json\/wp\/v2\/types\/page"}],"author":[{"embeddable":true,"href":"https:\/\/mpaiers.de\/tr\/wp-json\/wp\/v2\/users\/1"}],"replies":[{"embeddable":true,"href":"https:\/\/mpaiers.de\/tr\/wp-json\/wp\/v2\/comments?post=16467"}],"version-history":[{"count":0,"href":"https:\/\/mpaiers.de\/tr\/wp-json\/wp\/v2\/pages\/16467\/revisions"}],"up":[{"embeddable":true,"href":"https:\/\/mpaiers.de\/tr\/wp-json\/wp\/v2\/pages\/16262"}],"wp:attachment":[{"href":"https:\/\/mpaiers.de\/tr\/wp-json\/wp\/v2\/media?parent=16467"}],"curies":[{"name":"wp","href":"https:\/\/api.w.org\/{rel}","templated":true}]}}