{"id":16457,"date":"2025-05-14T08:15:09","date_gmt":"2025-05-14T08:15:09","guid":{"rendered":"https:\/\/mpaiers.de\/?page_id=16457"},"modified":"2025-07-26T10:20:03","modified_gmt":"2025-07-26T10:20:03","slug":"vermittlung-gemeinsamer-projekte","status":"publish","type":"page","link":"https:\/\/mpaiers.de\/tr\/vernetzen\/vermittlung-gemeinsamer-projekte\/","title":{"rendered":"Ortak projelerin arabuluculu\u011fu"},"content":{"rendered":"<div data-elementor-type=\"wp-page\" data-elementor-id=\"16457\" class=\"elementor elementor-16457\" data-elementor-post-type=\"page\">\n\t\t\t\t<div class=\"elementor-element elementor-element-f7c84d9 e-con-full e-flex e-con e-parent\" data-id=\"f7c84d9\" data-element_type=\"container\" data-e-type=\"container\">\n\t\t\t\t<div class=\"elementor-element elementor-element-b8a977f elementor-widget elementor-widget-go-s-heading\" data-id=\"b8a977f\" data-element_type=\"widget\" data-e-type=\"widget\" data-widget_type=\"go-s-heading.default\">\n\t\t\t\t<div class=\"elementor-widget-container\">\n\t\t\t\t\t<div class=\"agn-faqs-2-sec-title prthalign\">\n        <h1 class=\"elementor-gt-heading agn-sec-title-2 agn-split-3 wa-fix\">Ortak projelerin arabuluculu\u011fu<br \/>\n<\/h1><\/div>\t\t\t\t<\/div>\n\t\t\t\t<\/div>\n\t\t\t\t<\/div>\n\t\t<div class=\"elementor-element elementor-element-9358817 e-flex e-con-boxed e-con e-parent\" data-id=\"9358817\" data-element_type=\"container\" data-e-type=\"container\">\n\t\t\t\t\t<div class=\"e-con-inner\">\n\t\t<div class=\"elementor-element elementor-element-5095aaa e-con-full e-flex e-con e-child\" data-id=\"5095aaa\" data-element_type=\"container\" data-e-type=\"container\">\n\t\t\t\t<div class=\"elementor-element elementor-element-74813f6 elementor-widget elementor-widget-text-editor\" data-id=\"74813f6\" data-element_type=\"widget\" data-e-type=\"widget\" data-widget_type=\"text-editor.default\">\n\t\t\t\t<div class=\"elementor-widget-container\">\n\t\t\t\t\t\t\t\t\t<p><strong data-start=\"593\" data-end=\"614\">Potansiyel proje ortaklar\u0131n\u0131n belirlenmesi:<\/strong><\/p>\t\t\t\t\t\t\t\t<\/div>\n\t\t\t\t<\/div>\n\t\t\t\t<\/div>\n\t\t<div class=\"elementor-element elementor-element-a4c82f0 e-con-full e-flex e-con e-child\" data-id=\"a4c82f0\" data-element_type=\"container\" data-e-type=\"container\">\n\t\t\t\t<div class=\"elementor-element elementor-element-8cbcb8b elementor-widget elementor-widget-text-editor\" data-id=\"8cbcb8b\" data-element_type=\"widget\" data-e-type=\"widget\" data-widget_type=\"text-editor.default\">\n\t\t\t\t<div class=\"elementor-widget-container\">\n\t\t\t\t\t\t\t\t\t<p><strong data-start=\"796\" data-end=\"827\">Tamamlay\u0131c\u0131 \u015firketlerin stratejik birle\u015fmesi:<\/strong><\/p>\t\t\t\t\t\t\t\t<\/div>\n\t\t\t\t<\/div>\n\t\t\t\t<\/div>\n\t\t<div class=\"elementor-element elementor-element-ffeaf1c e-con-full e-flex e-con e-child\" data-id=\"ffeaf1c\" data-element_type=\"container\" data-e-type=\"container\">\n\t\t\t\t<div class=\"elementor-element elementor-element-66939a3 elementor-widget elementor-widget-text-editor\" data-id=\"66939a3\" data-element_type=\"widget\" data-e-type=\"widget\" data-widget_type=\"text-editor.default\">\n\t\t\t\t<div class=\"elementor-widget-container\">\n\t\t\t\t\t\t\t\t\t<p><strong data-start=\"796\" data-end=\"827\">Ortak projelerin denetlenmesi ve proje ba\u015flat\u0131lmas\u0131:<\/strong><\/p>\t\t\t\t\t\t\t\t<\/div>\n\t\t\t\t<\/div>\n\t\t\t\t<\/div>\n\t\t<div class=\"elementor-element elementor-element-572ad4f e-con-full e-flex e-con e-child\" data-id=\"572ad4f\" data-element_type=\"container\" data-e-type=\"container\">\n\t\t\t\t<div class=\"elementor-element elementor-element-a97beae elementor-widget elementor-widget-text-editor\" data-id=\"a97beae\" data-element_type=\"widget\" data-e-type=\"widget\" data-widget_type=\"text-editor.default\">\n\t\t\t\t<div class=\"elementor-widget-container\">\n\t\t\t\t\t\t\t\t\t<p><strong data-start=\"972\" data-end=\"1018\">Pilot projelerin ve i\u015fbirliklerinin izlenmesi:<\/strong>.<\/p>\t\t\t\t\t\t\t\t<\/div>\n\t\t\t\t<\/div>\n\t\t\t\t<\/div>\n\t\t\t\t\t<\/div>\n\t\t\t\t<\/div>\n\t\t<div class=\"elementor-element elementor-element-7d09e25 e-flex e-con-boxed e-con e-parent\" data-id=\"7d09e25\" data-element_type=\"container\" data-e-type=\"container\">\n\t\t\t\t\t<div class=\"e-con-inner\">\n\t\t<div class=\"elementor-element elementor-element-8605080 e-con-full e-flex e-con e-child\" data-id=\"8605080\" data-element_type=\"container\" data-e-type=\"container\" data-settings=\"{&quot;background_background&quot;:&quot;classic&quot;}\">\n\t\t\t\t<div class=\"elementor-element elementor-element-dad9404 elementor-widget elementor-widget-image\" data-id=\"dad9404\" data-element_type=\"widget\" data-e-type=\"widget\" data-widget_type=\"image.default\">\n\t\t\t\t<div class=\"elementor-widget-container\">\n\t\t\t\t\t\t\t\t\t\t\t\t\t\t\t<img fetchpriority=\"high\" decoding=\"async\" width=\"1000\" height=\"1500\" src=\"https:\/\/mpaiers.de\/wp-content\/uploads\/2025\/05\/Mediation-for-joint-projects.jpg\" class=\"attachment-full size-full wp-image-16459\" alt=\"\" srcset=\"https:\/\/mpaiers.de\/wp-content\/uploads\/2025\/05\/Mediation-for-joint-projects.jpg 1000w, https:\/\/mpaiers.de\/wp-content\/uploads\/2025\/05\/Mediation-for-joint-projects-600x900.jpg 600w\" sizes=\"(max-width: 1000px) 100vw, 1000px\" \/>\t\t\t\t\t\t\t\t\t\t\t\t\t\t\t<\/div>\n\t\t\t\t<\/div>\n\t\t\t\t<\/div>\n\t\t<div class=\"elementor-element elementor-element-4921302 e-con-full e-flex e-con e-child\" data-id=\"4921302\" data-element_type=\"container\" data-e-type=\"container\">\n\t\t\t\t<div class=\"elementor-element elementor-element-52deff8 elementor-widget elementor-widget-text-editor\" data-id=\"52deff8\" data-element_type=\"widget\" data-e-type=\"widget\" data-widget_type=\"text-editor.default\">\n\t\t\t\t<div class=\"elementor-widget-container\">\n\t\t\t\t\t\t\t\t\t<p>Ortak projeler tesad\u00fcfen de\u011fil, ba\u011flant\u0131n\u0131n ak\u0131ll\u0131ca kullan\u0131lmas\u0131yla ortaya \u00e7\u0131kar. Do\u011fru ortaklarla \u00e7al\u0131\u015fan Ds\u00f6, tesislerini, kaynaklar\u0131n\u0131 geni\u015fletti ve yeni pazarlar yaratt\u0131. Ancak ger\u00e7ek \u015fu ki: \u00e7o\u011fu ortakl\u0131\u011f\u0131n ba\u015far\u0131s\u0131zl\u0131\u011f\u0131 fikir de\u011fil, se\u00e7im, ileti\u015fim ve yap\u0131d\u0131r. Tam olarak burada devreye giriyoruz.<\/p><p><strong>G\u00fc\u00e7l\u00fc ortakl\u0131klar i\u00e7in uygulamam\u0131z<\/strong><strong data-start=\"537\" data-end=\"589\">:<\/strong><\/p><ul data-start=\"591\" data-end=\"1483\"><li class=\"\" data-start=\"591\" data-end=\"792\"><p class=\"\" data-start=\"593\" data-end=\"792\"><strong data-start=\"593\" data-end=\"614\">Potansiyel proje ortaklar\u0131n\u0131n belirlenmesi:<\/strong><\/p><p>G\u00fc\u00e7l\u00fc Y\u00f6nlerinizi ve hedeflerinizi analiz eder ve sizi tamamlayan ortaklar\u0131 belirleriz. Teknik, yap\u0131sal veya b\u00f6lgesel olsun.<\/p><p>\u00d6z\u00fc olan\u0131 bir araya getiriyoruz.<\/p><\/li><li class=\"\" data-start=\"794\" data-end=\"968\"><p class=\"\" data-start=\"796\" data-end=\"968\"><strong data-start=\"796\" data-end=\"827\">Tamamlay\u0131c\u0131 \u015firketlerin stratejik birle\u015fmesi:<\/strong><br data-start=\"827\" data-end=\"830\" \/>Payda\u015flar\u0131 bir araya getirerek daha fazlas\u0131n\u0131 ba\u015farmak i\u00e7in birlikte \u00e7al\u0131\u015fabiliriz. Tesad\u00fcf de\u011fil, ama yap\u0131land\u0131r\u0131lm\u0131\u015f \u00e7\u00f6p\u00e7atanl\u0131k net bir ama\u00e7 ve bak\u0131\u015f a\u00e7\u0131s\u0131yla.<\/p><\/li><li class=\"\" data-start=\"970\" data-end=\"1163\"><p class=\"\" data-start=\"972\" data-end=\"1163\"><strong data-start=\"972\" data-end=\"1018\">Ortak projelerin denetlenmesi ve proje ba\u015flat\u0131lmas\u0131:<\/strong><br data-start=\"1018\" data-end=\"1021\" \/>\u0130lk ad\u0131mlara e\u015flik ediyoruz. Ba\u015flang\u0131\u00e7tan ilgili Taraflar aras\u0131ndaki koordinasyona kadar netlik, h\u0131z ve anla\u015f\u0131labilirlik sa\u011fl\u0131yoruz. B\u00f6ylece, bir yakla\u015f\u0131mdan ger\u00e7ek bir projeye.<\/p><\/li><li class=\"\" data-start=\"1165\" data-end=\"1347\"><p class=\"\" data-start=\"1167\" data-end=\"1347\"><strong data-start=\"1167\" data-end=\"1202\">Pilot projelerin ve i\u015fbirliklerinin izlenmesi:<\/strong><br data-start=\"1202\" data-end=\"1205\" \/>Sayfan\u0131z\u0131n uygulanmas\u0131 s\u0131ras\u0131nda da kal\u0131yoruz. \u0130leti\u015fim, geri bildirim d\u00f6ng\u00fcleri ve yap\u0131 ile i\u015fbirli\u011finin Kaosla sonu\u00e7lanaca\u011f\u0131n\u0131, ancak sonu\u00e7 verece\u011fini garanti ediyoruz.<\/p><\/li><li class=\"\" data-start=\"1349\" data-end=\"1483\"><p><strong>\u0130\u015fbirli\u011finin iyi bir fikirden daha fazlas\u0131na ihtiyac\u0131 var<\/strong><strong data-start=\"1351\" data-end=\"1380\">:<\/strong><\/p><p>G\u00fcncel ba\u011flant\u0131lar sa\u011fl\u0131yoruz, verimli Ba\u011flant\u0131lar olu\u015fturabiliyoruz. Hedeflerin, rollerin ve beklentilerin en ba\u015f\u0131ndan itibaren net olmas\u0131n\u0131 sa\u011fl\u0131yoruz. K\u0131sa vadeli projeler veya uzun vadeli ittifaklar i\u00e7in olsun: Yaln\u0131zca ortaya \u00e7\u0131kan etkile\u015fimi getiriyoruz. \u00c7\u00fcnk\u00fc ger\u00e7ek i\u015fbirli\u011fi umuttan de\u011fil, yap\u0131dan do\u011far.<\/p><\/li><\/ul><p class=\"\" data-start=\"1748\" data-end=\"1798\">\u00a0<\/p>\t\t\t\t\t\t\t\t<\/div>\n\t\t\t\t<\/div>\n\t\t\t\t<\/div>\n\t\t\t\t\t<\/div>\n\t\t\t\t<\/div>\n\t\t<div class=\"elementor-element elementor-element-d5ba540 e-flex e-con-boxed e-con e-parent\" data-id=\"d5ba540\" data-element_type=\"container\" data-e-type=\"container\">\n\t\t\t\t\t<div class=\"e-con-inner\">\n\t\t\t\t<div class=\"elementor-element elementor-element-5053260 elementor-arrows-position-inside elementor-pagination-position-outside elementor-widget elementor-widget-image-carousel\" data-id=\"5053260\" data-element_type=\"widget\" data-e-type=\"widget\" data-settings=\"{&quot;slides_to_show&quot;:&quot;4&quot;,&quot;slides_to_show_mobile&quot;:&quot;2&quot;,&quot;navigation&quot;:&quot;both&quot;,&quot;autoplay&quot;:&quot;yes&quot;,&quot;pause_on_hover&quot;:&quot;yes&quot;,&quot;pause_on_interaction&quot;:&quot;yes&quot;,&quot;autoplay_speed&quot;:5000,&quot;infinite&quot;:&quot;yes&quot;,&quot;speed&quot;:500}\" data-widget_type=\"image-carousel.default\">\n\t\t\t\t<div class=\"elementor-widget-container\">\n\t\t\t\t\t\t\t<div class=\"elementor-image-carousel-wrapper swiper\" role=\"region\" aria-roledescription=\"carousel\" aria-label=\"Resim D\u00f6ng\u00fcs\u00fc\" dir=\"ltr\">\n\t\t\t<div class=\"elementor-image-carousel swiper-wrapper\" aria-live=\"off\">\n\t\t\t\t\t\t\t\t<div class=\"swiper-slide\" role=\"group\" aria-roledescription=\"slide\" aria-label=\"1 von 4\"><figure class=\"swiper-slide-inner\"><img decoding=\"async\" class=\"swiper-slide-image\" src=\"https:\/\/mpaiers.de\/wp-content\/uploads\/2025\/03\/s1-img-5.webp\" alt=\"s1-img-5.webp\" \/><\/figure><\/div><div class=\"swiper-slide\" role=\"group\" aria-roledescription=\"slide\" aria-label=\"2 von 4\"><figure class=\"swiper-slide-inner\"><img decoding=\"async\" class=\"swiper-slide-image\" src=\"https:\/\/mpaiers.de\/wp-content\/uploads\/2025\/03\/s1-img-4.webp\" alt=\"s1-img-4.webp\" \/><\/figure><\/div><div class=\"swiper-slide\" role=\"group\" aria-roledescription=\"slide\" aria-label=\"3 von 4\"><figure class=\"swiper-slide-inner\"><img decoding=\"async\" class=\"swiper-slide-image\" src=\"https:\/\/mpaiers.de\/wp-content\/uploads\/2025\/03\/s1-img-3.webp\" alt=\"s1-img-3.webp\" \/><\/figure><\/div><div class=\"swiper-slide\" role=\"group\" aria-roledescription=\"slide\" aria-label=\"4 von 4\"><figure class=\"swiper-slide-inner\"><img decoding=\"async\" class=\"swiper-slide-image\" src=\"https:\/\/mpaiers.de\/wp-content\/uploads\/2025\/03\/s1-img-2.webp\" alt=\"s1-img-2.webp\" \/><\/figure><\/div>\t\t\t<\/div>\n\t\t\t\t\t\t\t\t\t\t\t\t<div class=\"elementor-swiper-button elementor-swiper-button-prev\" role=\"button\" tabindex=\"0\">\n\t\t\t\t\t\t<i aria-hidden=\"true\" class=\"eicon-chevron-left\"><\/i>\t\t\t\t\t<\/div>\n\t\t\t\t\t<div class=\"elementor-swiper-button elementor-swiper-button-next\" role=\"button\" tabindex=\"0\">\n\t\t\t\t\t\t<i aria-hidden=\"true\" class=\"eicon-chevron-right\"><\/i>\t\t\t\t\t<\/div>\n\t\t\t\t\n\t\t\t\t\t\t\t\t\t<div class=\"swiper-pagination\"><\/div>\n\t\t\t\t\t\t\t\t\t<\/div>\n\t\t\t\t\t\t<\/div>\n\t\t\t\t<\/div>\n\t\t\t\t\t<\/div>\n\t\t\t\t<\/div>\n\t\t\t\t<\/div>","protected":false},"excerpt":{"rendered":"<p>Vermittlung gemeinsamer Projekte Identifikation potenzieller Projektpartner: Strategische Zusammenf\u00fchrung komplement\u00e4rer Unternehmen: Moderation gemeinsamer Vorhaben und Projektstarts: Begleitung von Pilotprojekten und Kooperationen:. Gemeinsame Projekte entstehen nicht durch Zufall, sondern durch kluge Verbindung. Wer mit den richtigen Partnern arbeitet, erweitert seine M\u00f6glichkeiten, teilt Ressourcen und schafft neue M\u00e4rkte. Doch die Realit\u00e4t ist klar: Die meisten Partnerschaften scheitern nicht [&hellip;]<\/p>","protected":false},"author":1,"featured_media":0,"parent":16260,"menu_order":0,"comment_status":"closed","ping_status":"closed","template":"","meta":{"om_disable_all_campaigns":false,"_monsterinsights_skip_tracking":false,"_monsterinsights_sitenote_active":false,"_monsterinsights_sitenote_note":"","_monsterinsights_sitenote_category":0,"footnotes":""},"class_list":["post-16457","page","type-page","status-publish","hentry"],"aioseo_notices":[],"_links":{"self":[{"href":"https:\/\/mpaiers.de\/tr\/wp-json\/wp\/v2\/pages\/16457","targetHints":{"allow":["GET"]}}],"collection":[{"href":"https:\/\/mpaiers.de\/tr\/wp-json\/wp\/v2\/pages"}],"about":[{"href":"https:\/\/mpaiers.de\/tr\/wp-json\/wp\/v2\/types\/page"}],"author":[{"embeddable":true,"href":"https:\/\/mpaiers.de\/tr\/wp-json\/wp\/v2\/users\/1"}],"replies":[{"embeddable":true,"href":"https:\/\/mpaiers.de\/tr\/wp-json\/wp\/v2\/comments?post=16457"}],"version-history":[{"count":0,"href":"https:\/\/mpaiers.de\/tr\/wp-json\/wp\/v2\/pages\/16457\/revisions"}],"up":[{"embeddable":true,"href":"https:\/\/mpaiers.de\/tr\/wp-json\/wp\/v2\/pages\/16260"}],"wp:attachment":[{"href":"https:\/\/mpaiers.de\/tr\/wp-json\/wp\/v2\/media?parent=16457"}],"curies":[{"name":"wp","href":"https:\/\/api.w.org\/{rel}","templated":true}]}}