{"id":16451,"date":"2025-05-14T08:12:56","date_gmt":"2025-05-14T08:12:56","guid":{"rendered":"https:\/\/mpaiers.de\/?page_id=16451"},"modified":"2025-07-26T10:18:17","modified_gmt":"2025-07-26T10:18:17","slug":"teilnahme-an-plattformen-und-datenzugang","status":"publish","type":"page","link":"https:\/\/mpaiers.de\/tr\/vernetzen\/teilnahme-an-plattformen-und-datenzugang\/","title":{"rendered":"Platformlara kat\u0131l\u0131m ve veri eri\u015fimi"},"content":{"rendered":"<div data-elementor-type=\"wp-page\" data-elementor-id=\"16451\" class=\"elementor elementor-16451\" data-elementor-post-type=\"page\">\n\t\t\t\t<div class=\"elementor-element elementor-element-0a221de e-con-full e-flex e-con e-parent\" data-id=\"0a221de\" data-element_type=\"container\" data-e-type=\"container\">\n\t\t\t\t<div class=\"elementor-element elementor-element-d60865d elementor-widget elementor-widget-go-s-heading\" data-id=\"d60865d\" data-element_type=\"widget\" data-e-type=\"widget\" data-widget_type=\"go-s-heading.default\">\n\t\t\t\t<div class=\"elementor-widget-container\">\n\t\t\t\t\t<div class=\"agn-faqs-2-sec-title prthalign\">\n        <h1 class=\"elementor-gt-heading agn-sec-title-2 agn-split-3 wa-fix\">Platformlara kat\u0131l\u0131m ve veri eri\u015fimi<\/h1><\/div>\t\t\t\t<\/div>\n\t\t\t\t<\/div>\n\t\t\t\t<\/div>\n\t\t<div class=\"elementor-element elementor-element-40f7e29 e-flex e-con-boxed e-con e-parent\" data-id=\"40f7e29\" data-element_type=\"container\" data-e-type=\"container\">\n\t\t\t\t\t<div class=\"e-con-inner\">\n\t\t<div class=\"elementor-element elementor-element-c7b5b4b e-con-full e-flex e-con e-child\" data-id=\"c7b5b4b\" data-element_type=\"container\" data-e-type=\"container\">\n\t\t\t\t<div class=\"elementor-element elementor-element-790d95f elementor-widget elementor-widget-text-editor\" data-id=\"790d95f\" data-element_type=\"widget\" data-e-type=\"widget\" data-widget_type=\"text-editor.default\">\n\t\t\t\t<div class=\"elementor-widget-container\">\n\t\t\t\t\t\t\t\t\t<p><strong data-start=\"530\" data-end=\"576\">Sekt\u00f6re \u00f6zel platformlara eri\u015fim:<\/strong><\/p>\t\t\t\t\t\t\t\t<\/div>\n\t\t\t\t<\/div>\n\t\t\t\t<\/div>\n\t\t<div class=\"elementor-element elementor-element-ea4b00a e-con-full e-flex e-con e-child\" data-id=\"ea4b00a\" data-element_type=\"container\" data-e-type=\"container\">\n\t\t\t\t<div class=\"elementor-element elementor-element-1cbf311 elementor-widget elementor-widget-text-editor\" data-id=\"1cbf311\" data-element_type=\"widget\" data-e-type=\"widget\" data-widget_type=\"text-editor.default\">\n\t\t\t\t<div class=\"elementor-widget-container\">\n\t\t\t\t\t\t\t\t\t<p><strong data-start=\"744\" data-end=\"785\">Dijital a\u011flarda ve pazar yerlerinde konumland\u0131rma:<\/strong><\/p>\t\t\t\t\t\t\t\t<\/div>\n\t\t\t\t<\/div>\n\t\t\t\t<\/div>\n\t\t<div class=\"elementor-element elementor-element-1033f00 e-con-full e-flex e-con e-child\" data-id=\"1033f00\" data-element_type=\"container\" data-e-type=\"container\">\n\t\t\t\t<div class=\"elementor-element elementor-element-7ce167f elementor-widget elementor-widget-text-editor\" data-id=\"7ce167f\" data-element_type=\"widget\" data-e-type=\"widget\" data-widget_type=\"text-editor.default\">\n\t\t\t\t<div class=\"elementor-widget-container\">\n\t\t\t\t\t\t\t\t\t<p><strong data-start=\"744\" data-end=\"785\">Veri tabanl\u0131 sistemlere ve aray\u00fczlere eri\u015fim:<\/strong><\/p>\t\t\t\t\t\t\t\t<\/div>\n\t\t\t\t<\/div>\n\t\t\t\t<\/div>\n\t\t<div class=\"elementor-element elementor-element-5cc18d5 e-con-full e-flex e-con e-child\" data-id=\"5cc18d5\" data-element_type=\"container\" data-e-type=\"container\">\n\t\t\t\t<div class=\"elementor-element elementor-element-fe0a9f7 elementor-widget elementor-widget-text-editor\" data-id=\"fe0a9f7\" data-element_type=\"widget\" data-e-type=\"widget\" data-widget_type=\"text-editor.default\">\n\t\t\t\t<div class=\"elementor-widget-container\">\n\t\t\t\t\t\t\t\t\t<p><strong data-start=\"951\" data-end=\"976\">\u0130li\u015fkilerle ilgili verileri olu\u015fturmak ve s\u00fcrd\u00fcrmek:<\/strong><\/p>\t\t\t\t\t\t\t\t<\/div>\n\t\t\t\t<\/div>\n\t\t\t\t<\/div>\n\t\t\t\t\t<\/div>\n\t\t\t\t<\/div>\n\t\t<div class=\"elementor-element elementor-element-796366f e-flex e-con-boxed e-con e-parent\" data-id=\"796366f\" data-element_type=\"container\" data-e-type=\"container\">\n\t\t\t\t\t<div class=\"e-con-inner\">\n\t\t<div class=\"elementor-element elementor-element-4c7b0d9 e-con-full e-flex e-con e-child\" data-id=\"4c7b0d9\" data-element_type=\"container\" data-e-type=\"container\" data-settings=\"{&quot;background_background&quot;:&quot;classic&quot;}\">\n\t\t\t\t<div class=\"elementor-element elementor-element-d0bebfc elementor-widget elementor-widget-image\" data-id=\"d0bebfc\" data-element_type=\"widget\" data-e-type=\"widget\" data-widget_type=\"image.default\">\n\t\t\t\t<div class=\"elementor-widget-container\">\n\t\t\t\t\t\t\t\t\t\t\t\t\t\t\t<img fetchpriority=\"high\" decoding=\"async\" width=\"1000\" height=\"1500\" src=\"https:\/\/mpaiers.de\/wp-content\/uploads\/2025\/05\/Sectoral-platforms-and-data-exchange.jpg\" class=\"attachment-full size-full wp-image-16453\" alt=\"\" srcset=\"https:\/\/mpaiers.de\/wp-content\/uploads\/2025\/05\/Sectoral-platforms-and-data-exchange.jpg 1000w, https:\/\/mpaiers.de\/wp-content\/uploads\/2025\/05\/Sectoral-platforms-and-data-exchange-600x900.jpg 600w\" sizes=\"(max-width: 1000px) 100vw, 1000px\" \/>\t\t\t\t\t\t\t\t\t\t\t\t\t\t\t<\/div>\n\t\t\t\t<\/div>\n\t\t\t\t<\/div>\n\t\t<div class=\"elementor-element elementor-element-3130875 e-con-full e-flex e-con e-child\" data-id=\"3130875\" data-element_type=\"container\" data-e-type=\"container\">\n\t\t\t\t<div class=\"elementor-element elementor-element-7626bb2 elementor-widget elementor-widget-text-editor\" data-id=\"7626bb2\" data-element_type=\"widget\" data-e-type=\"widget\" data-widget_type=\"text-editor.default\">\n\t\t\t\t<div class=\"elementor-widget-container\">\n\t\t\t\t\t\t\t\t\t<p>Dijital platformlarda olmayan, mevcut olan, ger\u00e7ekle\u015fmez. Sekt\u00f6re \u00f6zg\u00fc, halka a\u00e7\u0131k veya kapal\u0131 olsun veya olmas\u0131n. \u0130\u015f s\u00fcre\u00e7lerinin, temaslar\u0131n ve kararlar\u0131n \u00e7o\u011fu bug\u00fcn dijital alanlarda yap\u0131lmaktad\u0131r. Orada kim var, g\u00f6r\u00fcn\u00fcr ve yeni ba\u011flant\u0131lara a\u00e7\u0131k, eri\u015fimini art\u0131r\u0131yor, konumunu geli\u015ftiriyor ve de\u011ferli bilgilere stratejik eri\u015fim kazan\u0131yor. Veriler sadece Say\u0131lar de\u011fil, hareket, pazar ve liderdir.<\/p><p><strong>Platform varl\u0131\u011f\u0131n\u0131z i\u00e7in uygulamam\u0131z<\/strong><strong data-start=\"491\" data-end=\"526\">:<\/strong><\/p><ul data-start=\"528\" data-end=\"1347\"><li class=\"\" data-start=\"528\" data-end=\"740\"><p class=\"\" data-start=\"530\" data-end=\"740\"><strong data-start=\"530\" data-end=\"576\">Sekt\u00f6re \u00f6zel platformlara eri\u015fim:<\/strong><br data-start=\"576\" data-end=\"579\" \/>\u0130lgili platformlar\u0131, end\u00fcstri portallar\u0131n\u0131 ve dijital a\u011flar\u0131 belirler ve \u015firketinizi \u00f6zel olarak konumland\u0131r\u0131r\u0131z. Proje i\u015finde bir tedarik\u00e7i, hizmet sa\u011flay\u0131c\u0131, yap\u0131mc\u0131 veya oyuncuysan\u0131z, onu \u00f6nemli olan a\u015famaya getiririz.<\/p><\/li><li class=\"\" data-start=\"742\" data-end=\"947\"><p class=\"\" data-start=\"744\" data-end=\"947\"><strong data-start=\"744\" data-end=\"785\">Dijital a\u011flarda ve pazar yerlerinde konumland\u0131rma:<\/strong><br data-start=\"785\" data-end=\"788\" \/>G\u00f6r\u00fcn\u00fcrl\u00fck ve ba\u011flant\u0131 sa\u011fl\u0131yoruz. Bu, do\u011fru karar\u0131n ta\u015f\u0131y\u0131c\u0131lar\u0131 olarak alg\u0131lanan bo\u015f Profiller de\u011fil, stratejik olarak yerle\u015ftirilmi\u015f i\u00e7erik, referanslar ve ki\u015filer anlam\u0131na gelir.<\/p><\/li><li class=\"\" data-start=\"949\" data-end=\"1151\"><p class=\"\" data-start=\"951\" data-end=\"1151\"><strong data-start=\"951\" data-end=\"976\">Veri tabanl\u0131 sistemlere ve aray\u00fczlere eri\u015fim:<\/strong><br data-start=\"976\" data-end=\"979\" \/>Dijital sistemleri anlaman\u0131za ve ak\u0131ll\u0131ca kullanman\u0131za yard\u0131mc\u0131 olaca\u011f\u0131z. B2B aray\u00fczleri Otomatik Raporlamaya kadar platform ara\u00e7lar\u0131n\u0131 kullanarak karma\u015f\u0131kl\u0131\u011f\u0131 kullan\u0131labilir hale getiriyoruz.<\/p><\/li><li class=\"\" data-start=\"1153\" data-end=\"1347\"><p class=\"\" data-start=\"1155\" data-end=\"1347\"><strong data-start=\"1155\" data-end=\"1205\">\u0130li\u015fkilerle ilgili verileri olu\u015fturmak ve s\u00fcrd\u00fcrmek:<\/strong><br data-start=\"1205\" data-end=\"1208\" \/>\u0130leti\u015fim platformlar\u0131n\u0131, bir rehber dizininden daha fazlas\u0131 olacak \u015fekilde yap\u0131land\u0131r\u0131yoruz. Veri ili\u015fkileriniz aktif olarak s\u00fcrd\u00fcr\u00fclmeli, g\u00fcncellenmeli ve \u0130\u00e7g\u00f6r\u00fc, Anla\u015fmalar ve geli\u015ftirme i\u00e7in kullan\u0131lmal\u0131d\u0131r.<\/p><\/li><\/ul><p><strong>Kimin eri\u015fimi yok, sen oynam\u0131yorsun<\/strong><strong data-start=\"1349\" data-end=\"1365\">:<\/strong><\/p><p>Platformlar\u0131 Ara\u00e7 olarak anl\u0131yoruz, ancak oyunun kendi kurallar\u0131na sahip bir alan olarak anl\u0131yoruz. Temiz bir konumda olmayan, g\u00f6r\u00fcn\u00fcrl\u00fc\u011f\u00fcn\u00fc, f\u0131rsatlar\u0131n\u0131 ve kontrol\u00fcn\u00fc kaybeder. Hareketi yaratmak i\u00e7in sizi do\u011fru sistemlere getiriyor, resimde netlik sa\u011fl\u0131yor ve verilere eri\u015fimi g\u00fcvence alt\u0131na al\u0131yoruz. Bizim i\u00e7in bu bir varl\u0131k de\u011fil, bir etkidir.<\/p>\t\t\t\t\t\t\t\t<\/div>\n\t\t\t\t<\/div>\n\t\t\t\t<\/div>\n\t\t\t\t\t<\/div>\n\t\t\t\t<\/div>\n\t\t<div class=\"elementor-element elementor-element-2045ea0 e-flex e-con-boxed e-con e-parent\" data-id=\"2045ea0\" data-element_type=\"container\" data-e-type=\"container\">\n\t\t\t\t\t<div class=\"e-con-inner\">\n\t\t\t\t<div class=\"elementor-element elementor-element-161da0c elementor-arrows-position-inside elementor-pagination-position-outside elementor-widget elementor-widget-image-carousel\" data-id=\"161da0c\" data-element_type=\"widget\" data-e-type=\"widget\" data-settings=\"{&quot;slides_to_show&quot;:&quot;4&quot;,&quot;slides_to_show_mobile&quot;:&quot;2&quot;,&quot;navigation&quot;:&quot;both&quot;,&quot;autoplay&quot;:&quot;yes&quot;,&quot;pause_on_hover&quot;:&quot;yes&quot;,&quot;pause_on_interaction&quot;:&quot;yes&quot;,&quot;autoplay_speed&quot;:5000,&quot;infinite&quot;:&quot;yes&quot;,&quot;speed&quot;:500}\" data-widget_type=\"image-carousel.default\">\n\t\t\t\t<div class=\"elementor-widget-container\">\n\t\t\t\t\t\t\t<div class=\"elementor-image-carousel-wrapper swiper\" role=\"region\" aria-roledescription=\"carousel\" aria-label=\"Resim D\u00f6ng\u00fcs\u00fc\" dir=\"ltr\">\n\t\t\t<div class=\"elementor-image-carousel swiper-wrapper\" aria-live=\"off\">\n\t\t\t\t\t\t\t\t<div class=\"swiper-slide\" role=\"group\" aria-roledescription=\"slide\" aria-label=\"1 von 4\"><figure class=\"swiper-slide-inner\"><img decoding=\"async\" class=\"swiper-slide-image\" src=\"https:\/\/mpaiers.de\/wp-content\/uploads\/2025\/03\/s1-img-5.webp\" alt=\"s1-img-5.webp\" \/><\/figure><\/div><div class=\"swiper-slide\" role=\"group\" aria-roledescription=\"slide\" aria-label=\"2 von 4\"><figure class=\"swiper-slide-inner\"><img decoding=\"async\" class=\"swiper-slide-image\" src=\"https:\/\/mpaiers.de\/wp-content\/uploads\/2025\/03\/s1-img-4.webp\" alt=\"s1-img-4.webp\" \/><\/figure><\/div><div class=\"swiper-slide\" role=\"group\" aria-roledescription=\"slide\" aria-label=\"3 von 4\"><figure class=\"swiper-slide-inner\"><img decoding=\"async\" class=\"swiper-slide-image\" src=\"https:\/\/mpaiers.de\/wp-content\/uploads\/2025\/03\/s1-img-3.webp\" alt=\"s1-img-3.webp\" \/><\/figure><\/div><div class=\"swiper-slide\" role=\"group\" aria-roledescription=\"slide\" aria-label=\"4 von 4\"><figure class=\"swiper-slide-inner\"><img decoding=\"async\" class=\"swiper-slide-image\" src=\"https:\/\/mpaiers.de\/wp-content\/uploads\/2025\/03\/s1-img-2.webp\" alt=\"s1-img-2.webp\" \/><\/figure><\/div>\t\t\t<\/div>\n\t\t\t\t\t\t\t\t\t\t\t\t<div class=\"elementor-swiper-button elementor-swiper-button-prev\" role=\"button\" tabindex=\"0\">\n\t\t\t\t\t\t<i aria-hidden=\"true\" class=\"eicon-chevron-left\"><\/i>\t\t\t\t\t<\/div>\n\t\t\t\t\t<div class=\"elementor-swiper-button elementor-swiper-button-next\" role=\"button\" tabindex=\"0\">\n\t\t\t\t\t\t<i aria-hidden=\"true\" class=\"eicon-chevron-right\"><\/i>\t\t\t\t\t<\/div>\n\t\t\t\t\n\t\t\t\t\t\t\t\t\t<div class=\"swiper-pagination\"><\/div>\n\t\t\t\t\t\t\t\t\t<\/div>\n\t\t\t\t\t\t<\/div>\n\t\t\t\t<\/div>\n\t\t\t\t\t<\/div>\n\t\t\t\t<\/div>\n\t\t\t\t<\/div>","protected":false},"excerpt":{"rendered":"<p>Teilnahme an Plattformen und Datenzugang Zugang zu branchenspezifischen Plattformen: Positionierung in digitalen Netzwerken und Marktpl\u00e4tzen: Anbindung an datenbasierte Systeme und Schnittstellen: Aufbau und Pflege relevanter Datenbeziehungen: Wer in digitalen Plattformen nicht pr\u00e4sent ist, findet nicht statt. Ob branchenspezifisch, \u00f6ffentlich oder geschlossen. Viele gesch\u00e4ftliche Prozesse, Kontakte und Entscheidungen entstehen heute in digitalen R\u00e4umen. Wer dort sichtbar [&hellip;]<\/p>","protected":false},"author":1,"featured_media":0,"parent":16260,"menu_order":0,"comment_status":"closed","ping_status":"closed","template":"","meta":{"om_disable_all_campaigns":false,"_monsterinsights_skip_tracking":false,"_monsterinsights_sitenote_active":false,"_monsterinsights_sitenote_note":"","_monsterinsights_sitenote_category":0,"footnotes":""},"class_list":["post-16451","page","type-page","status-publish","hentry"],"aioseo_notices":[],"_links":{"self":[{"href":"https:\/\/mpaiers.de\/tr\/wp-json\/wp\/v2\/pages\/16451","targetHints":{"allow":["GET"]}}],"collection":[{"href":"https:\/\/mpaiers.de\/tr\/wp-json\/wp\/v2\/pages"}],"about":[{"href":"https:\/\/mpaiers.de\/tr\/wp-json\/wp\/v2\/types\/page"}],"author":[{"embeddable":true,"href":"https:\/\/mpaiers.de\/tr\/wp-json\/wp\/v2\/users\/1"}],"replies":[{"embeddable":true,"href":"https:\/\/mpaiers.de\/tr\/wp-json\/wp\/v2\/comments?post=16451"}],"version-history":[{"count":0,"href":"https:\/\/mpaiers.de\/tr\/wp-json\/wp\/v2\/pages\/16451\/revisions"}],"up":[{"embeddable":true,"href":"https:\/\/mpaiers.de\/tr\/wp-json\/wp\/v2\/pages\/16260"}],"wp:attachment":[{"href":"https:\/\/mpaiers.de\/tr\/wp-json\/wp\/v2\/media?parent=16451"}],"curies":[{"name":"wp","href":"https:\/\/api.w.org\/{rel}","templated":true}]}}