{"id":16433,"date":"2025-05-14T08:02:15","date_gmt":"2025-05-14T08:02:15","guid":{"rendered":"https:\/\/mpaiers.de\/?page_id=16433"},"modified":"2025-07-26T10:17:14","modified_gmt":"2025-07-26T10:17:14","slug":"aufbau-institutioneller-partnerschaften","status":"publish","type":"page","link":"https:\/\/mpaiers.de\/tr\/vernetzen\/aufbau-institutioneller-partnerschaften\/","title":{"rendered":"Kurumsal ortakl\u0131klar"},"content":{"rendered":"<div data-elementor-type=\"wp-page\" data-elementor-id=\"16433\" class=\"elementor elementor-16433\" data-elementor-post-type=\"page\">\n\t\t\t\t<div class=\"elementor-element elementor-element-9aeaf30 e-con-full e-flex e-con e-parent\" data-id=\"9aeaf30\" data-element_type=\"container\" data-e-type=\"container\">\n\t\t\t\t<div class=\"elementor-element elementor-element-3181ef7 elementor-widget elementor-widget-go-s-heading\" data-id=\"3181ef7\" data-element_type=\"widget\" data-e-type=\"widget\" data-widget_type=\"go-s-heading.default\">\n\t\t\t\t<div class=\"elementor-widget-container\">\n\t\t\t\t\t<div class=\"agn-faqs-2-sec-title prthalign\">\n        <h1 class=\"elementor-gt-heading agn-sec-title-2 agn-split-3 wa-fix\">Kurumsal ortakl\u0131klar<br \/>\n<br \/>\n<\/h1><\/div>\t\t\t\t<\/div>\n\t\t\t\t<\/div>\n\t\t\t\t<\/div>\n\t\t<div class=\"elementor-element elementor-element-14a9ec1 e-flex e-con-boxed e-con e-parent\" data-id=\"14a9ec1\" data-element_type=\"container\" data-e-type=\"container\">\n\t\t\t\t\t<div class=\"e-con-inner\">\n\t\t<div class=\"elementor-element elementor-element-3b894e0 e-con-full e-flex e-con e-child\" data-id=\"3b894e0\" data-element_type=\"container\" data-e-type=\"container\">\n\t\t\t\t<div class=\"elementor-element elementor-element-aeaf0d0 elementor-widget elementor-widget-text-editor\" data-id=\"aeaf0d0\" data-element_type=\"widget\" data-e-type=\"widget\" data-widget_type=\"text-editor.default\">\n\t\t\t\t<div class=\"elementor-widget-container\">\n\t\t\t\t\t\t\t\t\t<p><strong data-start=\"368\" data-end=\"405\">Oda, dernek ve kurumlarla ileti\u015fim:<\/strong><\/p>\t\t\t\t\t\t\t\t<\/div>\n\t\t\t\t<\/div>\n\t\t\t\t<\/div>\n\t\t<div class=\"elementor-element elementor-element-c49cf2a e-con-full e-flex e-con e-child\" data-id=\"c49cf2a\" data-element_type=\"container\" data-e-type=\"container\">\n\t\t\t\t<div class=\"elementor-element elementor-element-dbe9b56 elementor-widget elementor-widget-text-editor\" data-id=\"dbe9b56\" data-element_type=\"widget\" data-e-type=\"widget\" data-widget_type=\"text-editor.default\">\n\t\t\t\t<div class=\"elementor-widget-container\">\n\t\t\t\t\t\t\t\t\t<p><strong data-start=\"577\" data-end=\"605\">Stratejik d\u00fczeyde uzun vadeli i\u015fbirli\u011finin geli\u015ftirilmesi:<\/strong><\/p>\t\t\t\t\t\t\t\t<\/div>\n\t\t\t\t<\/div>\n\t\t\t\t<\/div>\n\t\t<div class=\"elementor-element elementor-element-ee31134 e-con-full e-flex e-con e-child\" data-id=\"ee31134\" data-element_type=\"container\" data-e-type=\"container\">\n\t\t\t\t<div class=\"elementor-element elementor-element-90ea4ba elementor-widget elementor-widget-text-editor\" data-id=\"90ea4ba\" data-element_type=\"widget\" data-e-type=\"widget\" data-widget_type=\"text-editor.default\">\n\t\t\t\t<div class=\"elementor-widget-container\">\n\t\t\t\t\t\t\t\t\t<p><strong data-start=\"790\" data-end=\"838\">Ekonomik, politik ve sosyal akt\u00f6rlerle a\u011f kurma:<\/strong><\/p>\t\t\t\t\t\t\t\t<\/div>\n\t\t\t\t<\/div>\n\t\t\t\t<\/div>\n\t\t<div class=\"elementor-element elementor-element-871a293 e-con-full e-flex e-con e-child\" data-id=\"871a293\" data-element_type=\"container\" data-e-type=\"container\">\n\t\t\t\t<div class=\"elementor-element elementor-element-ef5c2b6 elementor-widget elementor-widget-text-editor\" data-id=\"ef5c2b6\" data-element_type=\"widget\" data-e-type=\"widget\" data-widget_type=\"text-editor.default\">\n\t\t\t\t<div class=\"elementor-widget-container\">\n\t\t\t\t\t\t\t\t\t<p><strong data-start=\"790\" data-end=\"838\">Yap\u0131land\u0131r\u0131lm\u0131\u015f ili\u015fki y\u00f6netimi ve ba\u011flay\u0131c\u0131 ileti\u015fim:<\/strong><\/p>\t\t\t\t\t\t\t\t<\/div>\n\t\t\t\t<\/div>\n\t\t\t\t<\/div>\n\t\t\t\t\t<\/div>\n\t\t\t\t<\/div>\n\t\t<div class=\"elementor-element elementor-element-c176946 e-flex e-con-boxed e-con e-parent\" data-id=\"c176946\" data-element_type=\"container\" data-e-type=\"container\">\n\t\t\t\t\t<div class=\"e-con-inner\">\n\t\t<div class=\"elementor-element elementor-element-a4f082f e-con-full e-flex e-con e-child\" data-id=\"a4f082f\" data-element_type=\"container\" data-e-type=\"container\" data-settings=\"{&quot;background_background&quot;:&quot;classic&quot;}\">\n\t\t\t\t<div class=\"elementor-element elementor-element-85d715c elementor-widget elementor-widget-image\" data-id=\"85d715c\" data-element_type=\"widget\" data-e-type=\"widget\" data-widget_type=\"image.default\">\n\t\t\t\t<div class=\"elementor-widget-container\">\n\t\t\t\t\t\t\t\t\t\t\t\t\t\t\t<img fetchpriority=\"high\" decoding=\"async\" width=\"1000\" height=\"1500\" src=\"https:\/\/mpaiers.de\/wp-content\/uploads\/2025\/05\/Corporate-collaborations-1.jpg\" class=\"attachment-full size-full wp-image-16437\" alt=\"\" srcset=\"https:\/\/mpaiers.de\/wp-content\/uploads\/2025\/05\/Corporate-collaborations-1.jpg 1000w, https:\/\/mpaiers.de\/wp-content\/uploads\/2025\/05\/Corporate-collaborations-1-600x900.jpg 600w, https:\/\/mpaiers.de\/wp-content\/uploads\/2025\/05\/Corporate-collaborations-1-200x300.jpg 200w, https:\/\/mpaiers.de\/wp-content\/uploads\/2025\/05\/Corporate-collaborations-1-683x1024.jpg 683w, https:\/\/mpaiers.de\/wp-content\/uploads\/2025\/05\/Corporate-collaborations-1-768x1152.jpg 768w\" sizes=\"(max-width: 1000px) 100vw, 1000px\" \/>\t\t\t\t\t\t\t\t\t\t\t\t\t\t\t<\/div>\n\t\t\t\t<\/div>\n\t\t\t\t<\/div>\n\t\t<div class=\"elementor-element elementor-element-3a23d43 e-con-full e-flex e-con e-child\" data-id=\"3a23d43\" data-element_type=\"container\" data-e-type=\"container\">\n\t\t\t\t<div class=\"elementor-element elementor-element-b17d061 elementor-widget elementor-widget-text-editor\" data-id=\"b17d061\" data-element_type=\"widget\" data-e-type=\"widget\" data-widget_type=\"text-editor.default\">\n\t\t\t\t<div class=\"elementor-widget-container\">\n\t\t\t\t\t\t\t\t\t<p>Kurumsal ortakl\u0131klar Prestij de\u011fildir, stratejik bir kald\u0131ra\u00e7s\u0131n\u0131z. Do\u011fru a\u011flara kim dahil olursa, onun d\u0131\u015f\u0131nda var olmayan f\u0131rsatlara eri\u015fin. Buraya demirleyen odalar, dernekler, kurumlar zekidir, g\u00f6r\u00fcn\u00fcrd\u00fcr, ciddiye al\u0131n\u0131r ve \u00f6nce sizden s\u0131k\u00e7a sorulur. Bu seviyedeki ili\u015fkiler de\u011fi\u015fir, g\u00fcven, ve siyasi n\u00fcfuz.<\/p><p><strong>Eri\u015fiminiz i\u00e7in uygulamam\u0131z<\/strong><strong data-start=\"345\" data-end=\"364\">:<\/strong><\/p><ul data-start=\"366\" data-end=\"1134\"><li class=\"\" data-start=\"366\" data-end=\"573\"><p class=\"\" data-start=\"368\" data-end=\"573\"><strong data-start=\"368\" data-end=\"405\">Oda, dernek ve kurumlarla ileti\u015fim:<\/strong><br data-start=\"405\" data-end=\"408\" \/>B\u00f6lgesel, ulusal ve gerekirse uluslararas\u0131 alanda ilgili kurumlara kap\u0131lar\u0131 a\u00e7\u0131yoruz. Ticaret ve sanayi odas\u0131, el sanatlar\u0131 odas\u0131, sanayi veya ekonomi odas\u0131 olsun, ileti\u015fimi destekliyor, hayal ediyor ve sohbete dahil ediyoruz.<\/p><\/li><li class=\"\" data-start=\"575\" data-end=\"786\"><p class=\"\" data-start=\"577\" data-end=\"786\"><strong data-start=\"577\" data-end=\"605\">Stratejik d\u00fczeyde uzun vadeli i\u015fbirli\u011finin geli\u015ftirilmesi:<\/strong><\/p><p>Uygun kurumlar\u0131 belirlemek ve hedefli ileti\u015fim geli\u015ftirmek i\u00e7in sizinle birlikte \u00e7al\u0131\u015f\u0131yoruz. Tek seferlik temaslar de\u011fil, ortak Fayda ve s\u00fcrd\u00fcr\u00fclebilir etki ile uyumlu s\u00fcrd\u00fcr\u00fclebilir ili\u015fkiler.<\/p><\/li><li class=\"\" data-start=\"788\" data-end=\"966\"><p class=\"\" data-start=\"790\" data-end=\"966\"><strong data-start=\"790\" data-end=\"838\">Ekonomik, politik ve sosyal akt\u00f6rlerle a\u011f kurma:<\/strong><\/p><p>Y\u00f6netim, politika, dernekler ve kilit end\u00fcstri sekt\u00f6rlerinde karar vericilere k\u00f6pr\u00fcler kuruyoruz. Uyum, saat ve Zamanlamaya dikkat ediyoruz ve sorunlar\u0131n\u0131z\u0131 do\u011fru zamanda do\u011fru masaya getiriyoruz.<\/p><\/li><li class=\"\" data-start=\"968\" data-end=\"1134\"><p class=\"\" data-start=\"970\" data-end=\"1134\"><strong data-start=\"970\" data-end=\"1002\">Yap\u0131land\u0131r\u0131lm\u0131\u015f ili\u015fki y\u00f6netimi ve ba\u011flay\u0131c\u0131 ileti\u015fim:<\/strong><br data-start=\"1002\" data-end=\"1005\" \/>Sadece ilk temasa e\u015flik etmiyoruz, ayn\u0131 zamanda ili\u015fkinin bak\u0131m\u0131n\u0131 da yap\u0131land\u0131r\u0131yoruz. Net ileti\u015fim, \u00f6l\u00e7\u00fclebilir hedefler ve profesyonel izleme ile mevcut ve alakal\u0131 kal\u0131rs\u0131n\u0131z.<\/p><\/li><\/ul><p><strong>A\u011flar rastgele de\u011fil, stratejidir<\/strong><strong data-start=\"1136\" data-end=\"1188\">:<\/strong><\/p><p>Kartvizitleri yuvarlak yapm\u0131yoruz, ki\u015filerden herhangi birini kullanm\u0131yoruz veya da\u011f\u0131tm\u0131yoruz, fizzle. \u0130li\u015fkiler kurar\u0131z, ta\u015f\u0131r\u0131z, \u00e7\u00fcnk\u00fc bunlar kas\u0131tl\u0131 olarak se\u00e7ilir, kas\u0131tl\u0131 olarak korunur ve terc\u00fcme edilmek \u00fczere ger\u00e7ek i\u015fbirli\u011fi i\u00e7inde se\u00e7ilir. Ba\u015fkalar\u0131n\u0131n sorular\u0131 bekledi\u011fi yerde, m\u00fc\u015fterimiz zaten odada. Kim madde istiyor, ba\u011fl\u0131, bir \u015fekilde de\u011fil, do\u011fru.<\/p>\t\t\t\t\t\t\t\t<\/div>\n\t\t\t\t<\/div>\n\t\t\t\t<\/div>\n\t\t\t\t\t<\/div>\n\t\t\t\t<\/div>\n\t\t<div class=\"elementor-element elementor-element-3d3790c e-flex e-con-boxed e-con e-parent\" data-id=\"3d3790c\" data-element_type=\"container\" data-e-type=\"container\">\n\t\t\t\t\t<div class=\"e-con-inner\">\n\t\t\t\t<div class=\"elementor-element elementor-element-7e387d5 elementor-arrows-position-inside elementor-pagination-position-outside elementor-widget elementor-widget-image-carousel\" data-id=\"7e387d5\" data-element_type=\"widget\" data-e-type=\"widget\" data-settings=\"{&quot;slides_to_show&quot;:&quot;4&quot;,&quot;slides_to_show_mobile&quot;:&quot;2&quot;,&quot;navigation&quot;:&quot;both&quot;,&quot;autoplay&quot;:&quot;yes&quot;,&quot;pause_on_hover&quot;:&quot;yes&quot;,&quot;pause_on_interaction&quot;:&quot;yes&quot;,&quot;autoplay_speed&quot;:5000,&quot;infinite&quot;:&quot;yes&quot;,&quot;speed&quot;:500}\" data-widget_type=\"image-carousel.default\">\n\t\t\t\t<div class=\"elementor-widget-container\">\n\t\t\t\t\t\t\t<div class=\"elementor-image-carousel-wrapper swiper\" role=\"region\" aria-roledescription=\"carousel\" aria-label=\"Resim D\u00f6ng\u00fcs\u00fc\" dir=\"ltr\">\n\t\t\t<div class=\"elementor-image-carousel swiper-wrapper\" aria-live=\"off\">\n\t\t\t\t\t\t\t\t<div class=\"swiper-slide\" role=\"group\" aria-roledescription=\"slide\" aria-label=\"1 von 4\"><figure class=\"swiper-slide-inner\"><img decoding=\"async\" class=\"swiper-slide-image\" src=\"https:\/\/mpaiers.de\/wp-content\/uploads\/2025\/03\/s1-img-5.webp\" alt=\"s1-img-5.webp\" \/><\/figure><\/div><div class=\"swiper-slide\" role=\"group\" aria-roledescription=\"slide\" aria-label=\"2 von 4\"><figure class=\"swiper-slide-inner\"><img decoding=\"async\" class=\"swiper-slide-image\" src=\"https:\/\/mpaiers.de\/wp-content\/uploads\/2025\/03\/s1-img-4.webp\" alt=\"s1-img-4.webp\" \/><\/figure><\/div><div class=\"swiper-slide\" role=\"group\" aria-roledescription=\"slide\" aria-label=\"3 von 4\"><figure class=\"swiper-slide-inner\"><img decoding=\"async\" class=\"swiper-slide-image\" src=\"https:\/\/mpaiers.de\/wp-content\/uploads\/2025\/03\/s1-img-3.webp\" alt=\"s1-img-3.webp\" \/><\/figure><\/div><div class=\"swiper-slide\" role=\"group\" aria-roledescription=\"slide\" aria-label=\"4 von 4\"><figure class=\"swiper-slide-inner\"><img decoding=\"async\" class=\"swiper-slide-image\" src=\"https:\/\/mpaiers.de\/wp-content\/uploads\/2025\/03\/s1-img-2.webp\" alt=\"s1-img-2.webp\" \/><\/figure><\/div>\t\t\t<\/div>\n\t\t\t\t\t\t\t\t\t\t\t\t<div class=\"elementor-swiper-button elementor-swiper-button-prev\" role=\"button\" tabindex=\"0\">\n\t\t\t\t\t\t<i aria-hidden=\"true\" class=\"eicon-chevron-left\"><\/i>\t\t\t\t\t<\/div>\n\t\t\t\t\t<div class=\"elementor-swiper-button elementor-swiper-button-next\" role=\"button\" tabindex=\"0\">\n\t\t\t\t\t\t<i aria-hidden=\"true\" class=\"eicon-chevron-right\"><\/i>\t\t\t\t\t<\/div>\n\t\t\t\t\n\t\t\t\t\t\t\t\t\t<div class=\"swiper-pagination\"><\/div>\n\t\t\t\t\t\t\t\t\t<\/div>\n\t\t\t\t\t\t<\/div>\n\t\t\t\t<\/div>\n\t\t\t\t\t<\/div>\n\t\t\t\t<\/div>\n\t\t\t\t<\/div>","protected":false},"excerpt":{"rendered":"<p>Aufbau institutioneller Partnerschaften Kontaktaufbau zu Kammern, Verb\u00e4nden und Institutionen: Entwicklung langfristiger Kooperationen auf strategischer Ebene: Vernetzung mit wirtschaftlichen, politischen und sozialen Akteuren: Strukturiertes Beziehungsmanagement und verbindliche Kommunikation: Institutionelle Partnerschaften sind kein Prestige, sie sind strategische Hebel. Wer in die richtigen Netzwerke eingebunden ist, verschafft sich Zugang zu Chancen, die au\u00dferhalb davon nicht existieren. Kammern, Verb\u00e4nde, [&hellip;]<\/p>","protected":false},"author":1,"featured_media":0,"parent":16260,"menu_order":0,"comment_status":"closed","ping_status":"closed","template":"","meta":{"om_disable_all_campaigns":false,"_monsterinsights_skip_tracking":false,"_monsterinsights_sitenote_active":false,"_monsterinsights_sitenote_note":"","_monsterinsights_sitenote_category":0,"footnotes":""},"class_list":["post-16433","page","type-page","status-publish","hentry"],"aioseo_notices":[],"_links":{"self":[{"href":"https:\/\/mpaiers.de\/tr\/wp-json\/wp\/v2\/pages\/16433","targetHints":{"allow":["GET"]}}],"collection":[{"href":"https:\/\/mpaiers.de\/tr\/wp-json\/wp\/v2\/pages"}],"about":[{"href":"https:\/\/mpaiers.de\/tr\/wp-json\/wp\/v2\/types\/page"}],"author":[{"embeddable":true,"href":"https:\/\/mpaiers.de\/tr\/wp-json\/wp\/v2\/users\/1"}],"replies":[{"embeddable":true,"href":"https:\/\/mpaiers.de\/tr\/wp-json\/wp\/v2\/comments?post=16433"}],"version-history":[{"count":0,"href":"https:\/\/mpaiers.de\/tr\/wp-json\/wp\/v2\/pages\/16433\/revisions"}],"up":[{"embeddable":true,"href":"https:\/\/mpaiers.de\/tr\/wp-json\/wp\/v2\/pages\/16260"}],"wp:attachment":[{"href":"https:\/\/mpaiers.de\/tr\/wp-json\/wp\/v2\/media?parent=16433"}],"curies":[{"name":"wp","href":"https:\/\/api.w.org\/{rel}","templated":true}]}}