{"id":16278,"date":"2025-05-12T10:40:20","date_gmt":"2025-05-12T10:40:20","guid":{"rendered":"https:\/\/mpaiers.de\/?page_id=16278"},"modified":"2025-07-26T10:07:52","modified_gmt":"2025-07-26T10:07:52","slug":"digitale-prasenz-auf-allen-kanalen","status":"publish","type":"page","link":"https:\/\/mpaiers.de\/tr\/veredeln\/digitale-prasenz-auf-allen-kanalen\/","title":{"rendered":"T\u00fcm kanallarda dijital varl\u0131k"},"content":{"rendered":"<div data-elementor-type=\"wp-page\" data-elementor-id=\"16278\" class=\"elementor elementor-16278\" data-elementor-post-type=\"page\">\n\t\t\t\t<div class=\"elementor-element elementor-element-019e423 e-con-full e-flex e-con e-parent\" data-id=\"019e423\" data-element_type=\"container\" data-e-type=\"container\">\n\t\t\t\t<div class=\"elementor-element elementor-element-1821265 elementor-widget elementor-widget-go-s-heading\" data-id=\"1821265\" data-element_type=\"widget\" data-e-type=\"widget\" data-widget_type=\"go-s-heading.default\">\n\t\t\t\t<div class=\"elementor-widget-container\">\n\t\t\t\t\t<div class=\"agn-faqs-2-sec-title prthalign\">\n        <h1 class=\"elementor-gt-heading agn-sec-title-2 agn-split-3 wa-fix\">T\u00fcm kanallarda dijital varl\u0131k<\/h1><\/div>\t\t\t\t<\/div>\n\t\t\t\t<\/div>\n\t\t\t\t<\/div>\n\t\t<div class=\"elementor-element elementor-element-87e213e e-flex e-con-boxed e-con e-parent\" data-id=\"87e213e\" data-element_type=\"container\" data-e-type=\"container\">\n\t\t\t\t\t<div class=\"e-con-inner\">\n\t\t<div class=\"elementor-element elementor-element-25eb439 e-con-full e-flex e-con e-child\" data-id=\"25eb439\" data-element_type=\"container\" data-e-type=\"container\">\n\t\t\t\t<div class=\"elementor-element elementor-element-e1225e8 elementor-widget elementor-widget-text-editor\" data-id=\"e1225e8\" data-element_type=\"widget\" data-e-type=\"widget\" data-widget_type=\"text-editor.default\">\n\t\t\t\t<div class=\"elementor-widget-container\">\n\t\t\t\t\t\t\t\t\t<p><strong data-start=\"476\" data-end=\"490\">Web sitesi tasar\u0131m\u0131 ve uygulamas\u0131:<\/strong><\/p><p>\u00a0<\/p>\t\t\t\t\t\t\t\t<\/div>\n\t\t\t\t<\/div>\n\t\t\t\t<\/div>\n\t\t<div class=\"elementor-element elementor-element-0181258 e-con-full e-flex e-con e-child\" data-id=\"0181258\" data-element_type=\"container\" data-e-type=\"container\">\n\t\t\t\t<div class=\"elementor-element elementor-element-2c823d9 elementor-widget elementor-widget-text-editor\" data-id=\"2c823d9\" data-element_type=\"widget\" data-e-type=\"widget\" data-widget_type=\"text-editor.default\">\n\t\t\t\t<div class=\"elementor-widget-container\">\n\t\t\t\t\t\t\t\t\t<p><strong data-start=\"679\" data-end=\"702\">Sosyal Medya stratejisi ve tasar\u0131m\u0131:<\/strong><\/p><p>\u00a0<\/p>\t\t\t\t\t\t\t\t<\/div>\n\t\t\t\t<\/div>\n\t\t\t\t<\/div>\n\t\t<div class=\"elementor-element elementor-element-466bdb6 e-con-full e-flex e-con e-child\" data-id=\"466bdb6\" data-element_type=\"container\" data-e-type=\"container\">\n\t\t\t\t<div class=\"elementor-element elementor-element-cebf3c0 elementor-widget elementor-widget-text-editor\" data-id=\"cebf3c0\" data-element_type=\"widget\" data-e-type=\"widget\" data-widget_type=\"text-editor.default\">\n\t\t\t\t<div class=\"elementor-widget-container\">\n\t\t\t\t\t\t\t\t\t<p><strong data-start=\"679\" data-end=\"702\">Dijital ileti\u015fim i\u00e7in i\u00e7erik olu\u015fturma:<\/strong><\/p><p>\u00a0<\/p>\t\t\t\t\t\t\t\t<\/div>\n\t\t\t\t<\/div>\n\t\t\t\t<\/div>\n\t\t<div class=\"elementor-element elementor-element-b2d6033 e-con-full e-flex e-con e-child\" data-id=\"b2d6033\" data-element_type=\"container\" data-e-type=\"container\">\n\t\t\t\t<div class=\"elementor-element elementor-element-e0e7e2f elementor-widget elementor-widget-text-editor\" data-id=\"e0e7e2f\" data-element_type=\"widget\" data-e-type=\"widget\" data-widget_type=\"text-editor.default\">\n\t\t\t\t<div class=\"elementor-widget-container\">\n\t\t\t\t\t\t\t\t\t<p><strong data-start=\"852\" data-end=\"873\">Marka kimli\u011finin dijital platformlara uyarlanmas\u0131:<\/strong><\/p>\t\t\t\t\t\t\t\t<\/div>\n\t\t\t\t<\/div>\n\t\t\t\t<\/div>\n\t\t\t\t\t<\/div>\n\t\t\t\t<\/div>\n\t\t<div class=\"elementor-element elementor-element-dc5a981 e-flex e-con-boxed e-con e-parent\" data-id=\"dc5a981\" data-element_type=\"container\" data-e-type=\"container\">\n\t\t\t\t\t<div class=\"e-con-inner\">\n\t\t<div class=\"elementor-element elementor-element-a0a3e69 e-con-full e-flex e-con e-child\" data-id=\"a0a3e69\" data-element_type=\"container\" data-e-type=\"container\" data-settings=\"{&quot;background_background&quot;:&quot;classic&quot;}\">\n\t\t\t\t<div class=\"elementor-element elementor-element-fcfdd30 elementor-widget elementor-widget-image\" data-id=\"fcfdd30\" data-element_type=\"widget\" data-e-type=\"widget\" data-widget_type=\"image.default\">\n\t\t\t\t<div class=\"elementor-widget-container\">\n\t\t\t\t\t\t\t\t\t\t\t\t\t\t\t<img fetchpriority=\"high\" decoding=\"async\" width=\"1333\" height=\"2000\" src=\"https:\/\/mpaiers.de\/wp-content\/uploads\/2025\/05\/Website-social-media-kit.jpg\" class=\"attachment-full size-full wp-image-16380\" alt=\"\" srcset=\"https:\/\/mpaiers.de\/wp-content\/uploads\/2025\/05\/Website-social-media-kit.jpg 1333w, https:\/\/mpaiers.de\/wp-content\/uploads\/2025\/05\/Website-social-media-kit-600x900.jpg 600w, https:\/\/mpaiers.de\/wp-content\/uploads\/2025\/05\/Website-social-media-kit-200x300.jpg 200w, https:\/\/mpaiers.de\/wp-content\/uploads\/2025\/05\/Website-social-media-kit-682x1024.jpg 682w, https:\/\/mpaiers.de\/wp-content\/uploads\/2025\/05\/Website-social-media-kit-768x1152.jpg 768w, https:\/\/mpaiers.de\/wp-content\/uploads\/2025\/05\/Website-social-media-kit-1024x1536.jpg 1024w\" sizes=\"(max-width: 1333px) 100vw, 1333px\" \/>\t\t\t\t\t\t\t\t\t\t\t\t\t\t\t<\/div>\n\t\t\t\t<\/div>\n\t\t\t\t<\/div>\n\t\t<div class=\"elementor-element elementor-element-54cb0a1 e-con-full e-flex e-con e-child\" data-id=\"54cb0a1\" data-element_type=\"container\" data-e-type=\"container\">\n\t\t\t\t<div class=\"elementor-element elementor-element-490469c elementor-widget elementor-widget-text-editor\" data-id=\"490469c\" data-element_type=\"widget\" data-e-type=\"widget\" data-widget_type=\"text-editor.default\">\n\t\t\t\t<div class=\"elementor-widget-container\">\n\t\t\t\t\t\t\t\t\t<p>Bir \u015firketin dijital varl\u0131\u011f\u0131 olmadan sadece ka\u011f\u0131t \u00fczerinde var olur. \u00c7evrimi\u00e7i g\u00f6r\u00fcnmeyen, dikkatini, g\u00fcvenini ve eri\u015fimini kaybeder. Ancak tek ba\u015f\u0131na g\u00f6r\u00fcn\u00fcrl\u00fck yeterli de\u011fildir. \u0130\u00e7eri\u011finizin net olup olmad\u0131\u011f\u0131, oylar\u0131n Tasar\u0131m\u0131 ve dilinin olup olmad\u0131\u011f\u0131, kullan\u0131c\u0131n\u0131n ne yapt\u0131\u011f\u0131n\u0131 anlay\u0131p anlamad\u0131\u011f\u0131 \u00e7ok \u00f6nemlidir. Dijital varl\u0131k bir kanal de\u011fil, genel bir izlenimdir.<\/p><p><strong>Onlar\u0131n g\u00f6r\u00fcn\u00fcrl\u00fc\u011f\u00fc i\u00e7in uygulamam\u0131z<\/strong><strong data-start=\"437\" data-end=\"472\">:<\/strong><\/p><ul data-start=\"474\" data-end=\"1161\"><li class=\"\" data-start=\"474\" data-end=\"675\"><p class=\"\" data-start=\"476\" data-end=\"675\"><strong data-start=\"476\" data-end=\"490\">Web sitesi tasar\u0131m\u0131 ve uygulamas\u0131:<\/strong><br data-start=\"490\" data-end=\"493\" \/>Sadece iyi g\u00f6r\u00fcnmekle kalmay\u0131p ayn\u0131 zamanda i\u015fe yarayan web siteleri tasarl\u0131yor ve olu\u015fturuyoruz. Net yap\u0131, h\u0131zl\u0131 y\u00fckleme, duyarl\u0131 Tasar\u0131m, temiz yap\u0131. \u0130\u00e7eri\u011finiz odak anla\u015f\u0131labilir, kullan\u0131c\u0131 dostu ve hedef odakl\u0131d\u0131r.<\/p><\/li><li class=\"\" data-start=\"677\" data-end=\"848\"><p class=\"\" data-start=\"679\" data-end=\"848\"><strong data-start=\"679\" data-end=\"702\">Sosyal Medya stratejisi ve tasar\u0131m\u0131:<\/strong><\/p><p>Markan\u0131za uygun ve etki yaratan Sosyal Medya konseptleri geli\u015ftiriyoruz. Platforma ve kitleye \u00f6zel i\u00e7erik, ton, tasar\u0131m \u015fablonlar\u0131. Dolgu yok, ancak daha de\u011ferli hedefli ileti\u015fim.<\/p><\/li><li class=\"\" data-start=\"850\" data-end=\"1032\"><p class=\"\" data-start=\"852\" data-end=\"1032\"><strong data-start=\"852\" data-end=\"873\">Dijital ileti\u015fim i\u00e7in i\u00e7erik olu\u015fturma:<\/strong><\/p><p>Hedef kitleniz i\u00e7in ilgin\u00e7 i\u00e7erikler \u00fcretiyoruz. Metinler, resimler, Videolar, grafikler, her \u015fey, her \u015fey konumunuza g\u00f6re uyarlanm\u0131\u015ft\u0131r. Dijital g\u00fcr\u00fclt\u00fc yerine alakal\u0131 i\u00e7erik.<\/p><\/li><li class=\"\" data-start=\"1034\" data-end=\"1161\"><p class=\"\" data-start=\"1036\" data-end=\"1161\"><strong data-start=\"1036\" data-end=\"1060\">Marka kimli\u011finin dijital platformlara uyarlanmas\u0131:<\/strong><br data-start=\"1060\" data-end=\"1063\" \/>Markan\u0131z \u0130nstagram, Linked\u0130n veya web sitesi olsun markan\u0131zd\u0131r. Kurumsal Kimli\u011finizi dijital alanda tutarl\u0131 bir \u015fekilde aktarabiliriz. A\u00e7\u0131k\u00e7as\u0131, her yerde ayn\u0131.<\/p><\/li><li data-start=\"1034\" data-end=\"1161\"><p><strong>Tek ba\u015f\u0131na g\u00f6r\u00fcn\u00fcr olmak yeterli de\u011fil, etki yarat\u0131yoruz:<\/strong><\/p><p>\u00c7\u00fcnk\u00fc biz kolay de\u011filiz ama planl\u0131yoruz. \u00c7\u00fcnk\u00fc dijital varl\u0131\u011f\u0131n tesad\u00fcfen yarat\u0131ld\u0131\u011f\u0131n\u0131 biliyoruz, ancak i\u015fe yarayan a\u00e7\u0131kl\u0131k, strateji ve Tasar\u0131m yoluyla. Be\u011feniler a\u00e7\u0131s\u0131ndan de\u011fil, asl\u0131nda d\u00fc\u015f\u00fcn\u00fcyoruz. Ve dijital varl\u0131\u011f\u0131n\u0131z\u0131 d\u0131\u015f ve i\u00e7 \u00e7al\u0131\u015fmalara g\u00f6re \u00e7al\u0131\u015fmas\u0131 i\u00e7in yap\u0131yoruz. Kim ciddiye al\u0131nmak ister, a\u00e7\u0131k olmak i\u00e7in. Bunun i\u00e7in oraday\u0131z.<\/p><\/li><\/ul>\t\t\t\t\t\t\t\t<\/div>\n\t\t\t\t<\/div>\n\t\t\t\t<\/div>\n\t\t\t\t\t<\/div>\n\t\t\t\t<\/div>\n\t\t<div class=\"elementor-element elementor-element-8879d74 e-flex e-con-boxed e-con e-parent\" data-id=\"8879d74\" data-element_type=\"container\" data-e-type=\"container\">\n\t\t\t\t\t<div class=\"e-con-inner\">\n\t\t\t\t<div class=\"elementor-element elementor-element-4528a35 elementor-arrows-position-inside elementor-pagination-position-outside elementor-widget elementor-widget-image-carousel\" data-id=\"4528a35\" data-element_type=\"widget\" data-e-type=\"widget\" data-settings=\"{&quot;slides_to_show&quot;:&quot;4&quot;,&quot;slides_to_show_mobile&quot;:&quot;2&quot;,&quot;navigation&quot;:&quot;both&quot;,&quot;autoplay&quot;:&quot;yes&quot;,&quot;pause_on_hover&quot;:&quot;yes&quot;,&quot;pause_on_interaction&quot;:&quot;yes&quot;,&quot;autoplay_speed&quot;:5000,&quot;infinite&quot;:&quot;yes&quot;,&quot;speed&quot;:500}\" data-widget_type=\"image-carousel.default\">\n\t\t\t\t<div class=\"elementor-widget-container\">\n\t\t\t\t\t\t\t<div class=\"elementor-image-carousel-wrapper swiper\" role=\"region\" aria-roledescription=\"carousel\" aria-label=\"Resim D\u00f6ng\u00fcs\u00fc\" dir=\"ltr\">\n\t\t\t<div class=\"elementor-image-carousel swiper-wrapper\" aria-live=\"off\">\n\t\t\t\t\t\t\t\t<div class=\"swiper-slide\" role=\"group\" aria-roledescription=\"slide\" aria-label=\"1 \/ 4\" data-no-translation-aria-label=\"\"><figure class=\"swiper-slide-inner\"><img decoding=\"async\" class=\"swiper-slide-image\" src=\"https:\/\/mpaiers.de\/wp-content\/uploads\/2025\/03\/s1-img-5.webp\" alt=\"s1-img-5.webp\" \/><\/figure><\/div><div class=\"swiper-slide\" role=\"group\" aria-roledescription=\"slide\" aria-label=\"2 \/ 4\" data-no-translation-aria-label=\"\"><figure class=\"swiper-slide-inner\"><img decoding=\"async\" class=\"swiper-slide-image\" src=\"https:\/\/mpaiers.de\/wp-content\/uploads\/2025\/03\/s1-img-4.webp\" alt=\"s1-img-4.webp\" \/><\/figure><\/div><div class=\"swiper-slide\" role=\"group\" aria-roledescription=\"slide\" aria-label=\"3 \/ 4\" data-no-translation-aria-label=\"\"><figure class=\"swiper-slide-inner\"><img decoding=\"async\" class=\"swiper-slide-image\" src=\"https:\/\/mpaiers.de\/wp-content\/uploads\/2025\/03\/s1-img-3.webp\" alt=\"s1-img-3.webp\" \/><\/figure><\/div><div class=\"swiper-slide\" role=\"group\" aria-roledescription=\"slide\" aria-label=\"4 \/ 4\" data-no-translation-aria-label=\"\"><figure class=\"swiper-slide-inner\"><img decoding=\"async\" class=\"swiper-slide-image\" src=\"https:\/\/mpaiers.de\/wp-content\/uploads\/2025\/03\/s1-img-2.webp\" alt=\"s1-img-2.webp\" \/><\/figure><\/div>\t\t\t<\/div>\n\t\t\t\t\t\t\t\t\t\t\t\t<div class=\"elementor-swiper-button elementor-swiper-button-prev\" role=\"button\" tabindex=\"0\">\n\t\t\t\t\t\t<i aria-hidden=\"true\" class=\"eicon-chevron-left\"><\/i>\t\t\t\t\t<\/div>\n\t\t\t\t\t<div class=\"elementor-swiper-button elementor-swiper-button-next\" role=\"button\" tabindex=\"0\">\n\t\t\t\t\t\t<i aria-hidden=\"true\" class=\"eicon-chevron-right\"><\/i>\t\t\t\t\t<\/div>\n\t\t\t\t\n\t\t\t\t\t\t\t\t\t<div class=\"swiper-pagination\"><\/div>\n\t\t\t\t\t\t\t\t\t<\/div>\n\t\t\t\t\t\t<\/div>\n\t\t\t\t<\/div>\n\t\t\t\t\t<\/div>\n\t\t\t\t<\/div>\n\t\t\t\t<\/div>","protected":false},"excerpt":{"rendered":"<p>Digitale Pr\u00e4senz auf allen Kan\u00e4len Website Konzeption und Umsetzung: Social Media Strategie und Gestaltung: Content Erstellung f\u00fcr digitale Kommunikation: Anpassung der Markenidentit\u00e4t auf digitale Plattformen: Ohne digitale Pr\u00e4senz existiert ein Unternehmen heute nur auf dem Papier. Wer online nicht sichtbar ist, verliert Aufmerksamkeit, Vertrauen und Reichweite. Doch Sichtbarkeit allein reicht nicht. Entscheidend ist, wie Sie [&hellip;]<\/p>","protected":false},"author":1,"featured_media":0,"parent":16258,"menu_order":0,"comment_status":"closed","ping_status":"closed","template":"","meta":{"om_disable_all_campaigns":false,"_monsterinsights_skip_tracking":false,"_monsterinsights_sitenote_active":false,"_monsterinsights_sitenote_note":"","_monsterinsights_sitenote_category":0,"footnotes":""},"class_list":["post-16278","page","type-page","status-publish","hentry"],"aioseo_notices":[],"_links":{"self":[{"href":"https:\/\/mpaiers.de\/tr\/wp-json\/wp\/v2\/pages\/16278","targetHints":{"allow":["GET"]}}],"collection":[{"href":"https:\/\/mpaiers.de\/tr\/wp-json\/wp\/v2\/pages"}],"about":[{"href":"https:\/\/mpaiers.de\/tr\/wp-json\/wp\/v2\/types\/page"}],"author":[{"embeddable":true,"href":"https:\/\/mpaiers.de\/tr\/wp-json\/wp\/v2\/users\/1"}],"replies":[{"embeddable":true,"href":"https:\/\/mpaiers.de\/tr\/wp-json\/wp\/v2\/comments?post=16278"}],"version-history":[{"count":0,"href":"https:\/\/mpaiers.de\/tr\/wp-json\/wp\/v2\/pages\/16278\/revisions"}],"up":[{"embeddable":true,"href":"https:\/\/mpaiers.de\/tr\/wp-json\/wp\/v2\/pages\/16258"}],"wp:attachment":[{"href":"https:\/\/mpaiers.de\/tr\/wp-json\/wp\/v2\/media?parent=16278"}],"curies":[{"name":"wp","href":"https:\/\/api.w.org\/{rel}","templated":true}]}}