{"id":16276,"date":"2025-05-12T10:39:37","date_gmt":"2025-05-12T10:39:37","guid":{"rendered":"https:\/\/mpaiers.de\/?page_id=16276"},"modified":"2025-07-26T10:13:08","modified_gmt":"2025-07-26T10:13:08","slug":"logo-design-und-unternehmensauftritt","status":"publish","type":"page","link":"https:\/\/mpaiers.de\/tr\/veredeln\/logo-design-und-unternehmensauftritt\/","title":{"rendered":"Logo Tasar\u0131m\u0131 ve kurumsal kimlik."},"content":{"rendered":"<div data-elementor-type=\"wp-page\" data-elementor-id=\"16276\" class=\"elementor elementor-16276\" data-elementor-post-type=\"page\">\n\t\t\t\t<div class=\"elementor-element elementor-element-4306b44 e-con-full e-flex e-con e-parent\" data-id=\"4306b44\" data-element_type=\"container\" data-e-type=\"container\">\n\t\t\t\t<div class=\"elementor-element elementor-element-b0a8eb6 elementor-widget elementor-widget-go-s-heading\" data-id=\"b0a8eb6\" data-element_type=\"widget\" data-e-type=\"widget\" data-widget_type=\"go-s-heading.default\">\n\t\t\t\t<div class=\"elementor-widget-container\">\n\t\t\t\t\t<div class=\"agn-faqs-2-sec-title prthalign\">\n        <h1 class=\"elementor-gt-heading agn-sec-title-2 agn-split-3 wa-fix\">Logo Tasar\u0131m\u0131 ve kurumsal kimlik<br \/>\n<\/h1><\/div>\t\t\t\t<\/div>\n\t\t\t\t<\/div>\n\t\t\t\t<\/div>\n\t\t<div class=\"elementor-element elementor-element-fc62a42 e-flex e-con-boxed e-con e-parent\" data-id=\"fc62a42\" data-element_type=\"container\" data-e-type=\"container\">\n\t\t\t\t\t<div class=\"e-con-inner\">\n\t\t<div class=\"elementor-element elementor-element-8ff05a5 e-con-full e-flex e-con e-child\" data-id=\"8ff05a5\" data-element_type=\"container\" data-e-type=\"container\">\n\t\t\t\t<div class=\"elementor-element elementor-element-2326fea elementor-widget elementor-widget-text-editor\" data-id=\"2326fea\" data-element_type=\"widget\" data-e-type=\"widget\" data-widget_type=\"text-editor.default\">\n\t\t\t\t<div class=\"elementor-widget-container\">\n\t\t\t\t\t\t\t\t\t<p><strong data-start=\"486\" data-end=\"502\">Logo Tasar\u0131m\u0131:<\/strong><\/p><p>\u00a0<\/p>\t\t\t\t\t\t\t\t<\/div>\n\t\t\t\t<\/div>\n\t\t\t\t<\/div>\n\t\t<div class=\"elementor-element elementor-element-bae1b42 e-con-full e-flex e-con e-child\" data-id=\"bae1b42\" data-element_type=\"container\" data-e-type=\"container\">\n\t\t\t\t<div class=\"elementor-element elementor-element-3c411f4 elementor-widget elementor-widget-text-editor\" data-id=\"3c411f4\" data-element_type=\"widget\" data-e-type=\"widget\" data-widget_type=\"text-editor.default\">\n\t\t\t\t<div class=\"elementor-widget-container\">\n\t\t\t\t\t\t\t\t\t<p><strong data-start=\"653\" data-end=\"675\">Marka dili ve tasar\u0131m \u00f6\u011feleri:<\/strong><\/p><p>\u00a0<\/p>\t\t\t\t\t\t\t\t<\/div>\n\t\t\t\t<\/div>\n\t\t\t\t<\/div>\n\t\t<div class=\"elementor-element elementor-element-b11c1a6 e-con-full e-flex e-con e-child\" data-id=\"b11c1a6\" data-element_type=\"container\" data-e-type=\"container\">\n\t\t\t\t<div class=\"elementor-element elementor-element-84a4421 elementor-widget elementor-widget-text-editor\" data-id=\"84a4421\" data-element_type=\"widget\" data-e-type=\"widget\" data-widget_type=\"text-editor.default\">\n\t\t\t\t<div class=\"elementor-widget-container\">\n\t\t\t\t\t\t\t\t\t<p><strong>G\u00f6rsel kimlik, Bas\u0131l\u0131 ve dijital:<\/strong><\/p><p>\u00a0<\/p>\t\t\t\t\t\t\t\t<\/div>\n\t\t\t\t<\/div>\n\t\t\t\t<\/div>\n\t\t<div class=\"elementor-element elementor-element-481042c e-con-full e-flex e-con e-child\" data-id=\"481042c\" data-element_type=\"container\" data-e-type=\"container\">\n\t\t\t\t<div class=\"elementor-element elementor-element-92ccafa elementor-widget elementor-widget-text-editor\" data-id=\"92ccafa\" data-element_type=\"widget\" data-e-type=\"widget\" data-widget_type=\"text-editor.default\">\n\t\t\t\t<div class=\"elementor-widget-container\">\n\t\t\t\t\t\t\t\t\t<p><strong data-start=\"813\" data-end=\"841\">Tutarl\u0131 bir uygulama i\u00e7in stil k\u0131lavuzu:<\/strong><\/p><p>\u00a0<\/p>\t\t\t\t\t\t\t\t<\/div>\n\t\t\t\t<\/div>\n\t\t\t\t<\/div>\n\t\t\t\t\t<\/div>\n\t\t\t\t<\/div>\n\t\t<div class=\"elementor-element elementor-element-25274c6 e-flex e-con-boxed e-con e-parent\" data-id=\"25274c6\" data-element_type=\"container\" data-e-type=\"container\">\n\t\t\t\t\t<div class=\"e-con-inner\">\n\t\t<div class=\"elementor-element elementor-element-4add2bf e-con-full e-flex e-con e-child\" data-id=\"4add2bf\" data-element_type=\"container\" data-e-type=\"container\" data-settings=\"{&quot;background_background&quot;:&quot;classic&quot;}\">\n\t\t\t\t<div class=\"elementor-element elementor-element-015c90d elementor-widget elementor-widget-image\" data-id=\"015c90d\" data-element_type=\"widget\" data-e-type=\"widget\" data-widget_type=\"image.default\">\n\t\t\t\t<div class=\"elementor-widget-container\">\n\t\t\t\t\t\t\t\t\t\t\t\t\t\t\t<img fetchpriority=\"high\" decoding=\"async\" width=\"1409\" height=\"2000\" src=\"https:\/\/mpaiers.de\/wp-content\/uploads\/2025\/05\/Logo-Marke-Corporate-Identity.jpg\" class=\"attachment-full size-full wp-image-16375\" alt=\"\" srcset=\"https:\/\/mpaiers.de\/wp-content\/uploads\/2025\/05\/Logo-Marke-Corporate-Identity.jpg 1409w, https:\/\/mpaiers.de\/wp-content\/uploads\/2025\/05\/Logo-Marke-Corporate-Identity-600x852.jpg 600w, https:\/\/mpaiers.de\/wp-content\/uploads\/2025\/05\/Logo-Marke-Corporate-Identity-211x300.jpg 211w, https:\/\/mpaiers.de\/wp-content\/uploads\/2025\/05\/Logo-Marke-Corporate-Identity-721x1024.jpg 721w, https:\/\/mpaiers.de\/wp-content\/uploads\/2025\/05\/Logo-Marke-Corporate-Identity-768x1090.jpg 768w, https:\/\/mpaiers.de\/wp-content\/uploads\/2025\/05\/Logo-Marke-Corporate-Identity-1082x1536.jpg 1082w\" sizes=\"(max-width: 1409px) 100vw, 1409px\" \/>\t\t\t\t\t\t\t\t\t\t\t\t\t\t\t<\/div>\n\t\t\t\t<\/div>\n\t\t\t\t<\/div>\n\t\t<div class=\"elementor-element elementor-element-02c0909 e-con-full e-flex e-con e-child\" data-id=\"02c0909\" data-element_type=\"container\" data-e-type=\"container\">\n\t\t\t\t<div class=\"elementor-element elementor-element-8f9a7d1 elementor-widget elementor-widget-text-editor\" data-id=\"8f9a7d1\" data-element_type=\"widget\" data-e-type=\"widget\" data-widget_type=\"text-editor.default\">\n\t\t\t\t<div class=\"elementor-widget-container\">\n\t\t\t\t\t\t\t\t\t<p>Bir \u015firket bir\u00e7ok \u015fey olabilir. Ama \u00f6nce uyumlu bir g\u00f6r\u00fcn\u00fcm onu g\u00f6r\u00fcn\u00fcr, somut ve inand\u0131r\u0131c\u0131 k\u0131lar. \u0130yi bir Logo sadece ba\u015flang\u0131\u00e7t\u0131r. T\u00fcm Tasar\u0131m\u0131n, dilin, rengin, tutumun birbirine uymas\u0131 \u00e7ok \u00f6nemlidir. A\u00e7\u0131kl\u0131k yaratan g\u00fcven yarat\u0131r. Ve g\u00fcveni kim kazanacak, daha fazla satacak, m\u00fc\u015fteri kazanacak ve kafan\u0131zda kalacak.<\/p><p class=\"\" data-start=\"419\" data-end=\"482\"><strong data-start=\"419\" data-end=\"482\">G\u00f6r\u00fcn\u00fc\u015f\u00fcn\u00fcz i\u00e7in uygulamam\u0131z:<\/strong><\/p><ul data-start=\"484\" data-end=\"1163\"><li class=\"\" data-start=\"484\" data-end=\"647\"><p><strong>Logo Tasar\u0131m\u0131<\/strong><br \/>Sadece iyi g\u00f6r\u00fcnmekle kalmay\u0131p ayn\u0131 zamanda i\u015fe yarayan bir logo geli\u015ftiriyoruz. Web sitesi, bas\u0131l\u0131 materyaller, \u00fcr\u00fcnler veya a\u00e7\u0131k hava reklamc\u0131l\u0131\u011f\u0131 i\u00e7in k\u00fc\u00e7\u00fclt\u00fclm\u00fc\u015f, tan\u0131nabilir, \u00f6zelle\u015ftirilebilir. F\u0131rf\u0131rlar yok, ancak y\u00fcksek tan\u0131n\u0131rl\u0131\u011fa sahip net bir tasar\u0131ma sahip.<\/p><p><strong>Marka dili ve tasar\u0131m \u00f6\u011feleri<\/strong><br \/>Markan\u0131z\u0131n g\u00f6rsel ve dilsel olarak nas\u0131l ifade edildi\u011fini tan\u0131mlar\u0131z. Renkler, Tipografi, D\u00fczenler, Simgeler, Tonalite. Hepsi tutumunuzu aktaran ve haf\u0131zada kalan bir g\u00f6r\u00fcnt\u00fc ile sonu\u00e7lan\u0131r.<\/p><p><strong>G\u00f6rsel kimlik, Bas\u0131l\u0131 ve dijital<\/strong><br \/>Kimli\u011finizi t\u00fcm medyaya aktarabiliriz. Kartvizitler, K\u0131rtasiye Malzemeleri, Bro\u015f\u00fcrler, Web Siteleri, Sosyal Medya. D\u00fczg\u00fcn, kaliteli ve uyumlu. Tek par\u00e7a de\u011fil, bir Sistem.<\/p><p><strong>Tutarl\u0131 uygulama i\u00e7in stil k\u0131lavuzu<\/strong><br \/>Temeli g\u00fcvence alt\u0131na alacak bir stil rehberi olu\u015fturuyoruz. \u00c7al\u0131\u015fanlar, servis sa\u011flay\u0131c\u0131lar, acenteler i\u00e7in ge\u00e7erlidir. Her \u015fey izlenebilir, her \u015fey temiz y\u00f6netilir. B\u00f6ylece, g\u00f6r\u00fcn\u00fcm gelecekte de do\u011frudur.<\/p><\/li><li data-start=\"484\" data-end=\"647\"><p><strong>Biz<\/strong><\/p><p>Markalar\u0131 icat etmiyoruz ama i\u015fe yar\u0131yorlar. Yapt\u0131\u011f\u0131m\u0131z \u015fey, E\u011filimlere dayal\u0131 bir maddeye dayanm\u0131yor. Dinliyor, filtreliyor, \u00f6zetliyor ve g\u00f6rselle\u015ftiriyoruz.<\/p><p>Tasar\u0131mlar\u0131m\u0131z Test de\u011fil, y\u00f6n ile sonu\u00e7lan\u0131r. Tasar\u0131m ve kimli\u011fi bir araya getiriyoruz, b\u00f6ylece i\u015finiz sadece g\u00f6ze \u00e7arpmayacak, ayn\u0131 zamanda anla\u015f\u0131lacakt\u0131r.<\/p><p>A\u00e7\u0131kl\u0131k isteyen bize gelir.<\/p><\/li><\/ul>\t\t\t\t\t\t\t\t<\/div>\n\t\t\t\t<\/div>\n\t\t\t\t<\/div>\n\t\t\t\t\t<\/div>\n\t\t\t\t<\/div>\n\t\t<div class=\"elementor-element elementor-element-0f78135 e-flex e-con-boxed e-con e-parent\" data-id=\"0f78135\" data-element_type=\"container\" data-e-type=\"container\">\n\t\t\t\t\t<div class=\"e-con-inner\">\n\t\t\t\t<div class=\"elementor-element elementor-element-ddd8fff elementor-arrows-position-inside elementor-pagination-position-outside elementor-widget elementor-widget-image-carousel\" data-id=\"ddd8fff\" data-element_type=\"widget\" data-e-type=\"widget\" data-settings=\"{&quot;slides_to_show&quot;:&quot;4&quot;,&quot;slides_to_show_mobile&quot;:&quot;2&quot;,&quot;navigation&quot;:&quot;both&quot;,&quot;autoplay&quot;:&quot;yes&quot;,&quot;pause_on_hover&quot;:&quot;yes&quot;,&quot;pause_on_interaction&quot;:&quot;yes&quot;,&quot;autoplay_speed&quot;:5000,&quot;infinite&quot;:&quot;yes&quot;,&quot;speed&quot;:500}\" data-widget_type=\"image-carousel.default\">\n\t\t\t\t<div class=\"elementor-widget-container\">\n\t\t\t\t\t\t\t<div class=\"elementor-image-carousel-wrapper swiper\" role=\"region\" aria-roledescription=\"carousel\" aria-label=\"Resim D\u00f6ng\u00fcs\u00fc\" dir=\"ltr\">\n\t\t\t<div class=\"elementor-image-carousel swiper-wrapper\" aria-live=\"off\">\n\t\t\t\t\t\t\t\t<div class=\"swiper-slide\" role=\"group\" aria-roledescription=\"slide\" aria-label=\"1 \/ 4\" data-no-translation-aria-label=\"\"><figure class=\"swiper-slide-inner\"><img decoding=\"async\" class=\"swiper-slide-image\" src=\"https:\/\/mpaiers.de\/wp-content\/uploads\/2025\/03\/s1-img-5.webp\" alt=\"s1-img-5.webp\" \/><\/figure><\/div><div class=\"swiper-slide\" role=\"group\" aria-roledescription=\"slide\" aria-label=\"2 \/ 4\" data-no-translation-aria-label=\"\"><figure class=\"swiper-slide-inner\"><img decoding=\"async\" class=\"swiper-slide-image\" src=\"https:\/\/mpaiers.de\/wp-content\/uploads\/2025\/03\/s1-img-4.webp\" alt=\"s1-img-4.webp\" \/><\/figure><\/div><div class=\"swiper-slide\" role=\"group\" aria-roledescription=\"slide\" aria-label=\"3 \/ 4\" data-no-translation-aria-label=\"\"><figure class=\"swiper-slide-inner\"><img decoding=\"async\" class=\"swiper-slide-image\" src=\"https:\/\/mpaiers.de\/wp-content\/uploads\/2025\/03\/s1-img-3.webp\" alt=\"s1-img-3.webp\" \/><\/figure><\/div><div class=\"swiper-slide\" role=\"group\" aria-roledescription=\"slide\" aria-label=\"4 \/ 4\" data-no-translation-aria-label=\"\"><figure class=\"swiper-slide-inner\"><img decoding=\"async\" class=\"swiper-slide-image\" src=\"https:\/\/mpaiers.de\/wp-content\/uploads\/2025\/03\/s1-img-2.webp\" alt=\"s1-img-2.webp\" \/><\/figure><\/div>\t\t\t<\/div>\n\t\t\t\t\t\t\t\t\t\t\t\t<div class=\"elementor-swiper-button elementor-swiper-button-prev\" role=\"button\" tabindex=\"0\">\n\t\t\t\t\t\t<i aria-hidden=\"true\" class=\"eicon-chevron-left\"><\/i>\t\t\t\t\t<\/div>\n\t\t\t\t\t<div class=\"elementor-swiper-button elementor-swiper-button-next\" role=\"button\" tabindex=\"0\">\n\t\t\t\t\t\t<i aria-hidden=\"true\" class=\"eicon-chevron-right\"><\/i>\t\t\t\t\t<\/div>\n\t\t\t\t\n\t\t\t\t\t\t\t\t\t<div class=\"swiper-pagination\"><\/div>\n\t\t\t\t\t\t\t\t\t<\/div>\n\t\t\t\t\t\t<\/div>\n\t\t\t\t<\/div>\n\t\t\t\t\t<\/div>\n\t\t\t\t<\/div>\n\t\t\t\t<\/div>","protected":false},"excerpt":{"rendered":"<p>Logo, Design und Unternehmensauftritt Logo-Design: Markensprache und Gestaltungselemente: Visuelle Identit\u00e4t in Print und digital: Styleguide f\u00fcr konsistente Anwendung: Ein Unternehmen kann vieles sein. Aber erst ein stimmiger Auftritt macht es sichtbar, greifbar und glaubw\u00fcrdig. Ein gutes Logo ist erst der Anfang. Entscheidend ist, dass alles zusammenpasst Design, Sprache, Farbe, Haltung. Wer hier Klarheit schafft, schafft [&hellip;]<\/p>","protected":false},"author":1,"featured_media":0,"parent":16258,"menu_order":0,"comment_status":"closed","ping_status":"closed","template":"","meta":{"om_disable_all_campaigns":false,"_monsterinsights_skip_tracking":false,"_monsterinsights_sitenote_active":false,"_monsterinsights_sitenote_note":"","_monsterinsights_sitenote_category":0,"footnotes":""},"class_list":["post-16276","page","type-page","status-publish","hentry"],"aioseo_notices":[],"_links":{"self":[{"href":"https:\/\/mpaiers.de\/tr\/wp-json\/wp\/v2\/pages\/16276","targetHints":{"allow":["GET"]}}],"collection":[{"href":"https:\/\/mpaiers.de\/tr\/wp-json\/wp\/v2\/pages"}],"about":[{"href":"https:\/\/mpaiers.de\/tr\/wp-json\/wp\/v2\/types\/page"}],"author":[{"embeddable":true,"href":"https:\/\/mpaiers.de\/tr\/wp-json\/wp\/v2\/users\/1"}],"replies":[{"embeddable":true,"href":"https:\/\/mpaiers.de\/tr\/wp-json\/wp\/v2\/comments?post=16276"}],"version-history":[{"count":0,"href":"https:\/\/mpaiers.de\/tr\/wp-json\/wp\/v2\/pages\/16276\/revisions"}],"up":[{"embeddable":true,"href":"https:\/\/mpaiers.de\/tr\/wp-json\/wp\/v2\/pages\/16258"}],"wp:attachment":[{"href":"https:\/\/mpaiers.de\/tr\/wp-json\/wp\/v2\/media?parent=16276"}],"curies":[{"name":"wp","href":"https:\/\/api.w.org\/{rel}","templated":true}]}}