{"id":16274,"date":"2025-05-12T10:06:30","date_gmt":"2025-05-12T10:06:30","guid":{"rendered":"https:\/\/mpaiers.de\/?page_id=16274"},"modified":"2025-07-26T10:09:33","modified_gmt":"2025-07-26T10:09:33","slug":"grundungsberatung-und-markenentwicklung","status":"publish","type":"page","link":"https:\/\/mpaiers.de\/tr\/veredeln\/grundungsberatung-und-markenentwicklung\/","title":{"rendered":"Ba\u015flang\u0131\u00e7 dan\u0131\u015fmanl\u0131\u011f\u0131 ve marka geli\u015ftirme"},"content":{"rendered":"<div data-elementor-type=\"wp-page\" data-elementor-id=\"16274\" class=\"elementor elementor-16274\" data-elementor-post-type=\"page\">\n\t\t\t\t<div class=\"elementor-element elementor-element-4145ae6 e-con-full e-flex e-con e-parent\" data-id=\"4145ae6\" data-element_type=\"container\" data-e-type=\"container\">\n\t\t\t\t<div class=\"elementor-element elementor-element-31b72b9 elementor-widget elementor-widget-go-s-heading\" data-id=\"31b72b9\" data-element_type=\"widget\" data-e-type=\"widget\" data-widget_type=\"go-s-heading.default\">\n\t\t\t\t<div class=\"elementor-widget-container\">\n\t\t\t\t\t<div class=\"agn-faqs-2-sec-title prthalign\">\n        <h1 class=\"elementor-gt-heading agn-sec-title-2 agn-split-3 wa-fix\">Ba\u015flang\u0131\u00e7 dan\u0131\u015fmanl\u0131\u011f\u0131 ve marka geli\u015ftirme<\/h1><\/div>\t\t\t\t<\/div>\n\t\t\t\t<\/div>\n\t\t\t\t<\/div>\n\t\t<div class=\"elementor-element elementor-element-376fcea e-flex e-con-boxed e-con e-parent\" data-id=\"376fcea\" data-element_type=\"container\" data-e-type=\"container\">\n\t\t\t\t\t<div class=\"e-con-inner\">\n\t\t<div class=\"elementor-element elementor-element-18bb4ef e-con-full e-flex e-con e-child\" data-id=\"18bb4ef\" data-element_type=\"container\" data-e-type=\"container\">\n\t\t\t\t<div class=\"elementor-element elementor-element-da7e77e elementor-widget elementor-widget-text-editor\" data-id=\"da7e77e\" data-element_type=\"widget\" data-e-type=\"widget\" data-widget_type=\"text-editor.default\">\n\t\t\t\t<div class=\"elementor-widget-container\">\n\t\t\t\t\t\t\t\t\t<h4><strong data-start=\"457\" data-end=\"483\">Ba\u015flang\u0131\u00e7 tavsiyesi:<\/strong><\/h4><p>Yasal Form Se\u00e7imi, i\u015f kavram\u0131, Kurucu Belgeler, Yetkililerle Temas Halinde, Finansman<\/p>\t\t\t\t\t\t\t\t<\/div>\n\t\t\t\t<\/div>\n\t\t\t\t<\/div>\n\t\t<div class=\"elementor-element elementor-element-7b8c8f7 e-con-full e-flex e-con e-child\" data-id=\"7b8c8f7\" data-element_type=\"container\" data-e-type=\"container\">\n\t\t\t\t<div class=\"elementor-element elementor-element-151b916 elementor-widget elementor-widget-text-editor\" data-id=\"151b916\" data-element_type=\"widget\" data-e-type=\"widget\" data-widget_type=\"text-editor.default\">\n\t\t\t\t<div class=\"elementor-widget-container\">\n\t\t\t\t\t\t\t\t\t<h4><strong data-start=\"647\" data-end=\"690\">Marka geli\u015ftirme:<\/strong><\/h4><p>Marka Stratejisi, Logo, Renk, Dil, Kurumsal Kimlik<\/p>\t\t\t\t\t\t\t\t<\/div>\n\t\t\t\t<\/div>\n\t\t\t\t<\/div>\n\t\t\t\t\t<\/div>\n\t\t\t\t<\/div>\n\t\t<div class=\"elementor-element elementor-element-09af068 e-flex e-con-boxed e-con e-parent\" data-id=\"09af068\" data-element_type=\"container\" data-e-type=\"container\">\n\t\t\t\t\t<div class=\"e-con-inner\">\n\t\t<div class=\"elementor-element elementor-element-afed618 e-con-full e-flex e-con e-child\" data-id=\"afed618\" data-element_type=\"container\" data-e-type=\"container\" data-settings=\"{&quot;background_background&quot;:&quot;classic&quot;}\">\n\t\t\t\t<div class=\"elementor-element elementor-element-f13852a elementor-widget elementor-widget-image\" data-id=\"f13852a\" data-element_type=\"widget\" data-e-type=\"widget\" data-widget_type=\"image.default\">\n\t\t\t\t<div class=\"elementor-widget-container\">\n\t\t\t\t\t\t\t\t\t\t\t\t\t\t\t<img fetchpriority=\"high\" decoding=\"async\" width=\"1335\" height=\"2000\" src=\"https:\/\/mpaiers.de\/wp-content\/uploads\/2025\/05\/Company-Establishment-Consultancy.jpg\" class=\"attachment-full size-full wp-image-16370\" alt=\"\" srcset=\"https:\/\/mpaiers.de\/wp-content\/uploads\/2025\/05\/Company-Establishment-Consultancy.jpg 1335w, https:\/\/mpaiers.de\/wp-content\/uploads\/2025\/05\/Company-Establishment-Consultancy-600x899.jpg 600w, https:\/\/mpaiers.de\/wp-content\/uploads\/2025\/05\/Company-Establishment-Consultancy-200x300.jpg 200w, https:\/\/mpaiers.de\/wp-content\/uploads\/2025\/05\/Company-Establishment-Consultancy-684x1024.jpg 684w, https:\/\/mpaiers.de\/wp-content\/uploads\/2025\/05\/Company-Establishment-Consultancy-768x1151.jpg 768w, https:\/\/mpaiers.de\/wp-content\/uploads\/2025\/05\/Company-Establishment-Consultancy-1025x1536.jpg 1025w\" sizes=\"(max-width: 1335px) 100vw, 1335px\" \/>\t\t\t\t\t\t\t\t\t\t\t\t\t\t\t<\/div>\n\t\t\t\t<\/div>\n\t\t\t\t<\/div>\n\t\t<div class=\"elementor-element elementor-element-59ff700 e-con-full e-flex e-con e-child\" data-id=\"59ff700\" data-element_type=\"container\" data-e-type=\"container\">\n\t\t\t\t<div class=\"elementor-element elementor-element-0006675 elementor-widget elementor-widget-text-editor\" data-id=\"0006675\" data-element_type=\"widget\" data-e-type=\"widget\" data-widget_type=\"text-editor.default\">\n\t\t\t\t<div class=\"elementor-widget-container\">\n\t\t\t\t\t\t\t\t\t<p>Bir \u015firketin ba\u015far\u0131s\u0131 iki \u015feyle ba\u015flar: net bir yap\u0131 ve g\u00fc\u00e7l\u00fc bir kimlik. \u0130yi haz\u0131rlanm\u0131\u015f bir Temel zamandan, paradan ve sinirlerden tasarruf sa\u011flar. Hassas m\u00fchendislik \u00fcr\u00fcn\u00fc bir marka g\u00fcven, g\u00f6r\u00fcn\u00fcrl\u00fck ve farkl\u0131la\u015fma yarat\u0131r. Her ikisinin de maddeye, tesad\u00fcfe dayanmas\u0131 i\u00e7in en ba\u015f\u0131ndan beri kimin kontrol\u00fcnde oldu\u011fu. Bir \u015firketin ba\u015far\u0131s\u0131 iki \u015feyle ba\u015flar: net bir yap\u0131 ve g\u00fc\u00e7l\u00fc bir kimlik. \u0130yi haz\u0131rlanm\u0131\u015f bir Temel zamandan, paradan ve sinirlerden tasarruf sa\u011flar. Hassas m\u00fchendislik \u00fcr\u00fcn\u00fc bir marka g\u00fcven, g\u00f6r\u00fcn\u00fcrl\u00fck ve farkl\u0131la\u015fma yarat\u0131r. Her ikisinin de maddeye, tesad\u00fcfe dayanmas\u0131 i\u00e7in en ba\u015f\u0131ndan beri kimin kontrol\u00fcnde oldu\u011fu.<\/p><p>\u00a0<\/p><p><strong>Projeniz i\u00e7in uygulamam\u0131z:<\/strong><br \/>\u0130\u015f fikrinizi analiz eder, yasal \u00e7er\u00e7eveyi netle\u015ftirir ve tek bir \u015firket, limited \u015firket veya \u015firket gibi uygun yasal formun se\u00e7iminde yard\u0131mc\u0131 oluruz.<br \/>Vergi tahsilat\u0131 i\u00e7in bir sosyal s\u00f6zle\u015fmenin kurulmas\u0131 i\u00e7in t\u00fcm belgeleri haz\u0131rl\u0131yoruz.<br \/>Yetkililer, noterler ve vergi dan\u0131\u015fmanlar\u0131 ile ileti\u015fimi \u00fcstlenir ve sorunsuz \u00e7al\u0131\u015fmas\u0131n\u0131 sa\u011flar\u0131z.<br \/>Finansmanda, yaln\u0131zca m\u00fc\u015fterilerimiz i\u00e7in mevcut olan \u00f6zel destek programlar\u0131na ve dahili ortaklara, \u00e7\u00f6z\u00fcmlere eri\u015fimimiz vard\u0131r.<\/p><p><strong>Marka geli\u015ftirme:<\/strong><br \/>Ki\u015fili\u011fe sahip bir marka geli\u015ftirmek i\u00e7in sizinle birlikte \u00e7al\u0131\u015f\u0131yoruz. Size ve hedef kitlenize uygun bir renk, tipografi, imge ve \u0130fade d\u00fcnyas\u0131 tan\u0131ml\u0131yoruz.<br \/>Net, tan\u0131nabilir ve \u00e7ok y\u00f6nl\u00fc dijital ve bas\u0131l\u0131 bir Logo tasarl\u0131yoruz.<br \/>Kartvizitlerden Sosyal Medya \u015eablonlar\u0131na kadar d\u0131\u015f etkiniz i\u00e7in tek tip bir g\u00f6r\u00fcn\u00fcm yarat\u0131yoruz.<br \/>Talep \u00fczerine, size t\u00fcm Ekibiniz i\u00e7in belgelenmi\u015f t\u00fcm kural ve Standartlar\u0131n bir stil k\u0131lavuzunu sunaca\u011f\u0131z.<\/p><p>\u00a0<\/p><p>Yarat\u0131m\u0131 bir i\u015f bi\u00e7imi, markay\u0131 ise bir tasar\u0131m hilesi olarak anlam\u0131yoruz. \u0130kimiz i\u00e7in de tutum, a\u00e7\u0131kl\u0131k ve y\u00f6n\u00fcn ifadesidir. Bizimle \u00e7al\u0131\u015fanlar, \u00e7ubu\u011fun bir yol haritas\u0131n\u0131 de\u011fil, madde ile hedeflenen uygulamay\u0131 elde edeceksiniz.<br \/>Farkl\u0131 sekt\u00f6rlerden edindi\u011fimiz deneyim, uygulanabilir olana olan yak\u0131nl\u0131\u011f\u0131m\u0131z ve \u00f6zel kaynaklara eri\u015fimimiz t\u00fcm fark\u0131 yarat\u0131yor. Yap\u0131y\u0131 kimlikle birle\u015ftiriyoruz ve b\u00f6ylece sadece ba\u015flayan de\u011fil, ayn\u0131 zamanda olan \u015firketler i\u00e7in Temel olu\u015fturuyoruz.<\/p>\t\t\t\t\t\t\t\t<\/div>\n\t\t\t\t<\/div>\n\t\t\t\t<\/div>\n\t\t\t\t\t<\/div>\n\t\t\t\t<\/div>\n\t\t<div class=\"elementor-element elementor-element-a55b579 e-flex e-con-boxed e-con e-parent\" data-id=\"a55b579\" data-element_type=\"container\" data-e-type=\"container\">\n\t\t\t\t\t<div class=\"e-con-inner\">\n\t\t\t\t<div class=\"elementor-element elementor-element-0c42618 elementor-arrows-position-inside elementor-pagination-position-outside elementor-widget elementor-widget-image-carousel\" data-id=\"0c42618\" data-element_type=\"widget\" data-e-type=\"widget\" data-settings=\"{&quot;slides_to_show&quot;:&quot;4&quot;,&quot;slides_to_show_mobile&quot;:&quot;2&quot;,&quot;navigation&quot;:&quot;both&quot;,&quot;autoplay&quot;:&quot;yes&quot;,&quot;pause_on_hover&quot;:&quot;yes&quot;,&quot;pause_on_interaction&quot;:&quot;yes&quot;,&quot;autoplay_speed&quot;:5000,&quot;infinite&quot;:&quot;yes&quot;,&quot;speed&quot;:500}\" data-widget_type=\"image-carousel.default\">\n\t\t\t\t<div class=\"elementor-widget-container\">\n\t\t\t\t\t\t\t<div class=\"elementor-image-carousel-wrapper swiper\" role=\"region\" aria-roledescription=\"carousel\" aria-label=\"Resim D\u00f6ng\u00fcs\u00fc\" dir=\"ltr\">\n\t\t\t<div class=\"elementor-image-carousel swiper-wrapper\" aria-live=\"off\">\n\t\t\t\t\t\t\t\t<div class=\"swiper-slide\" role=\"group\" aria-roledescription=\"slide\" aria-label=\"1 \/ 4\" data-no-translation-aria-label=\"\"><figure class=\"swiper-slide-inner\"><img decoding=\"async\" class=\"swiper-slide-image\" src=\"https:\/\/mpaiers.de\/wp-content\/uploads\/2025\/03\/s1-img-5.webp\" alt=\"s1-img-5.webp\" \/><\/figure><\/div><div class=\"swiper-slide\" role=\"group\" aria-roledescription=\"slide\" aria-label=\"2 \/ 4\" data-no-translation-aria-label=\"\"><figure class=\"swiper-slide-inner\"><img decoding=\"async\" class=\"swiper-slide-image\" src=\"https:\/\/mpaiers.de\/wp-content\/uploads\/2025\/03\/s1-img-4.webp\" alt=\"s1-img-4.webp\" \/><\/figure><\/div><div class=\"swiper-slide\" role=\"group\" aria-roledescription=\"slide\" aria-label=\"3 \/ 4\" data-no-translation-aria-label=\"\"><figure class=\"swiper-slide-inner\"><img decoding=\"async\" class=\"swiper-slide-image\" src=\"https:\/\/mpaiers.de\/wp-content\/uploads\/2025\/03\/s1-img-3.webp\" alt=\"s1-img-3.webp\" \/><\/figure><\/div><div class=\"swiper-slide\" role=\"group\" aria-roledescription=\"slide\" aria-label=\"4 \/ 4\" data-no-translation-aria-label=\"\"><figure class=\"swiper-slide-inner\"><img decoding=\"async\" class=\"swiper-slide-image\" src=\"https:\/\/mpaiers.de\/wp-content\/uploads\/2025\/03\/s1-img-2.webp\" alt=\"s1-img-2.webp\" \/><\/figure><\/div>\t\t\t<\/div>\n\t\t\t\t\t\t\t\t\t\t\t\t<div class=\"elementor-swiper-button elementor-swiper-button-prev\" role=\"button\" tabindex=\"0\">\n\t\t\t\t\t\t<i aria-hidden=\"true\" class=\"eicon-chevron-left\"><\/i>\t\t\t\t\t<\/div>\n\t\t\t\t\t<div class=\"elementor-swiper-button elementor-swiper-button-next\" role=\"button\" tabindex=\"0\">\n\t\t\t\t\t\t<i aria-hidden=\"true\" class=\"eicon-chevron-right\"><\/i>\t\t\t\t\t<\/div>\n\t\t\t\t\n\t\t\t\t\t\t\t\t\t<div class=\"swiper-pagination\"><\/div>\n\t\t\t\t\t\t\t\t\t<\/div>\n\t\t\t\t\t\t<\/div>\n\t\t\t\t<\/div>\n\t\t\t\t\t<\/div>\n\t\t\t\t<\/div>\n\t\t\t\t<\/div>","protected":false},"excerpt":{"rendered":"<p>Gr\u00fcndungsberatung und Markenentwicklung Gr\u00fcndungsberatung: Rechtsformwahl, Gesch\u00e4ftskonzept, Gr\u00fcndungsunterlagen, Beh\u00f6rdenkontakt, Finanzierung Markenentwicklung: Markenstrategie, Logo, Farbwelt, Sprache, Corporate Identity Der Erfolg eines Unternehmens beginnt mit zwei Dingen: einer klaren Struktur und einer starken Identit\u00e4t. Eine gut vorbereitete Gr\u00fcndung spart Zeit, Geld und Nerven. Eine pr\u00e4zise entwickelte Marke schafft Vertrauen, Sichtbarkeit und Differenzierung. Wer von Anfang an beides beherrscht, [&hellip;]<\/p>","protected":false},"author":1,"featured_media":0,"parent":16258,"menu_order":0,"comment_status":"closed","ping_status":"closed","template":"","meta":{"om_disable_all_campaigns":false,"_monsterinsights_skip_tracking":false,"_monsterinsights_sitenote_active":false,"_monsterinsights_sitenote_note":"","_monsterinsights_sitenote_category":0,"footnotes":""},"class_list":["post-16274","page","type-page","status-publish","hentry"],"aioseo_notices":[],"_links":{"self":[{"href":"https:\/\/mpaiers.de\/tr\/wp-json\/wp\/v2\/pages\/16274","targetHints":{"allow":["GET"]}}],"collection":[{"href":"https:\/\/mpaiers.de\/tr\/wp-json\/wp\/v2\/pages"}],"about":[{"href":"https:\/\/mpaiers.de\/tr\/wp-json\/wp\/v2\/types\/page"}],"author":[{"embeddable":true,"href":"https:\/\/mpaiers.de\/tr\/wp-json\/wp\/v2\/users\/1"}],"replies":[{"embeddable":true,"href":"https:\/\/mpaiers.de\/tr\/wp-json\/wp\/v2\/comments?post=16274"}],"version-history":[{"count":0,"href":"https:\/\/mpaiers.de\/tr\/wp-json\/wp\/v2\/pages\/16274\/revisions"}],"up":[{"embeddable":true,"href":"https:\/\/mpaiers.de\/tr\/wp-json\/wp\/v2\/pages\/16258"}],"wp:attachment":[{"href":"https:\/\/mpaiers.de\/tr\/wp-json\/wp\/v2\/media?parent=16274"}],"curies":[{"name":"wp","href":"https:\/\/api.w.org\/{rel}","templated":true}]}}