{"id":16262,"date":"2025-05-12T10:02:24","date_gmt":"2025-05-12T10:02:24","guid":{"rendered":"https:\/\/mpaiers.de\/?page_id=16262"},"modified":"2025-07-26T10:43:15","modified_gmt":"2025-07-26T10:43:15","slug":"voranbringen","status":"publish","type":"page","link":"https:\/\/mpaiers.de\/tr\/voranbringen\/","title":{"rendered":"\u0130leriye\u00a0Ta\u015f\u0131y\u0131n"},"content":{"rendered":"<div data-elementor-type=\"wp-page\" data-elementor-id=\"16262\" class=\"elementor elementor-16262\" data-elementor-post-type=\"page\">\n\t\t\t\t<div class=\"elementor-element elementor-element-39ed720 e-con-full e-flex e-con e-parent\" data-id=\"39ed720\" data-element_type=\"container\" data-e-type=\"container\">\n\t\t\t\t<div class=\"elementor-element elementor-element-f90a58b elementor-widget elementor-widget-go-s-heading\" data-id=\"f90a58b\" data-element_type=\"widget\" data-e-type=\"widget\" data-widget_type=\"go-s-heading.default\">\n\t\t\t\t<div class=\"elementor-widget-container\">\n\t\t\t\t\t<div class=\"agn-faqs-2-sec-title prthalign\">\n        <h1 class=\"elementor-gt-heading agn-sec-title-2 agn-split-3 wa-fix\">\u0130leriye\u00a0Ta\u015f\u0131y\u0131n<\/h1><\/div>\t\t\t\t<\/div>\n\t\t\t\t<\/div>\n\t\t\t\t<\/div>\n\t\t<div class=\"elementor-element elementor-element-41b3d52 e-flex e-con-boxed e-con e-parent\" data-id=\"41b3d52\" data-element_type=\"container\" data-e-type=\"container\">\n\t\t\t\t\t<div class=\"e-con-inner\">\n\t\t<div class=\"elementor-element elementor-element-45e2b25 e-con-full e-flex e-con e-child\" data-id=\"45e2b25\" data-element_type=\"container\" data-e-type=\"container\">\n\t\t\t\t<div class=\"elementor-element elementor-element-d1df15a elementor-widget elementor-widget-image\" data-id=\"d1df15a\" data-element_type=\"widget\" data-e-type=\"widget\" data-widget_type=\"image.default\">\n\t\t\t\t<div class=\"elementor-widget-container\">\n\t\t\t\t\t\t\t\t\t\t\t\t\t\t\t\t<a href=\"https:\/\/mpaiers.de\/tr\/neupositionierung-und-strategische-ausrichtung-ihrer-marke\/\">\n\t\t\t\t\t\t\t<img fetchpriority=\"high\" decoding=\"async\" width=\"1001\" height=\"1500\" src=\"https:\/\/mpaiers.de\/wp-content\/uploads\/2025\/05\/brand-renewal.jpg\" class=\"attachment-full size-full wp-image-16470\" alt=\"\" srcset=\"https:\/\/mpaiers.de\/wp-content\/uploads\/2025\/05\/brand-renewal.jpg 1001w, https:\/\/mpaiers.de\/wp-content\/uploads\/2025\/05\/brand-renewal-600x899.jpg 600w, https:\/\/mpaiers.de\/wp-content\/uploads\/2025\/05\/brand-renewal-200x300.jpg 200w, https:\/\/mpaiers.de\/wp-content\/uploads\/2025\/05\/brand-renewal-683x1024.jpg 683w, https:\/\/mpaiers.de\/wp-content\/uploads\/2025\/05\/brand-renewal-768x1151.jpg 768w\" sizes=\"(max-width: 1001px) 100vw, 1001px\" \/>\t\t\t\t\t\t\t\t<\/a>\n\t\t\t\t\t\t\t\t\t\t\t\t\t\t\t<\/div>\n\t\t\t\t<\/div>\n\t\t\t\t<div class=\"elementor-element elementor-element-40bcfda elementor-widget elementor-widget-text-editor\" data-id=\"40bcfda\" data-element_type=\"widget\" data-e-type=\"widget\" data-widget_type=\"text-editor.default\">\n\t\t\t\t<div class=\"elementor-widget-container\">\n\t\t\t\t\t\t\t\t\t<p style=\"text-align: center;\"><a href=\"https:\/\/mpaiers.de\/tr\/neupositionierung-und-strategische-ausrichtung-ihrer-marke\/\"><strong>Markalar\u0131n\u0131n yeniden konumland\u0131r\u0131lmas\u0131 ve stratejik y\u00f6n\u00fc<\/strong><\/a><\/p>\t\t\t\t\t\t\t\t<\/div>\n\t\t\t\t<\/div>\n\t\t\t\t<\/div>\n\t\t<div class=\"elementor-element elementor-element-2ed0f77 e-con-full e-flex e-con e-child\" data-id=\"2ed0f77\" data-element_type=\"container\" data-e-type=\"container\">\n\t\t\t\t<div class=\"elementor-element elementor-element-46939e5 elementor-widget elementor-widget-image\" data-id=\"46939e5\" data-element_type=\"widget\" data-e-type=\"widget\" data-widget_type=\"image.default\">\n\t\t\t\t<div class=\"elementor-widget-container\">\n\t\t\t\t\t\t\t\t\t\t\t\t\t\t\t\t<a href=\"https:\/\/mpaiers.de\/tr\/digitale-transformation-und-automatisierung\/\">\n\t\t\t\t\t\t\t<img decoding=\"async\" width=\"1000\" height=\"1500\" src=\"https:\/\/mpaiers.de\/wp-content\/uploads\/2025\/05\/Digitalization.jpg\" class=\"attachment-full size-full wp-image-16477\" alt=\"\" srcset=\"https:\/\/mpaiers.de\/wp-content\/uploads\/2025\/05\/Digitalization.jpg 1000w, https:\/\/mpaiers.de\/wp-content\/uploads\/2025\/05\/Digitalization-600x900.jpg 600w\" sizes=\"(max-width: 1000px) 100vw, 1000px\" \/>\t\t\t\t\t\t\t\t<\/a>\n\t\t\t\t\t\t\t\t\t\t\t\t\t\t\t<\/div>\n\t\t\t\t<\/div>\n\t\t\t\t<div class=\"elementor-element elementor-element-09e23d3 elementor-widget elementor-widget-text-editor\" data-id=\"09e23d3\" data-element_type=\"widget\" data-e-type=\"widget\" data-widget_type=\"text-editor.default\">\n\t\t\t\t<div class=\"elementor-widget-container\">\n\t\t\t\t\t\t\t\t\t<p style=\"text-align: center;\"><a href=\"https:\/\/mpaiers.de\/tr\/digitale-transformation-und-automatisierung\/\"><strong>Dijital D\u00f6n\u00fc\u015f\u00fcm ve otomasyon<\/strong><\/a><\/p>\t\t\t\t\t\t\t\t<\/div>\n\t\t\t\t<\/div>\n\t\t\t\t<\/div>\n\t\t<div class=\"elementor-element elementor-element-0bb2662 e-con-full e-flex e-con e-child\" data-id=\"0bb2662\" data-element_type=\"container\" data-e-type=\"container\">\n\t\t\t\t<div class=\"elementor-element elementor-element-7a89578 elementor-widget elementor-widget-image\" data-id=\"7a89578\" data-element_type=\"widget\" data-e-type=\"widget\" data-widget_type=\"image.default\">\n\t\t\t\t<div class=\"elementor-widget-container\">\n\t\t\t\t\t\t\t\t\t\t\t\t\t\t\t\t<a href=\"https:\/\/mpaiers.de\/tr\/zugang-zu-investoren-und-kooperationspartnern\/\">\n\t\t\t\t\t\t\t<img decoding=\"async\" width=\"1437\" height=\"1500\" src=\"https:\/\/mpaiers.de\/wp-content\/uploads\/2025\/05\/Local-and-foreign-investors-stakeholders.jpg\" class=\"attachment-full size-full wp-image-16484\" alt=\"\" srcset=\"https:\/\/mpaiers.de\/wp-content\/uploads\/2025\/05\/Local-and-foreign-investors-stakeholders.jpg 1437w, https:\/\/mpaiers.de\/wp-content\/uploads\/2025\/05\/Local-and-foreign-investors-stakeholders-600x626.jpg 600w, https:\/\/mpaiers.de\/wp-content\/uploads\/2025\/05\/Local-and-foreign-investors-stakeholders-287x300.jpg 287w, https:\/\/mpaiers.de\/wp-content\/uploads\/2025\/05\/Local-and-foreign-investors-stakeholders-981x1024.jpg 981w, https:\/\/mpaiers.de\/wp-content\/uploads\/2025\/05\/Local-and-foreign-investors-stakeholders-768x802.jpg 768w\" sizes=\"(max-width: 1437px) 100vw, 1437px\" \/>\t\t\t\t\t\t\t\t<\/a>\n\t\t\t\t\t\t\t\t\t\t\t\t\t\t\t<\/div>\n\t\t\t\t<\/div>\n\t\t\t\t<div class=\"elementor-element elementor-element-5b530bc elementor-widget elementor-widget-text-editor\" data-id=\"5b530bc\" data-element_type=\"widget\" data-e-type=\"widget\" data-widget_type=\"text-editor.default\">\n\t\t\t\t<div class=\"elementor-widget-container\">\n\t\t\t\t\t\t\t\t\t<p style=\"text-align: center;\"><a href=\"https:\/\/mpaiers.de\/tr\/zugang-zu-investoren-und-kooperationspartnern\/\"><strong>Yat\u0131r\u0131mc\u0131lara ve i\u015fbirli\u011fi ortaklar\u0131na eri\u015fim<\/strong><\/a><\/p>\t\t\t\t\t\t\t\t<\/div>\n\t\t\t\t<\/div>\n\t\t\t\t<\/div>\n\t\t<div class=\"elementor-element elementor-element-592fd3f e-con-full e-flex e-con e-child\" data-id=\"592fd3f\" data-element_type=\"container\" data-e-type=\"container\">\n\t\t\t\t<div class=\"elementor-element elementor-element-874421e elementor-widget elementor-widget-image\" data-id=\"874421e\" data-element_type=\"widget\" data-e-type=\"widget\" data-widget_type=\"image.default\">\n\t\t\t\t<div class=\"elementor-widget-container\">\n\t\t\t\t\t\t\t\t\t\t\t\t\t\t\t\t<a href=\"https:\/\/mpaiers.de\/tr\/unterstutzung-bei-der-internationalisierung\/\">\n\t\t\t\t\t\t\t<img loading=\"lazy\" decoding=\"async\" width=\"840\" height=\"1095\" src=\"https:\/\/mpaiers.de\/wp-content\/uploads\/2025\/05\/Globalization-support-e1753262141487.jpg\" class=\"attachment-full size-full wp-image-16490\" alt=\"\" srcset=\"https:\/\/mpaiers.de\/wp-content\/uploads\/2025\/05\/Globalization-support-e1753262141487.jpg 840w, https:\/\/mpaiers.de\/wp-content\/uploads\/2025\/05\/Globalization-support-e1753262141487-230x300.avif 230w, https:\/\/mpaiers.de\/wp-content\/uploads\/2025\/05\/Globalization-support-e1753262141487-768x1001.avif 768w, https:\/\/mpaiers.de\/wp-content\/uploads\/2025\/05\/Globalization-support-e1753262141487-786x1024.avif 786w, https:\/\/mpaiers.de\/wp-content\/uploads\/2025\/05\/Globalization-support-e1753262141487-9x12.avif 9w\" sizes=\"(max-width: 840px) 100vw, 840px\" \/>\t\t\t\t\t\t\t\t<\/a>\n\t\t\t\t\t\t\t\t\t\t\t\t\t\t\t<\/div>\n\t\t\t\t<\/div>\n\t\t\t\t<div class=\"elementor-element elementor-element-0604fd4 elementor-widget elementor-widget-text-editor\" data-id=\"0604fd4\" data-element_type=\"widget\" data-e-type=\"widget\" data-widget_type=\"text-editor.default\">\n\t\t\t\t<div class=\"elementor-widget-container\">\n\t\t\t\t\t\t\t\t\t<p style=\"text-align: center;\"><a href=\"https:\/\/mpaiers.de\/tr\/unterstutzung-bei-der-internationalisierung\/\"><strong>Uluslararas\u0131la\u015fmaya destek<\/strong><\/a><\/p>\t\t\t\t\t\t\t\t<\/div>\n\t\t\t\t<\/div>\n\t\t\t\t<\/div>\n\t\t\t\t\t<\/div>\n\t\t\t\t<\/div>\n\t\t\t\t<\/div>","protected":false},"excerpt":{"rendered":"<p>Voranbringen Neupositionierung und strategische Ausrichtung Ihrer Marke Digitale Transformation und Automatisierung Zugang zu Investoren und Kooperationspartnern Unterst\u00fctzung bei der Internationalisierung<\/p>","protected":false},"author":1,"featured_media":0,"parent":0,"menu_order":0,"comment_status":"closed","ping_status":"closed","template":"","meta":{"om_disable_all_campaigns":false,"_monsterinsights_skip_tracking":false,"_monsterinsights_sitenote_active":false,"_monsterinsights_sitenote_note":"","_monsterinsights_sitenote_category":0,"footnotes":""},"class_list":["post-16262","page","type-page","status-publish","hentry"],"aioseo_notices":[],"_links":{"self":[{"href":"https:\/\/mpaiers.de\/tr\/wp-json\/wp\/v2\/pages\/16262","targetHints":{"allow":["GET"]}}],"collection":[{"href":"https:\/\/mpaiers.de\/tr\/wp-json\/wp\/v2\/pages"}],"about":[{"href":"https:\/\/mpaiers.de\/tr\/wp-json\/wp\/v2\/types\/page"}],"author":[{"embeddable":true,"href":"https:\/\/mpaiers.de\/tr\/wp-json\/wp\/v2\/users\/1"}],"replies":[{"embeddable":true,"href":"https:\/\/mpaiers.de\/tr\/wp-json\/wp\/v2\/comments?post=16262"}],"version-history":[{"count":0,"href":"https:\/\/mpaiers.de\/tr\/wp-json\/wp\/v2\/pages\/16262\/revisions"}],"wp:attachment":[{"href":"https:\/\/mpaiers.de\/tr\/wp-json\/wp\/v2\/media?parent=16262"}],"curies":[{"name":"wp","href":"https:\/\/api.w.org\/{rel}","templated":true}]}}