{"id":16539,"date":"2025-05-14T09:30:08","date_gmt":"2025-05-14T09:30:08","guid":{"rendered":"https:\/\/mpaiers.de\/?page_id=16539"},"modified":"2025-10-17T14:28:05","modified_gmt":"2025-10-17T14:28:05","slug":"impressum","status":"publish","type":"page","link":"https:\/\/mpaiers.de\/en\/startseite\/impressum\/","title":{"rendered":"Imprint"},"content":{"rendered":"<div data-elementor-type=\"wp-page\" data-elementor-id=\"16539\" class=\"elementor elementor-16539\" data-elementor-post-type=\"page\">\n\t\t\t\t<div class=\"elementor-element elementor-element-33a685de e-flex e-con-boxed e-con e-parent\" data-id=\"33a685de\" data-element_type=\"container\" data-e-type=\"container\">\n\t\t\t\t\t<div class=\"e-con-inner\">\n\t\t\t\t<div class=\"elementor-element elementor-element-aac4eaa elementor-widget elementor-widget-text-editor\" data-id=\"aac4eaa\" data-element_type=\"widget\" data-e-type=\"widget\" data-widget_type=\"text-editor.default\">\n\t\t\t\t<div class=\"elementor-widget-container\">\n\t\t\t\t\t\t\t\t\t<table border=\"0\" width=\"100%\" cellspacing=\"0\" cellpadding=\"0\"><tbody><tr><td align=\"left\" valign=\"top\" width=\"33%\"><h3>Anbieter:<\/h3><p>Mpaiers GmbH<br>Mittelstr. 11<br>40789 Monheim am Rhein<br><br>Vertreten durch den Vorstand:<br>Eren Tandogan<br><br><\/p><p><br>Aufsichtsratsvorsitzender:<br>Eren Tandogan<br><br><br><\/p><\/td><td align=\"left\" valign=\"top\" width=\"33%\"><h3>E-Mail<\/h3>info@mpaiers.de<br><br><h3>Phone<\/h3>+49 21732003720<br><br><h3>&nbsp;<\/h3><br><br><br><\/td><td align=\"left\" valign=\"top\" width=\"33%\"><h3>Datenschutz: Verantwortliche Stelle<\/h3>Mpaiers GmbH<br>Mittelstr. 11<br>40789 Monheim am Rhein<br><br>Telefon: +49 21732003720<br>E-Mail: info@mpaiers.de<\/td><\/tr><tr><td align=\"left\" valign=\"top\" width=\"33%\"><h3>Verantwortlich f\u00fcr den Inhalt<br>i.S.d. \u00a7 18 MStV ist:<\/h3><br>Eren Tandogan<br>c\/o Mpaiers GmbH<br>Mittelstr. 11<br>40789 Monheim am Rhein<\/td><td align=\"left\" valign=\"top\" width=\"33%\"><h3>Registereintrag:<\/h3>Eintragung im Amtsgericht: D\u00fcsseldorf&nbsp;<br>Registernummer: HRB 108786<br><br><br><h3>USt-Identifikationsnummer<br>gem\u00e4\u00df \u00a727a Umsatzsteuergesetz:<\/h3>DE455404576<\/td><td align=\"left\" valign=\"top\" width=\"33%\"><h3>&nbsp;<\/h3><br><br><\/td><\/tr><\/tbody><\/table><p><br><br><\/p><div align=\"justify\"><h4>Hinweis auf Verbraucherstreitbeilegung nach \u00a7 36 VSBG:<\/h4>Hinweis auf Verbraucherstreitbeilegung nach \u00a7 36 VSBG: Wir sind nicht verpflichtet oder dazu bereit, an Streitbeilegungsverfahren vor einer Verbraucherschlichtungsstelle teilzunehmen.<br><br><h4>Hinweise zum Copyright und Urheberrecht:<\/h4>F\u00fcr die Stylesheets dieser Website wird der Font &#8222;<i>Open Sans<\/i>&#8220; benutzt.<\/div>\t\t\t\t\t\t\t\t<\/div>\n\t\t\t\t<\/div>\n\t\t\t\t\t<\/div>\n\t\t\t\t<\/div>\n\t\t\t\t<\/div>","protected":false},"excerpt":{"rendered":"<p>Anbieter: Mpaiers GmbHMittelstr. 1140789 Monheim am Rhein Vertreten durch den Vorstand:Eren Tandogan Aufsichtsratsvorsitzender:Eren Tandogan E-Mail info@mpaiers.de Telefon +49 21732003720 &nbsp; Datenschutz: Verantwortliche Stelle Mpaiers GmbHMittelstr. 1140789 Monheim am Rhein Telefon: +49 21732003720E-Mail: info@mpaiers.de Verantwortlich f\u00fcr den Inhalti.S.d. \u00a7 18 MStV ist: Eren Tandoganc\/o Mpaiers GmbHMittelstr. 1140789 Monheim am Rhein Registereintrag: Eintragung im Amtsgericht: D\u00fcsseldorf&nbsp;Registernummer: HRB [&hellip;]<\/p>","protected":false},"author":1,"featured_media":0,"parent":12,"menu_order":0,"comment_status":"closed","ping_status":"closed","template":"","meta":{"om_disable_all_campaigns":false,"_monsterinsights_skip_tracking":false,"_monsterinsights_sitenote_active":false,"_monsterinsights_sitenote_note":"","_monsterinsights_sitenote_category":0,"footnotes":""},"class_list":["post-16539","page","type-page","status-publish","hentry"],"aioseo_notices":[],"_links":{"self":[{"href":"https:\/\/mpaiers.de\/en\/wp-json\/wp\/v2\/pages\/16539","targetHints":{"allow":["GET"]}}],"collection":[{"href":"https:\/\/mpaiers.de\/en\/wp-json\/wp\/v2\/pages"}],"about":[{"href":"https:\/\/mpaiers.de\/en\/wp-json\/wp\/v2\/types\/page"}],"author":[{"embeddable":true,"href":"https:\/\/mpaiers.de\/en\/wp-json\/wp\/v2\/users\/1"}],"replies":[{"embeddable":true,"href":"https:\/\/mpaiers.de\/en\/wp-json\/wp\/v2\/comments?post=16539"}],"version-history":[{"count":0,"href":"https:\/\/mpaiers.de\/en\/wp-json\/wp\/v2\/pages\/16539\/revisions"}],"up":[{"embeddable":true,"href":"https:\/\/mpaiers.de\/en\/wp-json\/wp\/v2\/pages\/12"}],"wp:attachment":[{"href":"https:\/\/mpaiers.de\/en\/wp-json\/wp\/v2\/media?parent=16539"}],"curies":[{"name":"wp","href":"https:\/\/api.w.org\/{rel}","templated":true}]}}