{"id":16488,"date":"2025-05-14T08:35:12","date_gmt":"2025-05-14T08:35:12","guid":{"rendered":"https:\/\/mpaiers.de\/?page_id=16488"},"modified":"2025-07-26T10:22:41","modified_gmt":"2025-07-26T10:22:41","slug":"unterstutzung-bei-der-internationalisierung","status":"publish","type":"page","link":"https:\/\/mpaiers.de\/en\/voranbringen\/unterstutzung-bei-der-internationalisierung\/","title":{"rendered":"Support for internationalization"},"content":{"rendered":"<div data-elementor-type=\"wp-page\" data-elementor-id=\"16488\" class=\"elementor elementor-16488\" data-elementor-post-type=\"page\">\n\t\t\t\t<div class=\"elementor-element elementor-element-5e1ba47 e-con-full e-flex e-con e-parent\" data-id=\"5e1ba47\" data-element_type=\"container\" data-e-type=\"container\">\n\t\t\t\t<div class=\"elementor-element elementor-element-4efc2b7 elementor-widget elementor-widget-go-s-heading\" data-id=\"4efc2b7\" data-element_type=\"widget\" data-e-type=\"widget\" data-widget_type=\"go-s-heading.default\">\n\t\t\t\t<div class=\"elementor-widget-container\">\n\t\t\t\t\t<div class=\"agn-faqs-2-sec-title prthalign\">\n        <h1 class=\"elementor-gt-heading agn-sec-title-2 agn-split-3 wa-fix\">Support for internationalization<br \/>\n<\/h1><\/div>\t\t\t\t<\/div>\n\t\t\t\t<\/div>\n\t\t\t\t<\/div>\n\t\t<div class=\"elementor-element elementor-element-8fb2e99 e-flex e-con-boxed e-con e-parent\" data-id=\"8fb2e99\" data-element_type=\"container\" data-e-type=\"container\">\n\t\t\t\t\t<div class=\"e-con-inner\">\n\t\t<div class=\"elementor-element elementor-element-c52b308 e-con-full e-flex e-con e-child\" data-id=\"c52b308\" data-element_type=\"container\" data-e-type=\"container\">\n\t\t\t\t<div class=\"elementor-element elementor-element-8dae3b8 elementor-widget elementor-widget-text-editor\" data-id=\"8dae3b8\" data-element_type=\"widget\" data-e-type=\"widget\" data-widget_type=\"text-editor.default\">\n\t\t\t\t<div class=\"elementor-widget-container\">\n\t\t\t\t\t\t\t\t\t<p><strong data-start=\"653\" data-end=\"691\">Market analysis and target region rating:<\/strong><\/p>\t\t\t\t\t\t\t\t<\/div>\n\t\t\t\t<\/div>\n\t\t\t\t<\/div>\n\t\t<div class=\"elementor-element elementor-element-8d75e18 e-con-full e-flex e-con e-child\" data-id=\"8d75e18\" data-element_type=\"container\" data-e-type=\"container\">\n\t\t\t\t<div class=\"elementor-element elementor-element-dd627db elementor-widget elementor-widget-text-editor\" data-id=\"dd627db\" data-element_type=\"widget\" data-e-type=\"widget\" data-widget_type=\"text-editor.default\">\n\t\t\t\t<div class=\"elementor-widget-container\">\n\t\t\t\t\t\t\t\t\t<p><strong data-start=\"842\" data-end=\"889\">Adaptation of brand and communications for international markets:<\/strong><\/p>\t\t\t\t\t\t\t\t<\/div>\n\t\t\t\t<\/div>\n\t\t\t\t<\/div>\n\t\t<div class=\"elementor-element elementor-element-4bfeba0 e-con-full e-flex e-con e-child\" data-id=\"4bfeba0\" data-element_type=\"container\" data-e-type=\"container\">\n\t\t\t\t<div class=\"elementor-element elementor-element-159f1d2 elementor-widget elementor-widget-text-editor\" data-id=\"159f1d2\" data-element_type=\"widget\" data-e-type=\"widget\" data-widget_type=\"text-editor.default\">\n\t\t\t\t<div class=\"elementor-widget-container\">\n\t\t\t\t\t\t\t\t\t<p><strong data-start=\"842\" data-end=\"889\">Construction of the distribution structures and international collaborations:<\/strong><\/p>\t\t\t\t\t\t\t\t<\/div>\n\t\t\t\t<\/div>\n\t\t\t\t<\/div>\n\t\t<div class=\"elementor-element elementor-element-82ecd1a e-con-full e-flex e-con e-child\" data-id=\"82ecd1a\" data-element_type=\"container\" data-e-type=\"container\">\n\t\t\t\t<div class=\"elementor-element elementor-element-ba5225c elementor-widget elementor-widget-text-editor\" data-id=\"ba5225c\" data-element_type=\"widget\" data-e-type=\"widget\" data-widget_type=\"text-editor.default\">\n\t\t\t\t<div class=\"elementor-widget-container\">\n\t\t\t\t\t\t\t\t\t<p><strong data-start=\"1018\" data-end=\"1058\">Support in legal, fiscal and operational issues:<\/strong><\/p>\t\t\t\t\t\t\t\t<\/div>\n\t\t\t\t<\/div>\n\t\t\t\t<\/div>\n\t\t\t\t\t<\/div>\n\t\t\t\t<\/div>\n\t\t<div class=\"elementor-element elementor-element-c302b65 e-flex e-con-boxed e-con e-parent\" data-id=\"c302b65\" data-element_type=\"container\" data-e-type=\"container\">\n\t\t\t\t\t<div class=\"e-con-inner\">\n\t\t<div class=\"elementor-element elementor-element-542ef78 e-con-full e-flex e-con e-child\" data-id=\"542ef78\" data-element_type=\"container\" data-e-type=\"container\" data-settings=\"{&quot;background_background&quot;:&quot;classic&quot;}\">\n\t\t\t\t<div class=\"elementor-element elementor-element-59c26d9 elementor-widget elementor-widget-image\" data-id=\"59c26d9\" data-element_type=\"widget\" data-e-type=\"widget\" data-widget_type=\"image.default\">\n\t\t\t\t<div class=\"elementor-widget-container\">\n\t\t\t\t\t\t\t\t\t\t\t\t\t\t\t<img fetchpriority=\"high\" decoding=\"async\" width=\"840\" height=\"1095\" src=\"https:\/\/mpaiers.de\/wp-content\/uploads\/2025\/05\/Globalization-support-e1753262141487.jpg\" class=\"attachment-full size-full wp-image-16490\" alt=\"\" srcset=\"https:\/\/mpaiers.de\/wp-content\/uploads\/2025\/05\/Globalization-support-e1753262141487.jpg 840w, https:\/\/mpaiers.de\/wp-content\/uploads\/2025\/05\/Globalization-support-e1753262141487-230x300.avif 230w, https:\/\/mpaiers.de\/wp-content\/uploads\/2025\/05\/Globalization-support-e1753262141487-768x1001.avif 768w, https:\/\/mpaiers.de\/wp-content\/uploads\/2025\/05\/Globalization-support-e1753262141487-786x1024.avif 786w, https:\/\/mpaiers.de\/wp-content\/uploads\/2025\/05\/Globalization-support-e1753262141487-9x12.avif 9w\" sizes=\"(max-width: 840px) 100vw, 840px\" \/>\t\t\t\t\t\t\t\t\t\t\t\t\t\t\t<\/div>\n\t\t\t\t<\/div>\n\t\t\t\t<\/div>\n\t\t<div class=\"elementor-element elementor-element-65a3ead e-con-full e-flex e-con e-child\" data-id=\"65a3ead\" data-element_type=\"container\" data-e-type=\"container\">\n\t\t\t\t<div class=\"elementor-element elementor-element-4cf32ce elementor-widget elementor-widget-text-editor\" data-id=\"4cf32ce\" data-element_type=\"widget\" data-e-type=\"widget\" data-widget_type=\"text-editor.default\">\n\t\t\t\t<div class=\"elementor-widget-container\">\n\t\t\t\t\t\t\t\t\t<p>Internationalization is not a leap into the Unknown, but a planned step. Anyone entering new markets, you need to Know, adaptation, and structure. Other languages, other habits, other rules of the game, who understands you, has the Chance to have a real growth spurt. Who ignores you, is risking a lot. The key is preparation, not speed.<\/p><p><strong>Our implementation for your market entry<\/strong><\/p><p><strong>Market analysis and destination rating<\/strong><br \/>We will examine which markets adjust to your product, your service and your structure. Not blind, but based on the data selection and realistic assessment of the potential.<\/p><p><strong>Adaptation of brand and communications for foreign markets<\/strong><br \/>We adapt their appearance, their language, and their message of cultural, linguistic and media requirements of the target market. From the Claim, up to the choice of color thoughtfully and effectively.<\/p><p><strong>Construction of the distribution structures and international cooperation<\/strong><br \/>We develop appropriate market entry strategies. If direct sales, partners, network or digital presence, we ensure that you develop on-the-spot effect.<\/p><p><strong>Support in legal, fiscal and operational issues<\/strong><br \/>We clarify what is needed.<\/p><p>Of the form of society until the tax issue, from supply chains to approvals. With certified partners, reliable communication, and resilience Expertise.<\/p><p><strong>International means to grow at a local<\/strong><\/p><p>We do not treat new markets, such as copies from the home market. We analyze, translate, organize, and accompany step-by-step, without a Show with substance. No action, but a planned build-up. Who&#039;s with us abroad, preparation, and with a realistic Plan in the bag.<\/p>\t\t\t\t\t\t\t\t<\/div>\n\t\t\t\t<\/div>\n\t\t\t\t<\/div>\n\t\t\t\t\t<\/div>\n\t\t\t\t<\/div>\n\t\t<div class=\"elementor-element elementor-element-a838039 e-flex e-con-boxed e-con e-parent\" data-id=\"a838039\" data-element_type=\"container\" data-e-type=\"container\">\n\t\t\t\t\t<div class=\"e-con-inner\">\n\t\t\t\t<div class=\"elementor-element elementor-element-5194d5a elementor-arrows-position-inside elementor-pagination-position-outside elementor-widget elementor-widget-image-carousel\" data-id=\"5194d5a\" data-element_type=\"widget\" data-e-type=\"widget\" data-settings=\"{&quot;slides_to_show&quot;:&quot;4&quot;,&quot;slides_to_show_mobile&quot;:&quot;2&quot;,&quot;navigation&quot;:&quot;both&quot;,&quot;autoplay&quot;:&quot;yes&quot;,&quot;pause_on_hover&quot;:&quot;yes&quot;,&quot;pause_on_interaction&quot;:&quot;yes&quot;,&quot;autoplay_speed&quot;:5000,&quot;infinite&quot;:&quot;yes&quot;,&quot;speed&quot;:500}\" data-widget_type=\"image-carousel.default\">\n\t\t\t\t<div class=\"elementor-widget-container\">\n\t\t\t\t\t\t\t<div class=\"elementor-image-carousel-wrapper swiper\" role=\"region\" aria-roledescription=\"carousel\" aria-label=\"Resim D\u00f6ng\u00fcs\u00fc\" dir=\"ltr\">\n\t\t\t<div class=\"elementor-image-carousel swiper-wrapper\" aria-live=\"off\">\n\t\t\t\t\t\t\t\t<div class=\"swiper-slide\" role=\"group\" aria-roledescription=\"slide\" aria-label=\"1 von 4\"><figure class=\"swiper-slide-inner\"><img decoding=\"async\" class=\"swiper-slide-image\" src=\"https:\/\/mpaiers.de\/wp-content\/uploads\/2025\/03\/s1-img-5.webp\" alt=\"s1-img-5.webp\" \/><\/figure><\/div><div class=\"swiper-slide\" role=\"group\" aria-roledescription=\"slide\" aria-label=\"2 von 4\"><figure class=\"swiper-slide-inner\"><img decoding=\"async\" class=\"swiper-slide-image\" src=\"https:\/\/mpaiers.de\/wp-content\/uploads\/2025\/03\/s1-img-4.webp\" alt=\"s1-img-4.webp\" \/><\/figure><\/div><div class=\"swiper-slide\" role=\"group\" aria-roledescription=\"slide\" aria-label=\"3 von 4\"><figure class=\"swiper-slide-inner\"><img decoding=\"async\" class=\"swiper-slide-image\" src=\"https:\/\/mpaiers.de\/wp-content\/uploads\/2025\/03\/s1-img-3.webp\" alt=\"s1-img-3.webp\" \/><\/figure><\/div><div class=\"swiper-slide\" role=\"group\" aria-roledescription=\"slide\" aria-label=\"4 von 4\"><figure class=\"swiper-slide-inner\"><img decoding=\"async\" class=\"swiper-slide-image\" src=\"https:\/\/mpaiers.de\/wp-content\/uploads\/2025\/03\/s1-img-2.webp\" alt=\"s1-img-2.webp\" \/><\/figure><\/div>\t\t\t<\/div>\n\t\t\t\t\t\t\t\t\t\t\t\t<div class=\"elementor-swiper-button elementor-swiper-button-prev\" role=\"button\" tabindex=\"0\">\n\t\t\t\t\t\t<i aria-hidden=\"true\" class=\"eicon-chevron-left\"><\/i>\t\t\t\t\t<\/div>\n\t\t\t\t\t<div class=\"elementor-swiper-button elementor-swiper-button-next\" role=\"button\" tabindex=\"0\">\n\t\t\t\t\t\t<i aria-hidden=\"true\" class=\"eicon-chevron-right\"><\/i>\t\t\t\t\t<\/div>\n\t\t\t\t\n\t\t\t\t\t\t\t\t\t<div class=\"swiper-pagination\"><\/div>\n\t\t\t\t\t\t\t\t\t<\/div>\n\t\t\t\t\t\t<\/div>\n\t\t\t\t<\/div>\n\t\t\t\t\t<\/div>\n\t\t\t\t<\/div>\n\t\t\t\t<\/div>","protected":false},"excerpt":{"rendered":"<p>Unterst\u00fctzung bei der Internationalisierung Marktanalyse und Zielregionenbewertung: Anpassung von Marke und Kommunikation f\u00fcr Auslandsm\u00e4rkte: Aufbau von Vertriebsstrukturen und internationalen Kooperationen: Begleitung bei rechtlichen, steuerlichen und operativen Fragen: Internationalisierung ist kein Sprung ins Ungewisse, sondern ein geplanter Schritt. Wer neue M\u00e4rkte betritt, braucht Wissen, Anpassung und Struktur. Andere Sprachen, andere Gewohnheiten, andere Spielregeln, wer sie versteht, [&hellip;]<\/p>","protected":false},"author":1,"featured_media":0,"parent":16262,"menu_order":0,"comment_status":"closed","ping_status":"closed","template":"","meta":{"om_disable_all_campaigns":false,"_monsterinsights_skip_tracking":false,"_monsterinsights_sitenote_active":false,"_monsterinsights_sitenote_note":"","_monsterinsights_sitenote_category":0,"footnotes":""},"class_list":["post-16488","page","type-page","status-publish","hentry"],"aioseo_notices":[],"_links":{"self":[{"href":"https:\/\/mpaiers.de\/en\/wp-json\/wp\/v2\/pages\/16488","targetHints":{"allow":["GET"]}}],"collection":[{"href":"https:\/\/mpaiers.de\/en\/wp-json\/wp\/v2\/pages"}],"about":[{"href":"https:\/\/mpaiers.de\/en\/wp-json\/wp\/v2\/types\/page"}],"author":[{"embeddable":true,"href":"https:\/\/mpaiers.de\/en\/wp-json\/wp\/v2\/users\/1"}],"replies":[{"embeddable":true,"href":"https:\/\/mpaiers.de\/en\/wp-json\/wp\/v2\/comments?post=16488"}],"version-history":[{"count":0,"href":"https:\/\/mpaiers.de\/en\/wp-json\/wp\/v2\/pages\/16488\/revisions"}],"up":[{"embeddable":true,"href":"https:\/\/mpaiers.de\/en\/wp-json\/wp\/v2\/pages\/16262"}],"wp:attachment":[{"href":"https:\/\/mpaiers.de\/en\/wp-json\/wp\/v2\/media?parent=16488"}],"curies":[{"name":"wp","href":"https:\/\/api.w.org\/{rel}","templated":true}]}}