{"id":16482,"date":"2025-05-14T08:31:19","date_gmt":"2025-05-14T08:31:19","guid":{"rendered":"https:\/\/mpaiers.de\/?page_id=16482"},"modified":"2025-07-26T10:23:39","modified_gmt":"2025-07-26T10:23:39","slug":"zugang-zu-investoren-und-kooperationspartnern","status":"publish","type":"page","link":"https:\/\/mpaiers.de\/en\/voranbringen\/zugang-zu-investoren-und-kooperationspartnern\/","title":{"rendered":"Access to investors and cooperation partners"},"content":{"rendered":"<div data-elementor-type=\"wp-page\" data-elementor-id=\"16482\" class=\"elementor elementor-16482\" data-elementor-post-type=\"page\">\n\t\t\t\t<div class=\"elementor-element elementor-element-3d9756f e-con-full e-flex e-con e-parent\" data-id=\"3d9756f\" data-element_type=\"container\" data-e-type=\"container\">\n\t\t\t\t<div class=\"elementor-element elementor-element-61dc715 elementor-widget elementor-widget-go-s-heading\" data-id=\"61dc715\" data-element_type=\"widget\" data-e-type=\"widget\" data-widget_type=\"go-s-heading.default\">\n\t\t\t\t<div class=\"elementor-widget-container\">\n\t\t\t\t\t<div class=\"agn-faqs-2-sec-title prthalign\">\n        <h1 class=\"elementor-gt-heading agn-sec-title-2 agn-split-3 wa-fix\">Access to investors and cooperation partners<\/h1><\/div>\t\t\t\t<\/div>\n\t\t\t\t<\/div>\n\t\t\t\t<\/div>\n\t\t<div class=\"elementor-element elementor-element-7b1fe22 e-flex e-con-boxed e-con e-parent\" data-id=\"7b1fe22\" data-element_type=\"container\" data-e-type=\"container\">\n\t\t\t\t\t<div class=\"e-con-inner\">\n\t\t<div class=\"elementor-element elementor-element-bdcd8f9 e-con-full e-flex e-con e-child\" data-id=\"bdcd8f9\" data-element_type=\"container\" data-e-type=\"container\">\n\t\t\t\t<div class=\"elementor-element elementor-element-53eff32 elementor-widget elementor-widget-text-editor\" data-id=\"53eff32\" data-element_type=\"widget\" data-e-type=\"widget\" data-widget_type=\"text-editor.default\">\n\t\t\t\t<div class=\"elementor-widget-container\">\n\t\t\t\t\t\t\t\t\t<p><strong data-start=\"576\" data-end=\"614\">Identification of suitable investors and strategic partners:<\/strong><\/p>\t\t\t\t\t\t\t\t<\/div>\n\t\t\t\t<\/div>\n\t\t\t\t<\/div>\n\t\t<div class=\"elementor-element elementor-element-eb62f20 e-con-full e-flex e-con e-child\" data-id=\"eb62f20\" data-element_type=\"container\" data-e-type=\"container\">\n\t\t\t\t<div class=\"elementor-element elementor-element-97b8505 elementor-widget elementor-widget-text-editor\" data-id=\"97b8505\" data-element_type=\"widget\" data-e-type=\"widget\" data-widget_type=\"text-editor.default\">\n\t\t\t\t<div class=\"elementor-widget-container\">\n\t\t\t\t\t\t\t\t\t<p><strong data-start=\"782\" data-end=\"825\">Preparation of business models and pitch documents:<\/strong><\/p>\t\t\t\t\t\t\t\t<\/div>\n\t\t\t\t<\/div>\n\t\t\t\t<\/div>\n\t\t<div class=\"elementor-element elementor-element-b594f06 e-con-full e-flex e-con e-child\" data-id=\"b594f06\" data-element_type=\"container\" data-e-type=\"container\">\n\t\t\t\t<div class=\"elementor-element elementor-element-b614c86 elementor-widget elementor-widget-text-editor\" data-id=\"b614c86\" data-element_type=\"widget\" data-e-type=\"widget\" data-widget_type=\"text-editor.default\">\n\t\t\t\t<div class=\"elementor-widget-container\">\n\t\t\t\t\t\t\t\t\t<p><strong data-start=\"782\" data-end=\"825\">Introduction to relevant networks and groups of investors:<\/strong><\/p>\t\t\t\t\t\t\t\t<\/div>\n\t\t\t\t<\/div>\n\t\t\t\t<\/div>\n\t\t<div class=\"elementor-element elementor-element-a55ae5b e-con-full e-flex e-con e-child\" data-id=\"a55ae5b\" data-element_type=\"container\" data-e-type=\"container\">\n\t\t\t\t<div class=\"elementor-element elementor-element-c8f069f elementor-widget elementor-widget-text-editor\" data-id=\"c8f069f\" data-element_type=\"widget\" data-e-type=\"widget\" data-widget_type=\"text-editor.default\">\n\t\t\t\t<div class=\"elementor-widget-container\">\n\t\t\t\t\t\t\t\t\t<p><strong data-start=\"981\" data-end=\"1018\">Negotiation support and partnership structuring:<\/strong><\/p>\t\t\t\t\t\t\t\t<\/div>\n\t\t\t\t<\/div>\n\t\t\t\t<\/div>\n\t\t\t\t\t<\/div>\n\t\t\t\t<\/div>\n\t\t<div class=\"elementor-element elementor-element-e2eb1fe e-flex e-con-boxed e-con e-parent\" data-id=\"e2eb1fe\" data-element_type=\"container\" data-e-type=\"container\">\n\t\t\t\t\t<div class=\"e-con-inner\">\n\t\t<div class=\"elementor-element elementor-element-ffa89f8 e-con-full e-flex e-con e-child\" data-id=\"ffa89f8\" data-element_type=\"container\" data-e-type=\"container\" data-settings=\"{&quot;background_background&quot;:&quot;classic&quot;}\">\n\t\t\t\t<div class=\"elementor-element elementor-element-35ac825 elementor-widget elementor-widget-image\" data-id=\"35ac825\" data-element_type=\"widget\" data-e-type=\"widget\" data-widget_type=\"image.default\">\n\t\t\t\t<div class=\"elementor-widget-container\">\n\t\t\t\t\t\t\t\t\t\t\t\t\t\t\t<img fetchpriority=\"high\" decoding=\"async\" width=\"1437\" height=\"1500\" src=\"https:\/\/mpaiers.de\/wp-content\/uploads\/2025\/05\/Local-and-foreign-investors-stakeholders.jpg\" class=\"attachment-full size-full wp-image-16484\" alt=\"\" srcset=\"https:\/\/mpaiers.de\/wp-content\/uploads\/2025\/05\/Local-and-foreign-investors-stakeholders.jpg 1437w, https:\/\/mpaiers.de\/wp-content\/uploads\/2025\/05\/Local-and-foreign-investors-stakeholders-600x626.jpg 600w, https:\/\/mpaiers.de\/wp-content\/uploads\/2025\/05\/Local-and-foreign-investors-stakeholders-287x300.jpg 287w, https:\/\/mpaiers.de\/wp-content\/uploads\/2025\/05\/Local-and-foreign-investors-stakeholders-981x1024.jpg 981w, https:\/\/mpaiers.de\/wp-content\/uploads\/2025\/05\/Local-and-foreign-investors-stakeholders-768x802.jpg 768w\" sizes=\"(max-width: 1437px) 100vw, 1437px\" \/>\t\t\t\t\t\t\t\t\t\t\t\t\t\t\t<\/div>\n\t\t\t\t<\/div>\n\t\t\t\t<\/div>\n\t\t<div class=\"elementor-element elementor-element-701def7 e-con-full e-flex e-con e-child\" data-id=\"701def7\" data-element_type=\"container\" data-e-type=\"container\">\n\t\t\t\t<div class=\"elementor-element elementor-element-ee12115 elementor-widget elementor-widget-text-editor\" data-id=\"ee12115\" data-element_type=\"widget\" data-e-type=\"widget\" data-widget_type=\"text-editor.default\">\n\t\t\t\t<div class=\"elementor-widget-container\">\n\t\t\t\t\t\t\t\t\t<p>Good ideas fail not on the market, but often at the entrance. Capital and strategic partners are the lever, in order to make potential real development. But those who don&#039;t know where and how he&#039;s using, remains invisible. Investors expect clarity, partnerships need structure. Anyone who understands this world, opens doors. Those who ignore it, remains on the outside.<\/p><p><strong>Our implementation for your access<\/strong><\/p><p><strong>Identification of suitable investors and strategic partners<\/strong><br \/>We analyze your industry, your project and your growth goals. From this we develop targeted Profiles of potential investors, or partners, no scattergun approach, but the selection with the Plan.<\/p><p><strong>Preparation of business models and pitch documents<\/strong><br \/>We bring your ideas into a Form that can be understood. Business plans, pitch decks, financial plans everything to the point, professionally designed and adapted to the target group and the conversation partner.<\/p><p><strong>Introduction to relevant networks and groups of investors<\/strong><br \/>Through our network we provide donors with a direct contact to the capital, decision-makers and potential partners. We bring you somewhere, but exactly where it is in a strategic sense.<\/p><p><strong>Negotiation support and partnership structuring<\/strong><br \/>We will accompany you in meetings, clarify expectations, and prepare for the scenarios and help to create sustainable partnerships. From the initial contact to contract with a sense of perspective and clarity.<\/p><p><strong>Access decides preparation convinced<\/strong><\/p><p>We bring you in rooms you are not invited, if it is unclear. Our work begins before the first conversation.<\/p><p>With structure, focus and strength.<\/p><p>Who&#039;s appearance with us, is prepared. Who is prepared to be taken seriously. And who is taken seriously, negotiated at the height of the eyes.<\/p>\t\t\t\t\t\t\t\t<\/div>\n\t\t\t\t<\/div>\n\t\t\t\t<\/div>\n\t\t\t\t\t<\/div>\n\t\t\t\t<\/div>\n\t\t<div class=\"elementor-element elementor-element-044e190 e-flex e-con-boxed e-con e-parent\" data-id=\"044e190\" data-element_type=\"container\" data-e-type=\"container\">\n\t\t\t\t\t<div class=\"e-con-inner\">\n\t\t\t\t<div class=\"elementor-element elementor-element-ff35292 elementor-arrows-position-inside elementor-pagination-position-outside elementor-widget elementor-widget-image-carousel\" data-id=\"ff35292\" data-element_type=\"widget\" data-e-type=\"widget\" data-settings=\"{&quot;slides_to_show&quot;:&quot;4&quot;,&quot;slides_to_show_mobile&quot;:&quot;2&quot;,&quot;navigation&quot;:&quot;both&quot;,&quot;autoplay&quot;:&quot;yes&quot;,&quot;pause_on_hover&quot;:&quot;yes&quot;,&quot;pause_on_interaction&quot;:&quot;yes&quot;,&quot;autoplay_speed&quot;:5000,&quot;infinite&quot;:&quot;yes&quot;,&quot;speed&quot;:500}\" data-widget_type=\"image-carousel.default\">\n\t\t\t\t<div class=\"elementor-widget-container\">\n\t\t\t\t\t\t\t<div class=\"elementor-image-carousel-wrapper swiper\" role=\"region\" aria-roledescription=\"carousel\" aria-label=\"Resim D\u00f6ng\u00fcs\u00fc\" dir=\"ltr\">\n\t\t\t<div class=\"elementor-image-carousel swiper-wrapper\" aria-live=\"off\">\n\t\t\t\t\t\t\t\t<div class=\"swiper-slide\" role=\"group\" aria-roledescription=\"slide\" aria-label=\"1 \/ 4\" data-no-translation-aria-label=\"\"><figure class=\"swiper-slide-inner\"><img decoding=\"async\" class=\"swiper-slide-image\" src=\"https:\/\/mpaiers.de\/wp-content\/uploads\/2025\/03\/s1-img-5.webp\" alt=\"s1-img-5.webp\" \/><\/figure><\/div><div class=\"swiper-slide\" role=\"group\" aria-roledescription=\"slide\" aria-label=\"2 \/ 4\" data-no-translation-aria-label=\"\"><figure class=\"swiper-slide-inner\"><img decoding=\"async\" class=\"swiper-slide-image\" src=\"https:\/\/mpaiers.de\/wp-content\/uploads\/2025\/03\/s1-img-4.webp\" alt=\"s1-img-4.webp\" \/><\/figure><\/div><div class=\"swiper-slide\" role=\"group\" aria-roledescription=\"slide\" aria-label=\"3 \/ 4\" data-no-translation-aria-label=\"\"><figure class=\"swiper-slide-inner\"><img decoding=\"async\" class=\"swiper-slide-image\" src=\"https:\/\/mpaiers.de\/wp-content\/uploads\/2025\/03\/s1-img-3.webp\" alt=\"s1-img-3.webp\" \/><\/figure><\/div><div class=\"swiper-slide\" role=\"group\" aria-roledescription=\"slide\" aria-label=\"4 \/ 4\" data-no-translation-aria-label=\"\"><figure class=\"swiper-slide-inner\"><img decoding=\"async\" class=\"swiper-slide-image\" src=\"https:\/\/mpaiers.de\/wp-content\/uploads\/2025\/03\/s1-img-2.webp\" alt=\"s1-img-2.webp\" \/><\/figure><\/div>\t\t\t<\/div>\n\t\t\t\t\t\t\t\t\t\t\t\t<div class=\"elementor-swiper-button elementor-swiper-button-prev\" role=\"button\" tabindex=\"0\">\n\t\t\t\t\t\t<i aria-hidden=\"true\" class=\"eicon-chevron-left\"><\/i>\t\t\t\t\t<\/div>\n\t\t\t\t\t<div class=\"elementor-swiper-button elementor-swiper-button-next\" role=\"button\" tabindex=\"0\">\n\t\t\t\t\t\t<i aria-hidden=\"true\" class=\"eicon-chevron-right\"><\/i>\t\t\t\t\t<\/div>\n\t\t\t\t\n\t\t\t\t\t\t\t\t\t<div class=\"swiper-pagination\"><\/div>\n\t\t\t\t\t\t\t\t\t<\/div>\n\t\t\t\t\t\t<\/div>\n\t\t\t\t<\/div>\n\t\t\t\t\t<\/div>\n\t\t\t\t<\/div>\n\t\t\t\t<\/div>","protected":false},"excerpt":{"rendered":"<p>Zugang zu Investoren und Kooperationspartnern Identifikation geeigneter Kapitalgeber und strategischer Partner: Aufbereitung von Gesch\u00e4ftsmodellen und Pitchunterlagen: Einf\u00fchrung in relevante Netzwerke und Investorengruppen: Verhandlungsbegleitung und Partnerschaftsstrukturierung: Gute Ideen scheitern nicht am Markt, sondern oft am Zugang. Kapital und strategische Partner sind der Hebel, um aus Potenzial echte Entwicklung zu machen. Doch wer nicht wei\u00df, wo und [&hellip;]<\/p>","protected":false},"author":1,"featured_media":0,"parent":16262,"menu_order":0,"comment_status":"closed","ping_status":"closed","template":"","meta":{"om_disable_all_campaigns":false,"_monsterinsights_skip_tracking":false,"_monsterinsights_sitenote_active":false,"_monsterinsights_sitenote_note":"","_monsterinsights_sitenote_category":0,"footnotes":""},"class_list":["post-16482","page","type-page","status-publish","hentry"],"aioseo_notices":[],"_links":{"self":[{"href":"https:\/\/mpaiers.de\/en\/wp-json\/wp\/v2\/pages\/16482","targetHints":{"allow":["GET"]}}],"collection":[{"href":"https:\/\/mpaiers.de\/en\/wp-json\/wp\/v2\/pages"}],"about":[{"href":"https:\/\/mpaiers.de\/en\/wp-json\/wp\/v2\/types\/page"}],"author":[{"embeddable":true,"href":"https:\/\/mpaiers.de\/en\/wp-json\/wp\/v2\/users\/1"}],"replies":[{"embeddable":true,"href":"https:\/\/mpaiers.de\/en\/wp-json\/wp\/v2\/comments?post=16482"}],"version-history":[{"count":0,"href":"https:\/\/mpaiers.de\/en\/wp-json\/wp\/v2\/pages\/16482\/revisions"}],"up":[{"embeddable":true,"href":"https:\/\/mpaiers.de\/en\/wp-json\/wp\/v2\/pages\/16262"}],"wp:attachment":[{"href":"https:\/\/mpaiers.de\/en\/wp-json\/wp\/v2\/media?parent=16482"}],"curies":[{"name":"wp","href":"https:\/\/api.w.org\/{rel}","templated":true}]}}