{"id":16451,"date":"2025-05-14T08:12:56","date_gmt":"2025-05-14T08:12:56","guid":{"rendered":"https:\/\/mpaiers.de\/?page_id=16451"},"modified":"2025-07-26T10:18:17","modified_gmt":"2025-07-26T10:18:17","slug":"teilnahme-an-plattformen-und-datenzugang","status":"publish","type":"page","link":"https:\/\/mpaiers.de\/en\/vernetzen\/teilnahme-an-plattformen-und-datenzugang\/","title":{"rendered":"Participation in platforms and data access"},"content":{"rendered":"<div data-elementor-type=\"wp-page\" data-elementor-id=\"16451\" class=\"elementor elementor-16451\" data-elementor-post-type=\"page\">\n\t\t\t\t<div class=\"elementor-element elementor-element-0a221de e-con-full e-flex e-con e-parent\" data-id=\"0a221de\" data-element_type=\"container\" data-e-type=\"container\">\n\t\t\t\t<div class=\"elementor-element elementor-element-d60865d elementor-widget elementor-widget-go-s-heading\" data-id=\"d60865d\" data-element_type=\"widget\" data-e-type=\"widget\" data-widget_type=\"go-s-heading.default\">\n\t\t\t\t<div class=\"elementor-widget-container\">\n\t\t\t\t\t<div class=\"agn-faqs-2-sec-title prthalign\">\n        <h1 class=\"elementor-gt-heading agn-sec-title-2 agn-split-3 wa-fix\">Participation in platforms and data access<\/h1><\/div>\t\t\t\t<\/div>\n\t\t\t\t<\/div>\n\t\t\t\t<\/div>\n\t\t<div class=\"elementor-element elementor-element-40f7e29 e-flex e-con-boxed e-con e-parent\" data-id=\"40f7e29\" data-element_type=\"container\" data-e-type=\"container\">\n\t\t\t\t\t<div class=\"e-con-inner\">\n\t\t<div class=\"elementor-element elementor-element-c7b5b4b e-con-full e-flex e-con e-child\" data-id=\"c7b5b4b\" data-element_type=\"container\" data-e-type=\"container\">\n\t\t\t\t<div class=\"elementor-element elementor-element-790d95f elementor-widget elementor-widget-text-editor\" data-id=\"790d95f\" data-element_type=\"widget\" data-e-type=\"widget\" data-widget_type=\"text-editor.default\">\n\t\t\t\t<div class=\"elementor-widget-container\">\n\t\t\t\t\t\t\t\t\t<p><strong data-start=\"530\" data-end=\"576\">Access to industry-specific platforms:<\/strong><\/p>\t\t\t\t\t\t\t\t<\/div>\n\t\t\t\t<\/div>\n\t\t\t\t<\/div>\n\t\t<div class=\"elementor-element elementor-element-ea4b00a e-con-full e-flex e-con e-child\" data-id=\"ea4b00a\" data-element_type=\"container\" data-e-type=\"container\">\n\t\t\t\t<div class=\"elementor-element elementor-element-1cbf311 elementor-widget elementor-widget-text-editor\" data-id=\"1cbf311\" data-element_type=\"widget\" data-e-type=\"widget\" data-widget_type=\"text-editor.default\">\n\t\t\t\t<div class=\"elementor-widget-container\">\n\t\t\t\t\t\t\t\t\t<p><strong data-start=\"744\" data-end=\"785\">Positioning in digital networks and market places:<\/strong><\/p>\t\t\t\t\t\t\t\t<\/div>\n\t\t\t\t<\/div>\n\t\t\t\t<\/div>\n\t\t<div class=\"elementor-element elementor-element-1033f00 e-con-full e-flex e-con e-child\" data-id=\"1033f00\" data-element_type=\"container\" data-e-type=\"container\">\n\t\t\t\t<div class=\"elementor-element elementor-element-7ce167f elementor-widget elementor-widget-text-editor\" data-id=\"7ce167f\" data-element_type=\"widget\" data-e-type=\"widget\" data-widget_type=\"text-editor.default\">\n\t\t\t\t<div class=\"elementor-widget-container\">\n\t\t\t\t\t\t\t\t\t<p><strong data-start=\"744\" data-end=\"785\">Access to data-based systems and interfaces:<\/strong><\/p>\t\t\t\t\t\t\t\t<\/div>\n\t\t\t\t<\/div>\n\t\t\t\t<\/div>\n\t\t<div class=\"elementor-element elementor-element-5cc18d5 e-con-full e-flex e-con e-child\" data-id=\"5cc18d5\" data-element_type=\"container\" data-e-type=\"container\">\n\t\t\t\t<div class=\"elementor-element elementor-element-fe0a9f7 elementor-widget elementor-widget-text-editor\" data-id=\"fe0a9f7\" data-element_type=\"widget\" data-e-type=\"widget\" data-widget_type=\"text-editor.default\">\n\t\t\t\t<div class=\"elementor-widget-container\">\n\t\t\t\t\t\t\t\t\t<p><strong data-start=\"951\" data-end=\"976\">Build and maintain data relevant to the relations:<\/strong><\/p>\t\t\t\t\t\t\t\t<\/div>\n\t\t\t\t<\/div>\n\t\t\t\t<\/div>\n\t\t\t\t\t<\/div>\n\t\t\t\t<\/div>\n\t\t<div class=\"elementor-element elementor-element-796366f e-flex e-con-boxed e-con e-parent\" data-id=\"796366f\" data-element_type=\"container\" data-e-type=\"container\">\n\t\t\t\t\t<div class=\"e-con-inner\">\n\t\t<div class=\"elementor-element elementor-element-4c7b0d9 e-con-full e-flex e-con e-child\" data-id=\"4c7b0d9\" data-element_type=\"container\" data-e-type=\"container\" data-settings=\"{&quot;background_background&quot;:&quot;classic&quot;}\">\n\t\t\t\t<div class=\"elementor-element elementor-element-d0bebfc elementor-widget elementor-widget-image\" data-id=\"d0bebfc\" data-element_type=\"widget\" data-e-type=\"widget\" data-widget_type=\"image.default\">\n\t\t\t\t<div class=\"elementor-widget-container\">\n\t\t\t\t\t\t\t\t\t\t\t\t\t\t\t<img fetchpriority=\"high\" decoding=\"async\" width=\"1000\" height=\"1500\" src=\"https:\/\/mpaiers.de\/wp-content\/uploads\/2025\/05\/Sectoral-platforms-and-data-exchange.jpg\" class=\"attachment-full size-full wp-image-16453\" alt=\"\" srcset=\"https:\/\/mpaiers.de\/wp-content\/uploads\/2025\/05\/Sectoral-platforms-and-data-exchange.jpg 1000w, https:\/\/mpaiers.de\/wp-content\/uploads\/2025\/05\/Sectoral-platforms-and-data-exchange-600x900.jpg 600w\" sizes=\"(max-width: 1000px) 100vw, 1000px\" \/>\t\t\t\t\t\t\t\t\t\t\t\t\t\t\t<\/div>\n\t\t\t\t<\/div>\n\t\t\t\t<\/div>\n\t\t<div class=\"elementor-element elementor-element-3130875 e-con-full e-flex e-con e-child\" data-id=\"3130875\" data-element_type=\"container\" data-e-type=\"container\">\n\t\t\t\t<div class=\"elementor-element elementor-element-7626bb2 elementor-widget elementor-widget-text-editor\" data-id=\"7626bb2\" data-element_type=\"widget\" data-e-type=\"widget\" data-widget_type=\"text-editor.default\">\n\t\t\t\t<div class=\"elementor-widget-container\">\n\t\t\t\t\t\t\t\t\t<p>Who is not in digital platforms, present, does not take place. Whether or not industry-specific, public or closed. Many of the business processes, contacts, and decisions are made today in digital spaces. Who is there, visible and open to new connections, increasing its reach, improved its Position and win strategic access to valuable information. Data are not just Numbers, they are movement, market, and lead.<\/p><p><strong>Our implementation for your platform presence<\/strong><strong data-start=\"491\" data-end=\"526\">:<\/strong><\/p><ul data-start=\"528\" data-end=\"1347\"><li class=\"\" data-start=\"528\" data-end=\"740\"><p class=\"\" data-start=\"530\" data-end=\"740\"><strong data-start=\"530\" data-end=\"576\">Access to industry-specific platforms:<\/strong><br data-start=\"576\" data-end=\"579\" \/>We identify the relevant platforms, industry portals and digital networks, and position your company specifically. If you are a supplier, service provider, producer or actor in the project business, we bring it to the stage that counts.<\/p><\/li><li class=\"\" data-start=\"742\" data-end=\"947\"><p class=\"\" data-start=\"744\" data-end=\"947\"><strong data-start=\"744\" data-end=\"785\">Positioning in digital networks and market places:<\/strong><br data-start=\"785\" data-end=\"788\" \/>We provide visibility and connectivity. That means no empty Profiles, but strategically placed content, references, and contacts, perceived to be carriers of the right decision.<\/p><\/li><li class=\"\" data-start=\"949\" data-end=\"1151\"><p class=\"\" data-start=\"951\" data-end=\"1151\"><strong data-start=\"951\" data-end=\"976\">Access to data-based systems and interfaces:<\/strong><br data-start=\"976\" data-end=\"979\" \/>We will help you to understand digital systems and to use it intelligently. B2B interfaces using platform tools up to automated Reporting, we make complexity usable.<\/p><\/li><li class=\"\" data-start=\"1153\" data-end=\"1347\"><p class=\"\" data-start=\"1155\" data-end=\"1347\"><strong data-start=\"1155\" data-end=\"1205\">Build and maintain data relevant to the relations:<\/strong><br data-start=\"1205\" data-end=\"1208\" \/>We structure the communication platforms so that it is more than a directory of contacts. Your data relationships to be actively maintained, updated, and used for Insight, Deals, and development.<\/p><\/li><\/ul><p><strong>Who does not have access, you don&#039;t play<\/strong><strong data-start=\"1349\" data-end=\"1365\">:<\/strong><\/p><p>We understand platforms as Tools, but as a space with its own rules of the game. Who is not positioned in a clean, loses visibility, opportunities and control. We bring you into the right systems, provide clarity in the illustration and secure the access to data, to create the movement. For us, it is not a presence, but of effect.<\/p>\t\t\t\t\t\t\t\t<\/div>\n\t\t\t\t<\/div>\n\t\t\t\t<\/div>\n\t\t\t\t\t<\/div>\n\t\t\t\t<\/div>\n\t\t<div class=\"elementor-element elementor-element-2045ea0 e-flex e-con-boxed e-con e-parent\" data-id=\"2045ea0\" data-element_type=\"container\" data-e-type=\"container\">\n\t\t\t\t\t<div class=\"e-con-inner\">\n\t\t\t\t<div class=\"elementor-element elementor-element-161da0c elementor-arrows-position-inside elementor-pagination-position-outside elementor-widget elementor-widget-image-carousel\" data-id=\"161da0c\" data-element_type=\"widget\" data-e-type=\"widget\" data-settings=\"{&quot;slides_to_show&quot;:&quot;4&quot;,&quot;slides_to_show_mobile&quot;:&quot;2&quot;,&quot;navigation&quot;:&quot;both&quot;,&quot;autoplay&quot;:&quot;yes&quot;,&quot;pause_on_hover&quot;:&quot;yes&quot;,&quot;pause_on_interaction&quot;:&quot;yes&quot;,&quot;autoplay_speed&quot;:5000,&quot;infinite&quot;:&quot;yes&quot;,&quot;speed&quot;:500}\" data-widget_type=\"image-carousel.default\">\n\t\t\t\t<div class=\"elementor-widget-container\">\n\t\t\t\t\t\t\t<div class=\"elementor-image-carousel-wrapper swiper\" role=\"region\" aria-roledescription=\"carousel\" aria-label=\"Resim D\u00f6ng\u00fcs\u00fc\" dir=\"ltr\">\n\t\t\t<div class=\"elementor-image-carousel swiper-wrapper\" aria-live=\"off\">\n\t\t\t\t\t\t\t\t<div class=\"swiper-slide\" role=\"group\" aria-roledescription=\"slide\" aria-label=\"1 von 4\"><figure class=\"swiper-slide-inner\"><img decoding=\"async\" class=\"swiper-slide-image\" src=\"https:\/\/mpaiers.de\/wp-content\/uploads\/2025\/03\/s1-img-5.webp\" alt=\"s1-img-5.webp\" \/><\/figure><\/div><div class=\"swiper-slide\" role=\"group\" aria-roledescription=\"slide\" aria-label=\"2 von 4\"><figure class=\"swiper-slide-inner\"><img decoding=\"async\" class=\"swiper-slide-image\" src=\"https:\/\/mpaiers.de\/wp-content\/uploads\/2025\/03\/s1-img-4.webp\" alt=\"s1-img-4.webp\" \/><\/figure><\/div><div class=\"swiper-slide\" role=\"group\" aria-roledescription=\"slide\" aria-label=\"3 von 4\"><figure class=\"swiper-slide-inner\"><img decoding=\"async\" class=\"swiper-slide-image\" src=\"https:\/\/mpaiers.de\/wp-content\/uploads\/2025\/03\/s1-img-3.webp\" alt=\"s1-img-3.webp\" \/><\/figure><\/div><div class=\"swiper-slide\" role=\"group\" aria-roledescription=\"slide\" aria-label=\"4 von 4\"><figure class=\"swiper-slide-inner\"><img decoding=\"async\" class=\"swiper-slide-image\" src=\"https:\/\/mpaiers.de\/wp-content\/uploads\/2025\/03\/s1-img-2.webp\" alt=\"s1-img-2.webp\" \/><\/figure><\/div>\t\t\t<\/div>\n\t\t\t\t\t\t\t\t\t\t\t\t<div class=\"elementor-swiper-button elementor-swiper-button-prev\" role=\"button\" tabindex=\"0\">\n\t\t\t\t\t\t<i aria-hidden=\"true\" class=\"eicon-chevron-left\"><\/i>\t\t\t\t\t<\/div>\n\t\t\t\t\t<div class=\"elementor-swiper-button elementor-swiper-button-next\" role=\"button\" tabindex=\"0\">\n\t\t\t\t\t\t<i aria-hidden=\"true\" class=\"eicon-chevron-right\"><\/i>\t\t\t\t\t<\/div>\n\t\t\t\t\n\t\t\t\t\t\t\t\t\t<div class=\"swiper-pagination\"><\/div>\n\t\t\t\t\t\t\t\t\t<\/div>\n\t\t\t\t\t\t<\/div>\n\t\t\t\t<\/div>\n\t\t\t\t\t<\/div>\n\t\t\t\t<\/div>\n\t\t\t\t<\/div>","protected":false},"excerpt":{"rendered":"<p>Teilnahme an Plattformen und Datenzugang Zugang zu branchenspezifischen Plattformen: Positionierung in digitalen Netzwerken und Marktpl\u00e4tzen: Anbindung an datenbasierte Systeme und Schnittstellen: Aufbau und Pflege relevanter Datenbeziehungen: Wer in digitalen Plattformen nicht pr\u00e4sent ist, findet nicht statt. Ob branchenspezifisch, \u00f6ffentlich oder geschlossen. Viele gesch\u00e4ftliche Prozesse, Kontakte und Entscheidungen entstehen heute in digitalen R\u00e4umen. Wer dort sichtbar [&hellip;]<\/p>","protected":false},"author":1,"featured_media":0,"parent":16260,"menu_order":0,"comment_status":"closed","ping_status":"closed","template":"","meta":{"om_disable_all_campaigns":false,"_monsterinsights_skip_tracking":false,"_monsterinsights_sitenote_active":false,"_monsterinsights_sitenote_note":"","_monsterinsights_sitenote_category":0,"footnotes":""},"class_list":["post-16451","page","type-page","status-publish","hentry"],"aioseo_notices":[],"_links":{"self":[{"href":"https:\/\/mpaiers.de\/en\/wp-json\/wp\/v2\/pages\/16451","targetHints":{"allow":["GET"]}}],"collection":[{"href":"https:\/\/mpaiers.de\/en\/wp-json\/wp\/v2\/pages"}],"about":[{"href":"https:\/\/mpaiers.de\/en\/wp-json\/wp\/v2\/types\/page"}],"author":[{"embeddable":true,"href":"https:\/\/mpaiers.de\/en\/wp-json\/wp\/v2\/users\/1"}],"replies":[{"embeddable":true,"href":"https:\/\/mpaiers.de\/en\/wp-json\/wp\/v2\/comments?post=16451"}],"version-history":[{"count":0,"href":"https:\/\/mpaiers.de\/en\/wp-json\/wp\/v2\/pages\/16451\/revisions"}],"up":[{"embeddable":true,"href":"https:\/\/mpaiers.de\/en\/wp-json\/wp\/v2\/pages\/16260"}],"wp:attachment":[{"href":"https:\/\/mpaiers.de\/en\/wp-json\/wp\/v2\/media?parent=16451"}],"curies":[{"name":"wp","href":"https:\/\/api.w.org\/{rel}","templated":true}]}}