{"id":16444,"date":"2025-05-14T08:08:03","date_gmt":"2025-05-14T08:08:03","guid":{"rendered":"https:\/\/mpaiers.de\/?page_id=16444"},"modified":"2025-07-26T10:43:48","modified_gmt":"2025-07-26T10:43:48","slug":"netzwerkaufbau-und-aktives-networking","status":"publish","type":"page","link":"https:\/\/mpaiers.de\/en\/vernetzen\/netzwerkaufbau-und-aktives-networking\/","title":{"rendered":"Network structure and active Networking"},"content":{"rendered":"<div data-elementor-type=\"wp-page\" data-elementor-id=\"16444\" class=\"elementor elementor-16444\" data-elementor-post-type=\"page\">\n\t\t\t\t<div class=\"elementor-element elementor-element-2c734d8 e-con-full e-flex e-con e-parent\" data-id=\"2c734d8\" data-element_type=\"container\" data-e-type=\"container\">\n\t\t\t\t<div class=\"elementor-element elementor-element-f269933 elementor-widget elementor-widget-go-s-heading\" data-id=\"f269933\" data-element_type=\"widget\" data-e-type=\"widget\" data-widget_type=\"go-s-heading.default\">\n\t\t\t\t<div class=\"elementor-widget-container\">\n\t\t\t\t\t<div class=\"agn-faqs-2-sec-title prthalign\">\n        <h1 class=\"elementor-gt-heading agn-sec-title-2 agn-split-3 wa-fix\">Network structure and active Networking<br \/>\n<\/h1><\/div>\t\t\t\t<\/div>\n\t\t\t\t<\/div>\n\t\t\t\t<\/div>\n\t\t<div class=\"elementor-element elementor-element-dad0d15 e-flex e-con-boxed e-con e-parent\" data-id=\"dad0d15\" data-element_type=\"container\" data-e-type=\"container\">\n\t\t\t\t\t<div class=\"e-con-inner\">\n\t\t<div class=\"elementor-element elementor-element-1c5d208 e-con-full e-flex e-con e-child\" data-id=\"1c5d208\" data-element_type=\"container\" data-e-type=\"container\">\n\t\t\t\t<div class=\"elementor-element elementor-element-c8a8b61 elementor-widget elementor-widget-text-editor\" data-id=\"c8a8b61\" data-element_type=\"widget\" data-e-type=\"widget\" data-widget_type=\"text-editor.default\">\n\t\t\t\t<div class=\"elementor-widget-container\">\n\t\t\t\t\t\t\t\t\t<p><strong data-start=\"497\" data-end=\"528\">Strategic development of relevant business contacts:<\/strong><\/p>\t\t\t\t\t\t\t\t<\/div>\n\t\t\t\t<\/div>\n\t\t\t\t<\/div>\n\t\t<div class=\"elementor-element elementor-element-b6f036c e-con-full e-flex e-con e-child\" data-id=\"b6f036c\" data-element_type=\"container\" data-e-type=\"container\">\n\t\t\t\t<div class=\"elementor-element elementor-element-852761f elementor-widget elementor-widget-text-editor\" data-id=\"852761f\" data-element_type=\"widget\" data-e-type=\"widget\" data-widget_type=\"text-editor.default\">\n\t\t\t\t<div class=\"elementor-widget-container\">\n\t\t\t\t\t\t\t\t\t<p><strong data-start=\"674\" data-end=\"700\">Participation in industry events and professional events:<\/strong><\/p>\t\t\t\t\t\t\t\t<\/div>\n\t\t\t\t<\/div>\n\t\t\t\t<\/div>\n\t\t<div class=\"elementor-element elementor-element-ff62a7e e-con-full e-flex e-con e-child\" data-id=\"ff62a7e\" data-element_type=\"container\" data-e-type=\"container\">\n\t\t\t\t<div class=\"elementor-element elementor-element-0715e69 elementor-widget elementor-widget-text-editor\" data-id=\"0715e69\" data-element_type=\"widget\" data-e-type=\"widget\" data-widget_type=\"text-editor.default\">\n\t\t\t\t<div class=\"elementor-widget-container\">\n\t\t\t\t\t\t\t\t\t<p><strong data-start=\"674\" data-end=\"700\">Linking people with more value:<\/strong><\/p>\t\t\t\t\t\t\t\t<\/div>\n\t\t\t\t<\/div>\n\t\t\t\t<\/div>\n\t\t<div class=\"elementor-element elementor-element-4b1dc8f e-con-full e-flex e-con e-child\" data-id=\"4b1dc8f\" data-element_type=\"container\" data-e-type=\"container\">\n\t\t\t\t<div class=\"elementor-element elementor-element-4f772d0 elementor-widget elementor-widget-text-editor\" data-id=\"4f772d0\" data-element_type=\"widget\" data-e-type=\"widget\" data-widget_type=\"text-editor.default\">\n\t\t\t\t<div class=\"elementor-widget-container\">\n\t\t\t\t\t\t\t\t\t<p><strong data-start=\"845\" data-end=\"880\">A structured exchange of loose contacts:<\/strong><\/p>\t\t\t\t\t\t\t\t<\/div>\n\t\t\t\t<\/div>\n\t\t\t\t<\/div>\n\t\t\t\t\t<\/div>\n\t\t\t\t<\/div>\n\t\t<div class=\"elementor-element elementor-element-24f56cc e-flex e-con-boxed e-con e-parent\" data-id=\"24f56cc\" data-element_type=\"container\" data-e-type=\"container\">\n\t\t\t\t\t<div class=\"e-con-inner\">\n\t\t<div class=\"elementor-element elementor-element-f96a47a e-con-full e-flex e-con e-child\" data-id=\"f96a47a\" data-element_type=\"container\" data-e-type=\"container\" data-settings=\"{&quot;background_background&quot;:&quot;classic&quot;}\">\n\t\t\t\t<div class=\"elementor-element elementor-element-6321b57 elementor-widget elementor-widget-image\" data-id=\"6321b57\" data-element_type=\"widget\" data-e-type=\"widget\" data-widget_type=\"image.default\">\n\t\t\t\t<div class=\"elementor-widget-container\">\n\t\t\t\t\t\t\t\t\t\t\t\t\t\t\t<img fetchpriority=\"high\" decoding=\"async\" width=\"1000\" height=\"1500\" src=\"https:\/\/mpaiers.de\/wp-content\/uploads\/2025\/05\/Networking.jpg\" class=\"attachment-full size-full wp-image-16446\" alt=\"\" srcset=\"https:\/\/mpaiers.de\/wp-content\/uploads\/2025\/05\/Networking.jpg 1000w, https:\/\/mpaiers.de\/wp-content\/uploads\/2025\/05\/Networking-600x900.jpg 600w, https:\/\/mpaiers.de\/wp-content\/uploads\/2025\/05\/Networking-200x300.jpg 200w, https:\/\/mpaiers.de\/wp-content\/uploads\/2025\/05\/Networking-683x1024.jpg 683w, https:\/\/mpaiers.de\/wp-content\/uploads\/2025\/05\/Networking-768x1152.jpg 768w\" sizes=\"(max-width: 1000px) 100vw, 1000px\" \/>\t\t\t\t\t\t\t\t\t\t\t\t\t\t\t<\/div>\n\t\t\t\t<\/div>\n\t\t\t\t<\/div>\n\t\t<div class=\"elementor-element elementor-element-a15e6c7 e-con-full e-flex e-con e-child\" data-id=\"a15e6c7\" data-element_type=\"container\" data-e-type=\"container\">\n\t\t\t\t<div class=\"elementor-element elementor-element-2d48d1d elementor-widget elementor-widget-text-editor\" data-id=\"2d48d1d\" data-element_type=\"widget\" data-e-type=\"widget\" data-widget_type=\"text-editor.default\">\n\t\t\t\t<div class=\"elementor-widget-container\">\n\t\t\t\t\t\t\t\t\t<p>A strong network is not a Bonus, but a prerequisite for entrepreneurial progress. If you stay in your own circle, is overlooked. Who is smart, networked, learns earlier, decides to make faster, more developed. But networking is not an end in itself decisive for the quality of the Connections. It is not a mass, but in order to access, substance, and trust.<\/p><p><strong>Our implementation for networking<\/strong><strong data-start=\"435\" data-end=\"493\">:<\/strong><\/p><ul data-start=\"495\" data-end=\"1166\"><li class=\"\" data-start=\"495\" data-end=\"670\"><p class=\"\" data-start=\"497\" data-end=\"670\"><strong data-start=\"497\" data-end=\"528\">Strategic development of relevant business contacts:<\/strong><br data-start=\"528\" data-end=\"531\" \/>We identify the people, groups, and organizations for their business development is relevant and bring you into the conversation. Whether or not potential customers, multipliers or collaboration partner, we make Connections that carry.<\/p><\/li><li class=\"\" data-start=\"672\" data-end=\"841\"><p class=\"\" data-start=\"674\" data-end=\"841\"><strong data-start=\"674\" data-end=\"700\">Participation in industry events and professional events:<\/strong><\/p><p>We provide you with access to the right events to each appointment, but to those that really fit. We assist in the preparation, in shaping the appearance of, and provide visibility on the ground.<\/p><\/li><li class=\"\" data-start=\"843\" data-end=\"1016\"><p class=\"\" data-start=\"845\" data-end=\"1016\"><strong data-start=\"845\" data-end=\"880\">Linking people with more value:<\/strong><\/p><p>We do not connect the wild, but with a Plan. Who suits you, who speaks their language, who can bring to your projects the are the contacts we make. Directly, personally, and at eye level.<\/p><\/li><li class=\"\" data-start=\"1018\" data-end=\"1166\"><p class=\"\" data-start=\"1020\" data-end=\"1166\"><strong data-start=\"1020\" data-end=\"1062\">A structured exchange of loose contacts:<\/strong><br data-start=\"1062\" data-end=\"1065\" \/>We help build real relationships. To do this, follow-up, care, follow-up interview, and structure. Because a network shall not live by to get to Know, but stay tuned.<\/p><\/li><\/ul><p><strong>Contacts are made fast, real networks need structure<\/strong><\/p><p>We distinguish between visibility and relevance. While others are still with the collective mentality on the road, we create real connection. We position where the conversations are conducted, the importance. No superficiality, no air bubbles, but the contacts that pay.<\/p>\t\t\t\t\t\t\t\t<\/div>\n\t\t\t\t<\/div>\n\t\t\t\t<\/div>\n\t\t\t\t\t<\/div>\n\t\t\t\t<\/div>\n\t\t<div class=\"elementor-element elementor-element-bc16dfe e-flex e-con-boxed e-con e-parent\" data-id=\"bc16dfe\" data-element_type=\"container\" data-e-type=\"container\">\n\t\t\t\t\t<div class=\"e-con-inner\">\n\t\t\t\t<div class=\"elementor-element elementor-element-6b990d6 elementor-arrows-position-inside elementor-pagination-position-outside elementor-widget elementor-widget-image-carousel\" data-id=\"6b990d6\" data-element_type=\"widget\" data-e-type=\"widget\" data-settings=\"{&quot;slides_to_show&quot;:&quot;4&quot;,&quot;slides_to_show_mobile&quot;:&quot;2&quot;,&quot;navigation&quot;:&quot;both&quot;,&quot;autoplay&quot;:&quot;yes&quot;,&quot;pause_on_hover&quot;:&quot;yes&quot;,&quot;pause_on_interaction&quot;:&quot;yes&quot;,&quot;autoplay_speed&quot;:5000,&quot;infinite&quot;:&quot;yes&quot;,&quot;speed&quot;:500}\" data-widget_type=\"image-carousel.default\">\n\t\t\t\t<div class=\"elementor-widget-container\">\n\t\t\t\t\t\t\t<div class=\"elementor-image-carousel-wrapper swiper\" role=\"region\" aria-roledescription=\"carousel\" aria-label=\"Resim D\u00f6ng\u00fcs\u00fc\" dir=\"ltr\">\n\t\t\t<div class=\"elementor-image-carousel swiper-wrapper\" aria-live=\"off\">\n\t\t\t\t\t\t\t\t<div class=\"swiper-slide\" role=\"group\" aria-roledescription=\"slide\" aria-label=\"1 of 4\" data-no-translation-aria-label=\"\"><figure class=\"swiper-slide-inner\"><img decoding=\"async\" class=\"swiper-slide-image\" src=\"https:\/\/mpaiers.de\/wp-content\/uploads\/2025\/03\/s1-img-5.webp\" alt=\"s1-img-5.webp\" \/><\/figure><\/div><div class=\"swiper-slide\" role=\"group\" aria-roledescription=\"slide\" aria-label=\"2 of 4\" data-no-translation-aria-label=\"\"><figure class=\"swiper-slide-inner\"><img decoding=\"async\" class=\"swiper-slide-image\" src=\"https:\/\/mpaiers.de\/wp-content\/uploads\/2025\/03\/s1-img-4.webp\" alt=\"s1-img-4.webp\" \/><\/figure><\/div><div class=\"swiper-slide\" role=\"group\" aria-roledescription=\"slide\" aria-label=\"3 of 4\" data-no-translation-aria-label=\"\"><figure class=\"swiper-slide-inner\"><img decoding=\"async\" class=\"swiper-slide-image\" src=\"https:\/\/mpaiers.de\/wp-content\/uploads\/2025\/03\/s1-img-3.webp\" alt=\"s1-img-3.webp\" \/><\/figure><\/div><div class=\"swiper-slide\" role=\"group\" aria-roledescription=\"slide\" aria-label=\"4 of 4\" data-no-translation-aria-label=\"\"><figure class=\"swiper-slide-inner\"><img decoding=\"async\" class=\"swiper-slide-image\" src=\"https:\/\/mpaiers.de\/wp-content\/uploads\/2025\/03\/s1-img-2.webp\" alt=\"s1-img-2.webp\" \/><\/figure><\/div>\t\t\t<\/div>\n\t\t\t\t\t\t\t\t\t\t\t\t<div class=\"elementor-swiper-button elementor-swiper-button-prev\" role=\"button\" tabindex=\"0\">\n\t\t\t\t\t\t<i aria-hidden=\"true\" class=\"eicon-chevron-left\"><\/i>\t\t\t\t\t<\/div>\n\t\t\t\t\t<div class=\"elementor-swiper-button elementor-swiper-button-next\" role=\"button\" tabindex=\"0\">\n\t\t\t\t\t\t<i aria-hidden=\"true\" class=\"eicon-chevron-right\"><\/i>\t\t\t\t\t<\/div>\n\t\t\t\t\n\t\t\t\t\t\t\t\t\t<div class=\"swiper-pagination\"><\/div>\n\t\t\t\t\t\t\t\t\t<\/div>\n\t\t\t\t\t\t<\/div>\n\t\t\t\t<\/div>\n\t\t\t\t\t<\/div>\n\t\t\t\t<\/div>\n\t\t\t\t<\/div>","protected":false},"excerpt":{"rendered":"<p>Netzwerkaufbau und aktives Networking Strategischer Aufbau relevanter Gesch\u00e4ftskontakte: Teilnahme an Branchenevents und Fachveranstaltungen: Gezielte Verbindung von Menschen mit Mehrwert: Strukturierter Austausch statt lose Kontakte: Ein starkes Netzwerk ist kein Bonus, sondern Voraussetzung f\u00fcr unternehmerischen Fortschritt. Wer nur im eigenen Kreis bleibt, wird \u00fcbersehen. Wer klug vernetzt ist, erf\u00e4hrt fr\u00fcher, entscheidet schneller, entwickelt mehr. Doch Netzwerken [&hellip;]<\/p>","protected":false},"author":1,"featured_media":0,"parent":16260,"menu_order":0,"comment_status":"closed","ping_status":"closed","template":"","meta":{"om_disable_all_campaigns":false,"_monsterinsights_skip_tracking":false,"_monsterinsights_sitenote_active":false,"_monsterinsights_sitenote_note":"","_monsterinsights_sitenote_category":0,"footnotes":""},"class_list":["post-16444","page","type-page","status-publish","hentry"],"aioseo_notices":[],"_links":{"self":[{"href":"https:\/\/mpaiers.de\/en\/wp-json\/wp\/v2\/pages\/16444","targetHints":{"allow":["GET"]}}],"collection":[{"href":"https:\/\/mpaiers.de\/en\/wp-json\/wp\/v2\/pages"}],"about":[{"href":"https:\/\/mpaiers.de\/en\/wp-json\/wp\/v2\/types\/page"}],"author":[{"embeddable":true,"href":"https:\/\/mpaiers.de\/en\/wp-json\/wp\/v2\/users\/1"}],"replies":[{"embeddable":true,"href":"https:\/\/mpaiers.de\/en\/wp-json\/wp\/v2\/comments?post=16444"}],"version-history":[{"count":0,"href":"https:\/\/mpaiers.de\/en\/wp-json\/wp\/v2\/pages\/16444\/revisions"}],"up":[{"embeddable":true,"href":"https:\/\/mpaiers.de\/en\/wp-json\/wp\/v2\/pages\/16260"}],"wp:attachment":[{"href":"https:\/\/mpaiers.de\/en\/wp-json\/wp\/v2\/media?parent=16444"}],"curies":[{"name":"wp","href":"https:\/\/api.w.org\/{rel}","templated":true}]}}