{"id":16280,"date":"2025-05-12T10:40:47","date_gmt":"2025-05-12T10:40:47","guid":{"rendered":"https:\/\/mpaiers.de\/?page_id=16280"},"modified":"2025-07-26T10:15:51","modified_gmt":"2025-07-26T10:15:51","slug":"markenanwendung-und-rechtliche-absicherung","status":"publish","type":"page","link":"https:\/\/mpaiers.de\/en\/veredeln\/markenanwendung-und-rechtliche-absicherung\/","title":{"rendered":"Brand application and legal protection"},"content":{"rendered":"<div data-elementor-type=\"wp-page\" data-elementor-id=\"16280\" class=\"elementor elementor-16280\" data-elementor-post-type=\"page\">\n\t\t\t\t<div class=\"elementor-element elementor-element-9db17ec e-con-full e-flex e-con e-parent\" data-id=\"9db17ec\" data-element_type=\"container\" data-e-type=\"container\">\n\t\t\t\t<div class=\"elementor-element elementor-element-479f2f3 elementor-widget elementor-widget-go-s-heading\" data-id=\"479f2f3\" data-element_type=\"widget\" data-e-type=\"widget\" data-widget_type=\"go-s-heading.default\">\n\t\t\t\t<div class=\"elementor-widget-container\">\n\t\t\t\t\t<div class=\"agn-faqs-2-sec-title prthalign\">\n        <h1 class=\"elementor-gt-heading agn-sec-title-2 agn-split-3 wa-fix\">Brand application and legal protection<br \/>\n<\/h1><\/div>\t\t\t\t<\/div>\n\t\t\t\t<\/div>\n\t\t\t\t<\/div>\n\t\t<div class=\"elementor-element elementor-element-02d21cf e-flex e-con-boxed e-con e-parent\" data-id=\"02d21cf\" data-element_type=\"container\" data-e-type=\"container\">\n\t\t\t\t\t<div class=\"e-con-inner\">\n\t\t<div class=\"elementor-element elementor-element-9d901b4 e-con-full e-flex e-con e-child\" data-id=\"9d901b4\" data-element_type=\"container\" data-e-type=\"container\">\n\t\t\t\t<div class=\"elementor-element elementor-element-157e911 elementor-widget elementor-widget-text-editor\" data-id=\"157e911\" data-element_type=\"widget\" data-e-type=\"widget\" data-widget_type=\"text-editor.default\">\n\t\t\t\t<div class=\"elementor-widget-container\">\n\t\t\t\t\t\t\t\t\t<p><strong data-start=\"483\" data-end=\"521\">Application of the brand in Print and product:<\/strong><\/p><p>\u00a0<\/p>\t\t\t\t\t\t\t\t<\/div>\n\t\t\t\t<\/div>\n\t\t\t\t<\/div>\n\t\t<div class=\"elementor-element elementor-element-8a85e40 e-con-full e-flex e-con e-child\" data-id=\"8a85e40\" data-element_type=\"container\" data-e-type=\"container\">\n\t\t\t\t<div class=\"elementor-element elementor-element-cf7786a elementor-widget elementor-widget-text-editor\" data-id=\"cf7786a\" data-element_type=\"widget\" data-e-type=\"widget\" data-widget_type=\"text-editor.default\">\n\t\t\t\t<div class=\"elementor-widget-container\">\n\t\t\t\t\t\t\t\t\t<p><strong data-start=\"656\" data-end=\"682\">Trademark protection and registration to the office:<\/strong><\/p>\t\t\t\t\t\t\t\t<\/div>\n\t\t\t\t<\/div>\n\t\t\t\t<\/div>\n\t\t<div class=\"elementor-element elementor-element-39edcaa e-con-full e-flex e-con e-child\" data-id=\"39edcaa\" data-element_type=\"container\" data-e-type=\"container\">\n\t\t\t\t<div class=\"elementor-element elementor-element-eb02311 elementor-widget elementor-widget-text-editor\" data-id=\"eb02311\" data-element_type=\"widget\" data-e-type=\"widget\" data-widget_type=\"text-editor.default\">\n\t\t\t\t<div class=\"elementor-widget-container\">\n\t\t\t\t\t\t\t\t\t<p><strong data-start=\"656\" data-end=\"682\">Legal advice in the event of conflicts:<\/strong><\/p>\t\t\t\t\t\t\t\t<\/div>\n\t\t\t\t<\/div>\n\t\t\t\t<\/div>\n\t\t<div class=\"elementor-element elementor-element-df047d3 e-con-full e-flex e-con e-child\" data-id=\"df047d3\" data-element_type=\"container\" data-e-type=\"container\">\n\t\t\t\t<div class=\"elementor-element elementor-element-cddbdbb elementor-widget elementor-widget-text-editor\" data-id=\"cddbdbb\" data-element_type=\"widget\" data-e-type=\"widget\" data-widget_type=\"text-editor.default\">\n\t\t\t\t<div class=\"elementor-widget-container\">\n\t\t\t\t\t\t\t\t\t<p><strong data-start=\"828\" data-end=\"861\">Hedging of the brand in the digital space:<\/strong><\/p>\t\t\t\t\t\t\t\t<\/div>\n\t\t\t\t<\/div>\n\t\t\t\t<\/div>\n\t\t\t\t\t<\/div>\n\t\t\t\t<\/div>\n\t\t<div class=\"elementor-element elementor-element-c0fa876 e-flex e-con-boxed e-con e-parent\" data-id=\"c0fa876\" data-element_type=\"container\" data-e-type=\"container\">\n\t\t\t\t\t<div class=\"e-con-inner\">\n\t\t<div class=\"elementor-element elementor-element-b7dcc79 e-con-full e-flex e-con e-child\" data-id=\"b7dcc79\" data-element_type=\"container\" data-e-type=\"container\" data-settings=\"{&quot;background_background&quot;:&quot;classic&quot;}\">\n\t\t\t\t<div class=\"elementor-element elementor-element-a0906ba elementor-widget elementor-widget-image\" data-id=\"a0906ba\" data-element_type=\"widget\" data-e-type=\"widget\" data-widget_type=\"image.default\">\n\t\t\t\t<div class=\"elementor-widget-container\">\n\t\t\t\t\t\t\t\t\t\t\t\t\t\t\t<img fetchpriority=\"high\" decoding=\"async\" width=\"768\" height=\"1150\" src=\"https:\/\/mpaiers.de\/wp-content\/uploads\/2025\/05\/Brand-printing-on-business-cards-and-products-2.jpg\" class=\"attachment-full size-full wp-image-16389\" alt=\"\" srcset=\"https:\/\/mpaiers.de\/wp-content\/uploads\/2025\/05\/Brand-printing-on-business-cards-and-products-2.jpg 768w, https:\/\/mpaiers.de\/wp-content\/uploads\/2025\/05\/Brand-printing-on-business-cards-and-products-2-600x898.jpg 600w, https:\/\/mpaiers.de\/wp-content\/uploads\/2025\/05\/Brand-printing-on-business-cards-and-products-2-200x300.jpg 200w, https:\/\/mpaiers.de\/wp-content\/uploads\/2025\/05\/Brand-printing-on-business-cards-and-products-2-684x1024.jpg 684w\" sizes=\"(max-width: 768px) 100vw, 768px\" \/>\t\t\t\t\t\t\t\t\t\t\t\t\t\t\t<\/div>\n\t\t\t\t<\/div>\n\t\t\t\t<\/div>\n\t\t<div class=\"elementor-element elementor-element-1c4fdc1 e-con-full e-flex e-con e-child\" data-id=\"1c4fdc1\" data-element_type=\"container\" data-e-type=\"container\">\n\t\t\t\t<div class=\"elementor-element elementor-element-04dfcd7 elementor-widget elementor-widget-text-editor\" data-id=\"04dfcd7\" data-element_type=\"widget\" data-e-type=\"widget\" data-widget_type=\"text-editor.default\">\n\t\t\t\t<div class=\"elementor-widget-container\">\n\t\t\t\t\t\t\t\t\t<p>A brand develops its effect only if it is used consistently and legally secured. Whether on packaging, documents, or Online platforms must appear in the brand is properly and legally unassailable be. Without the protection, a risk of re-identification fast. Who takes his brand seriously, it protects you.<\/p><p><strong>Our implementation for your brand protection<\/strong><strong data-start=\"447\" data-end=\"479\">:<\/strong><\/p><ul data-start=\"481\" data-end=\"1133\"><li class=\"\" data-start=\"481\" data-end=\"652\"><p class=\"\" data-start=\"483\" data-end=\"652\"><strong data-start=\"483\" data-end=\"521\">Application of the brand in Print and product:<\/strong><br data-start=\"521\" data-end=\"524\" \/>We may transfer your Design precisely to real-world materials, whether labels, packaging, documents, or advertising. Your brand stays strong no matter where it appears.<\/p><\/li><li class=\"\" data-start=\"654\" data-end=\"824\"><p class=\"\" data-start=\"656\" data-end=\"824\"><strong data-start=\"656\" data-end=\"682\">Trademark protection and registration to the office:<\/strong><br data-start=\"682\" data-end=\"685\" \/>We accompany the entire sign-up process at the German Patent and trademark office. The name of the audit up to the entry of clean, prepared, legally correct, safely completed.<\/p><\/li><li class=\"\" data-start=\"826\" data-end=\"993\"><p class=\"\" data-start=\"828\" data-end=\"993\"><strong data-start=\"828\" data-end=\"861\">Legal advice in the event of conflicts:<\/strong><br data-start=\"861\" data-end=\"864\" \/>It should come to trademark disputes, we will provide in-depth response. With our partners from the area of the law, we protect your interests quickly, decisively, and in a legal manner.<\/p><\/li><li class=\"\" data-start=\"995\" data-end=\"1133\"><p class=\"\" data-start=\"997\" data-end=\"1133\"><strong data-start=\"997\" data-end=\"1035\">Hedging of the brand in the digital space:<\/strong><br data-start=\"1035\" data-end=\"1038\" \/>We will check and secure your brand online, Domain, Social Media platforms. So that your identity stays where it belongs: with you.<\/p><\/li><\/ul><p><strong>Brand strength does not end with the Design<\/strong><\/p><p>Many underestimate, can be quickly copied to a good appearance of the other, or used. We ensure that your brand not only looks good, but also untouchable remains. With the us legally is a creative appearance hedged identity. Who does not hedge today, pay tomorrow twice. We make sure that that happens.<\/p>\t\t\t\t\t\t\t\t<\/div>\n\t\t\t\t<\/div>\n\t\t\t\t<\/div>\n\t\t\t\t\t<\/div>\n\t\t\t\t<\/div>\n\t\t<div class=\"elementor-element elementor-element-df40b7c e-flex e-con-boxed e-con e-parent\" data-id=\"df40b7c\" data-element_type=\"container\" data-e-type=\"container\">\n\t\t\t\t\t<div class=\"e-con-inner\">\n\t\t\t\t<div class=\"elementor-element elementor-element-c1a4a04 elementor-arrows-position-inside elementor-pagination-position-outside elementor-widget elementor-widget-image-carousel\" data-id=\"c1a4a04\" data-element_type=\"widget\" data-e-type=\"widget\" data-settings=\"{&quot;slides_to_show&quot;:&quot;4&quot;,&quot;slides_to_show_mobile&quot;:&quot;2&quot;,&quot;navigation&quot;:&quot;both&quot;,&quot;autoplay&quot;:&quot;yes&quot;,&quot;pause_on_hover&quot;:&quot;yes&quot;,&quot;pause_on_interaction&quot;:&quot;yes&quot;,&quot;autoplay_speed&quot;:5000,&quot;infinite&quot;:&quot;yes&quot;,&quot;speed&quot;:500}\" data-widget_type=\"image-carousel.default\">\n\t\t\t\t<div class=\"elementor-widget-container\">\n\t\t\t\t\t\t\t<div class=\"elementor-image-carousel-wrapper swiper\" role=\"region\" aria-roledescription=\"carousel\" aria-label=\"Resim D\u00f6ng\u00fcs\u00fc\" dir=\"ltr\">\n\t\t\t<div class=\"elementor-image-carousel swiper-wrapper\" aria-live=\"off\">\n\t\t\t\t\t\t\t\t<div class=\"swiper-slide\" role=\"group\" aria-roledescription=\"slide\" aria-label=\"1 of 4\" data-no-translation-aria-label=\"\"><figure class=\"swiper-slide-inner\"><img decoding=\"async\" class=\"swiper-slide-image\" src=\"https:\/\/mpaiers.de\/wp-content\/uploads\/2025\/03\/s1-img-5.webp\" alt=\"s1-img-5.webp\" \/><\/figure><\/div><div class=\"swiper-slide\" role=\"group\" aria-roledescription=\"slide\" aria-label=\"2 of 4\" data-no-translation-aria-label=\"\"><figure class=\"swiper-slide-inner\"><img decoding=\"async\" class=\"swiper-slide-image\" src=\"https:\/\/mpaiers.de\/wp-content\/uploads\/2025\/03\/s1-img-4.webp\" alt=\"s1-img-4.webp\" \/><\/figure><\/div><div class=\"swiper-slide\" role=\"group\" aria-roledescription=\"slide\" aria-label=\"3 of 4\" data-no-translation-aria-label=\"\"><figure class=\"swiper-slide-inner\"><img decoding=\"async\" class=\"swiper-slide-image\" src=\"https:\/\/mpaiers.de\/wp-content\/uploads\/2025\/03\/s1-img-3.webp\" alt=\"s1-img-3.webp\" \/><\/figure><\/div><div class=\"swiper-slide\" role=\"group\" aria-roledescription=\"slide\" aria-label=\"4 of 4\" data-no-translation-aria-label=\"\"><figure class=\"swiper-slide-inner\"><img decoding=\"async\" class=\"swiper-slide-image\" src=\"https:\/\/mpaiers.de\/wp-content\/uploads\/2025\/03\/s1-img-2.webp\" alt=\"s1-img-2.webp\" \/><\/figure><\/div>\t\t\t<\/div>\n\t\t\t\t\t\t\t\t\t\t\t\t<div class=\"elementor-swiper-button elementor-swiper-button-prev\" role=\"button\" tabindex=\"0\">\n\t\t\t\t\t\t<i aria-hidden=\"true\" class=\"eicon-chevron-left\"><\/i>\t\t\t\t\t<\/div>\n\t\t\t\t\t<div class=\"elementor-swiper-button elementor-swiper-button-next\" role=\"button\" tabindex=\"0\">\n\t\t\t\t\t\t<i aria-hidden=\"true\" class=\"eicon-chevron-right\"><\/i>\t\t\t\t\t<\/div>\n\t\t\t\t\n\t\t\t\t\t\t\t\t\t<div class=\"swiper-pagination\"><\/div>\n\t\t\t\t\t\t\t\t\t<\/div>\n\t\t\t\t\t\t<\/div>\n\t\t\t\t<\/div>\n\t\t\t\t\t<\/div>\n\t\t\t\t<\/div>\n\t\t\t\t<\/div>","protected":false},"excerpt":{"rendered":"<p>Markenanwendung und rechtliche Absicherung Anwendung der Marke auf Print und Produkt: Markenschutz und Anmeldung beim Amt: Rechtliche Beratung bei Konflikten: Absicherung der Marke im digitalen Raum: Eine Marke entfaltet ihre Wirkung erst dann vollst\u00e4ndig, wenn sie konsequent eingesetzt und rechtlich gesichert ist. Ob auf Verpackungen, Dokumenten oder Online-Plattformen die Marke muss \u00fcberall korrekt erscheinen und [&hellip;]<\/p>","protected":false},"author":1,"featured_media":0,"parent":16258,"menu_order":0,"comment_status":"closed","ping_status":"closed","template":"","meta":{"om_disable_all_campaigns":false,"_monsterinsights_skip_tracking":false,"_monsterinsights_sitenote_active":false,"_monsterinsights_sitenote_note":"","_monsterinsights_sitenote_category":0,"footnotes":""},"class_list":["post-16280","page","type-page","status-publish","hentry"],"aioseo_notices":[],"_links":{"self":[{"href":"https:\/\/mpaiers.de\/en\/wp-json\/wp\/v2\/pages\/16280","targetHints":{"allow":["GET"]}}],"collection":[{"href":"https:\/\/mpaiers.de\/en\/wp-json\/wp\/v2\/pages"}],"about":[{"href":"https:\/\/mpaiers.de\/en\/wp-json\/wp\/v2\/types\/page"}],"author":[{"embeddable":true,"href":"https:\/\/mpaiers.de\/en\/wp-json\/wp\/v2\/users\/1"}],"replies":[{"embeddable":true,"href":"https:\/\/mpaiers.de\/en\/wp-json\/wp\/v2\/comments?post=16280"}],"version-history":[{"count":0,"href":"https:\/\/mpaiers.de\/en\/wp-json\/wp\/v2\/pages\/16280\/revisions"}],"up":[{"embeddable":true,"href":"https:\/\/mpaiers.de\/en\/wp-json\/wp\/v2\/pages\/16258"}],"wp:attachment":[{"href":"https:\/\/mpaiers.de\/en\/wp-json\/wp\/v2\/media?parent=16280"}],"curies":[{"name":"wp","href":"https:\/\/api.w.org\/{rel}","templated":true}]}}