{"id":16278,"date":"2025-05-12T10:40:20","date_gmt":"2025-05-12T10:40:20","guid":{"rendered":"https:\/\/mpaiers.de\/?page_id=16278"},"modified":"2025-07-26T10:07:52","modified_gmt":"2025-07-26T10:07:52","slug":"digitale-prasenz-auf-allen-kanalen","status":"publish","type":"page","link":"https:\/\/mpaiers.de\/en\/veredeln\/digitale-prasenz-auf-allen-kanalen\/","title":{"rendered":"Digital presence on all channels"},"content":{"rendered":"<div data-elementor-type=\"wp-page\" data-elementor-id=\"16278\" class=\"elementor elementor-16278\" data-elementor-post-type=\"page\">\n\t\t\t\t<div class=\"elementor-element elementor-element-019e423 e-con-full e-flex e-con e-parent\" data-id=\"019e423\" data-element_type=\"container\" data-e-type=\"container\">\n\t\t\t\t<div class=\"elementor-element elementor-element-1821265 elementor-widget elementor-widget-go-s-heading\" data-id=\"1821265\" data-element_type=\"widget\" data-e-type=\"widget\" data-widget_type=\"go-s-heading.default\">\n\t\t\t\t<div class=\"elementor-widget-container\">\n\t\t\t\t\t<div class=\"agn-faqs-2-sec-title prthalign\">\n        <h1 class=\"elementor-gt-heading agn-sec-title-2 agn-split-3 wa-fix\">Digital presence on all channels<\/h1><\/div>\t\t\t\t<\/div>\n\t\t\t\t<\/div>\n\t\t\t\t<\/div>\n\t\t<div class=\"elementor-element elementor-element-87e213e e-flex e-con-boxed e-con e-parent\" data-id=\"87e213e\" data-element_type=\"container\" data-e-type=\"container\">\n\t\t\t\t\t<div class=\"e-con-inner\">\n\t\t<div class=\"elementor-element elementor-element-25eb439 e-con-full e-flex e-con e-child\" data-id=\"25eb439\" data-element_type=\"container\" data-e-type=\"container\">\n\t\t\t\t<div class=\"elementor-element elementor-element-e1225e8 elementor-widget elementor-widget-text-editor\" data-id=\"e1225e8\" data-element_type=\"widget\" data-e-type=\"widget\" data-widget_type=\"text-editor.default\">\n\t\t\t\t<div class=\"elementor-widget-container\">\n\t\t\t\t\t\t\t\t\t<p><strong data-start=\"476\" data-end=\"490\">Website design and implementation:<\/strong><\/p><p>\u00a0<\/p>\t\t\t\t\t\t\t\t<\/div>\n\t\t\t\t<\/div>\n\t\t\t\t<\/div>\n\t\t<div class=\"elementor-element elementor-element-0181258 e-con-full e-flex e-con e-child\" data-id=\"0181258\" data-element_type=\"container\" data-e-type=\"container\">\n\t\t\t\t<div class=\"elementor-element elementor-element-2c823d9 elementor-widget elementor-widget-text-editor\" data-id=\"2c823d9\" data-element_type=\"widget\" data-e-type=\"widget\" data-widget_type=\"text-editor.default\">\n\t\t\t\t<div class=\"elementor-widget-container\">\n\t\t\t\t\t\t\t\t\t<p><strong data-start=\"679\" data-end=\"702\">Social Media strategy and design:<\/strong><\/p><p>\u00a0<\/p>\t\t\t\t\t\t\t\t<\/div>\n\t\t\t\t<\/div>\n\t\t\t\t<\/div>\n\t\t<div class=\"elementor-element elementor-element-466bdb6 e-con-full e-flex e-con e-child\" data-id=\"466bdb6\" data-element_type=\"container\" data-e-type=\"container\">\n\t\t\t\t<div class=\"elementor-element elementor-element-cebf3c0 elementor-widget elementor-widget-text-editor\" data-id=\"cebf3c0\" data-element_type=\"widget\" data-e-type=\"widget\" data-widget_type=\"text-editor.default\">\n\t\t\t\t<div class=\"elementor-widget-container\">\n\t\t\t\t\t\t\t\t\t<p><strong data-start=\"679\" data-end=\"702\">Content creation for digital communications:<\/strong><\/p><p>\u00a0<\/p>\t\t\t\t\t\t\t\t<\/div>\n\t\t\t\t<\/div>\n\t\t\t\t<\/div>\n\t\t<div class=\"elementor-element elementor-element-b2d6033 e-con-full e-flex e-con e-child\" data-id=\"b2d6033\" data-element_type=\"container\" data-e-type=\"container\">\n\t\t\t\t<div class=\"elementor-element elementor-element-e0e7e2f elementor-widget elementor-widget-text-editor\" data-id=\"e0e7e2f\" data-element_type=\"widget\" data-e-type=\"widget\" data-widget_type=\"text-editor.default\">\n\t\t\t\t<div class=\"elementor-widget-container\">\n\t\t\t\t\t\t\t\t\t<p><strong data-start=\"852\" data-end=\"873\">Adaptation of the brand identity on digital platforms:<\/strong><\/p>\t\t\t\t\t\t\t\t<\/div>\n\t\t\t\t<\/div>\n\t\t\t\t<\/div>\n\t\t\t\t\t<\/div>\n\t\t\t\t<\/div>\n\t\t<div class=\"elementor-element elementor-element-dc5a981 e-flex e-con-boxed e-con e-parent\" data-id=\"dc5a981\" data-element_type=\"container\" data-e-type=\"container\">\n\t\t\t\t\t<div class=\"e-con-inner\">\n\t\t<div class=\"elementor-element elementor-element-a0a3e69 e-con-full e-flex e-con e-child\" data-id=\"a0a3e69\" data-element_type=\"container\" data-e-type=\"container\" data-settings=\"{&quot;background_background&quot;:&quot;classic&quot;}\">\n\t\t\t\t<div class=\"elementor-element elementor-element-fcfdd30 elementor-widget elementor-widget-image\" data-id=\"fcfdd30\" data-element_type=\"widget\" data-e-type=\"widget\" data-widget_type=\"image.default\">\n\t\t\t\t<div class=\"elementor-widget-container\">\n\t\t\t\t\t\t\t\t\t\t\t\t\t\t\t<img fetchpriority=\"high\" decoding=\"async\" width=\"1333\" height=\"2000\" src=\"https:\/\/mpaiers.de\/wp-content\/uploads\/2025\/05\/Website-social-media-kit.jpg\" class=\"attachment-full size-full wp-image-16380\" alt=\"\" srcset=\"https:\/\/mpaiers.de\/wp-content\/uploads\/2025\/05\/Website-social-media-kit.jpg 1333w, https:\/\/mpaiers.de\/wp-content\/uploads\/2025\/05\/Website-social-media-kit-600x900.jpg 600w, https:\/\/mpaiers.de\/wp-content\/uploads\/2025\/05\/Website-social-media-kit-200x300.jpg 200w, https:\/\/mpaiers.de\/wp-content\/uploads\/2025\/05\/Website-social-media-kit-682x1024.jpg 682w, https:\/\/mpaiers.de\/wp-content\/uploads\/2025\/05\/Website-social-media-kit-768x1152.jpg 768w, https:\/\/mpaiers.de\/wp-content\/uploads\/2025\/05\/Website-social-media-kit-1024x1536.jpg 1024w\" sizes=\"(max-width: 1333px) 100vw, 1333px\" \/>\t\t\t\t\t\t\t\t\t\t\t\t\t\t\t<\/div>\n\t\t\t\t<\/div>\n\t\t\t\t<\/div>\n\t\t<div class=\"elementor-element elementor-element-54cb0a1 e-con-full e-flex e-con e-child\" data-id=\"54cb0a1\" data-element_type=\"container\" data-e-type=\"container\">\n\t\t\t\t<div class=\"elementor-element elementor-element-490469c elementor-widget elementor-widget-text-editor\" data-id=\"490469c\" data-element_type=\"widget\" data-e-type=\"widget\" data-widget_type=\"text-editor.default\">\n\t\t\t\t<div class=\"elementor-widget-container\">\n\t\t\t\t\t\t\t\t\t<p>Without a digital presence of a company exists only on paper. Who is not visible online, loses attention, confidence and reach. However, visibility alone is not enough. It is crucial, as they occur whether or not your content is clear, whether the Design and language of votes, whether the user understand what they are doing. Digital presence is not a channel, it is an overall impression.<\/p><p><strong>Our implementation for their visibility<\/strong><strong data-start=\"437\" data-end=\"472\">:<\/strong><\/p><ul data-start=\"474\" data-end=\"1161\"><li class=\"\" data-start=\"474\" data-end=\"675\"><p class=\"\" data-start=\"476\" data-end=\"675\"><strong data-start=\"476\" data-end=\"490\">Website design and implementation:<\/strong><br data-start=\"490\" data-end=\"493\" \/>We design and build websites that not only look good but work. The clear structure, fast-loading, responsive Design, clean structure. Your content the focus is understandable, user-friendly and goal-oriented.<\/p><\/li><li class=\"\" data-start=\"677\" data-end=\"848\"><p class=\"\" data-start=\"679\" data-end=\"848\"><strong data-start=\"679\" data-end=\"702\">Social Media strategy and design:<\/strong><\/p><p>We develop Social Media concepts that fit your brand and create impact. Content, tone, design templates, tailored to the platform and audience. No filler, but targeted communication with more value.<\/p><\/li><li class=\"\" data-start=\"850\" data-end=\"1032\"><p class=\"\" data-start=\"852\" data-end=\"1032\"><strong data-start=\"852\" data-end=\"873\">Content creation for digital communications:<\/strong><\/p><p>We produce content that&#039;s interesting to your target audience. Texts, images, Videos, graphics, everything, everything is tailored to your positioning. Relevant Content instead of digital noise.<\/p><\/li><li class=\"\" data-start=\"1034\" data-end=\"1161\"><p class=\"\" data-start=\"1036\" data-end=\"1161\"><strong data-start=\"1036\" data-end=\"1060\">Adaptation of the brand identity on digital platforms:<\/strong><br data-start=\"1060\" data-end=\"1063\" \/>Your brand is your brand whether it&#039;s Instagram, LinkedIn or website. We may transfer your Corporate Identity consistent in the digital space. Clearly, everywhere the same.<\/p><\/li><li data-start=\"1034\" data-end=\"1161\"><p><strong>Visible alone is not enough, we bring effect:<\/strong><\/p><p>Because we are not easy, but plan to. Because we know that digital presence is created by chance, but through clarity, strategy, and Design that works. We do not think in terms of Likes, but in effect. And we make your digital presence so that it works according to external and internal works. Who wants to be taken seriously, to be crystal clear. For that, we are there.<\/p><\/li><\/ul>\t\t\t\t\t\t\t\t<\/div>\n\t\t\t\t<\/div>\n\t\t\t\t<\/div>\n\t\t\t\t\t<\/div>\n\t\t\t\t<\/div>\n\t\t<div class=\"elementor-element elementor-element-8879d74 e-flex e-con-boxed e-con e-parent\" data-id=\"8879d74\" data-element_type=\"container\" data-e-type=\"container\">\n\t\t\t\t\t<div class=\"e-con-inner\">\n\t\t\t\t<div class=\"elementor-element elementor-element-4528a35 elementor-arrows-position-inside elementor-pagination-position-outside elementor-widget elementor-widget-image-carousel\" data-id=\"4528a35\" data-element_type=\"widget\" data-e-type=\"widget\" data-settings=\"{&quot;slides_to_show&quot;:&quot;4&quot;,&quot;slides_to_show_mobile&quot;:&quot;2&quot;,&quot;navigation&quot;:&quot;both&quot;,&quot;autoplay&quot;:&quot;yes&quot;,&quot;pause_on_hover&quot;:&quot;yes&quot;,&quot;pause_on_interaction&quot;:&quot;yes&quot;,&quot;autoplay_speed&quot;:5000,&quot;infinite&quot;:&quot;yes&quot;,&quot;speed&quot;:500}\" data-widget_type=\"image-carousel.default\">\n\t\t\t\t<div class=\"elementor-widget-container\">\n\t\t\t\t\t\t\t<div class=\"elementor-image-carousel-wrapper swiper\" role=\"region\" aria-roledescription=\"carousel\" aria-label=\"Resim D\u00f6ng\u00fcs\u00fc\" dir=\"ltr\">\n\t\t\t<div class=\"elementor-image-carousel swiper-wrapper\" aria-live=\"off\">\n\t\t\t\t\t\t\t\t<div class=\"swiper-slide\" role=\"group\" aria-roledescription=\"slide\" aria-label=\"1 \/ 4\" data-no-translation-aria-label=\"\"><figure class=\"swiper-slide-inner\"><img decoding=\"async\" class=\"swiper-slide-image\" src=\"https:\/\/mpaiers.de\/wp-content\/uploads\/2025\/03\/s1-img-5.webp\" alt=\"s1-img-5.webp\" \/><\/figure><\/div><div class=\"swiper-slide\" role=\"group\" aria-roledescription=\"slide\" aria-label=\"2 \/ 4\" data-no-translation-aria-label=\"\"><figure class=\"swiper-slide-inner\"><img decoding=\"async\" class=\"swiper-slide-image\" src=\"https:\/\/mpaiers.de\/wp-content\/uploads\/2025\/03\/s1-img-4.webp\" alt=\"s1-img-4.webp\" \/><\/figure><\/div><div class=\"swiper-slide\" role=\"group\" aria-roledescription=\"slide\" aria-label=\"3 \/ 4\" data-no-translation-aria-label=\"\"><figure class=\"swiper-slide-inner\"><img decoding=\"async\" class=\"swiper-slide-image\" src=\"https:\/\/mpaiers.de\/wp-content\/uploads\/2025\/03\/s1-img-3.webp\" alt=\"s1-img-3.webp\" \/><\/figure><\/div><div class=\"swiper-slide\" role=\"group\" aria-roledescription=\"slide\" aria-label=\"4 \/ 4\" data-no-translation-aria-label=\"\"><figure class=\"swiper-slide-inner\"><img decoding=\"async\" class=\"swiper-slide-image\" src=\"https:\/\/mpaiers.de\/wp-content\/uploads\/2025\/03\/s1-img-2.webp\" alt=\"s1-img-2.webp\" \/><\/figure><\/div>\t\t\t<\/div>\n\t\t\t\t\t\t\t\t\t\t\t\t<div class=\"elementor-swiper-button elementor-swiper-button-prev\" role=\"button\" tabindex=\"0\">\n\t\t\t\t\t\t<i aria-hidden=\"true\" class=\"eicon-chevron-left\"><\/i>\t\t\t\t\t<\/div>\n\t\t\t\t\t<div class=\"elementor-swiper-button elementor-swiper-button-next\" role=\"button\" tabindex=\"0\">\n\t\t\t\t\t\t<i aria-hidden=\"true\" class=\"eicon-chevron-right\"><\/i>\t\t\t\t\t<\/div>\n\t\t\t\t\n\t\t\t\t\t\t\t\t\t<div class=\"swiper-pagination\"><\/div>\n\t\t\t\t\t\t\t\t\t<\/div>\n\t\t\t\t\t\t<\/div>\n\t\t\t\t<\/div>\n\t\t\t\t\t<\/div>\n\t\t\t\t<\/div>\n\t\t\t\t<\/div>","protected":false},"excerpt":{"rendered":"<p>Digitale Pr\u00e4senz auf allen Kan\u00e4len Website Konzeption und Umsetzung: Social Media Strategie und Gestaltung: Content Erstellung f\u00fcr digitale Kommunikation: Anpassung der Markenidentit\u00e4t auf digitale Plattformen: Ohne digitale Pr\u00e4senz existiert ein Unternehmen heute nur auf dem Papier. Wer online nicht sichtbar ist, verliert Aufmerksamkeit, Vertrauen und Reichweite. Doch Sichtbarkeit allein reicht nicht. Entscheidend ist, wie Sie [&hellip;]<\/p>","protected":false},"author":1,"featured_media":0,"parent":16258,"menu_order":0,"comment_status":"closed","ping_status":"closed","template":"","meta":{"om_disable_all_campaigns":false,"_monsterinsights_skip_tracking":false,"_monsterinsights_sitenote_active":false,"_monsterinsights_sitenote_note":"","_monsterinsights_sitenote_category":0,"footnotes":""},"class_list":["post-16278","page","type-page","status-publish","hentry"],"aioseo_notices":[],"_links":{"self":[{"href":"https:\/\/mpaiers.de\/en\/wp-json\/wp\/v2\/pages\/16278","targetHints":{"allow":["GET"]}}],"collection":[{"href":"https:\/\/mpaiers.de\/en\/wp-json\/wp\/v2\/pages"}],"about":[{"href":"https:\/\/mpaiers.de\/en\/wp-json\/wp\/v2\/types\/page"}],"author":[{"embeddable":true,"href":"https:\/\/mpaiers.de\/en\/wp-json\/wp\/v2\/users\/1"}],"replies":[{"embeddable":true,"href":"https:\/\/mpaiers.de\/en\/wp-json\/wp\/v2\/comments?post=16278"}],"version-history":[{"count":0,"href":"https:\/\/mpaiers.de\/en\/wp-json\/wp\/v2\/pages\/16278\/revisions"}],"up":[{"embeddable":true,"href":"https:\/\/mpaiers.de\/en\/wp-json\/wp\/v2\/pages\/16258"}],"wp:attachment":[{"href":"https:\/\/mpaiers.de\/en\/wp-json\/wp\/v2\/media?parent=16278"}],"curies":[{"name":"wp","href":"https:\/\/api.w.org\/{rel}","templated":true}]}}