{"id":16258,"date":"2025-05-12T10:01:55","date_gmt":"2025-05-12T10:01:55","guid":{"rendered":"https:\/\/mpaiers.de\/?page_id=16258"},"modified":"2025-07-26T10:03:09","modified_gmt":"2025-07-26T10:03:09","slug":"veredeln","status":"publish","type":"page","link":"https:\/\/mpaiers.de\/en\/veredeln\/","title":{"rendered":"Elevate"},"content":{"rendered":"<div data-elementor-type=\"wp-page\" data-elementor-id=\"16258\" class=\"elementor elementor-16258\" data-elementor-post-type=\"page\">\n\t\t\t\t<div class=\"elementor-element elementor-element-980a91e e-con-full e-flex e-con e-parent\" data-id=\"980a91e\" data-element_type=\"container\" data-e-type=\"container\">\n\t\t\t\t<div class=\"elementor-element elementor-element-4cab985 elementor-widget elementor-widget-go-s-heading\" data-id=\"4cab985\" data-element_type=\"widget\" data-e-type=\"widget\" data-widget_type=\"go-s-heading.default\">\n\t\t\t\t<div class=\"elementor-widget-container\">\n\t\t\t\t\t<div class=\"agn-faqs-2-sec-title prthalign\">\n        <h1 class=\"elementor-gt-heading agn-sec-title-2 agn-split-3 wa-fix\">Elevate<\/h1><\/div>\t\t\t\t<\/div>\n\t\t\t\t<\/div>\n\t\t\t\t<\/div>\n\t\t<div class=\"elementor-element elementor-element-d396cd0 e-flex e-con-boxed e-con e-parent\" data-id=\"d396cd0\" data-element_type=\"container\" data-e-type=\"container\">\n\t\t\t\t\t<div class=\"e-con-inner\">\n\t\t<div class=\"elementor-element elementor-element-01d7619 e-con-full e-flex e-con e-child\" data-id=\"01d7619\" data-element_type=\"container\" data-e-type=\"container\">\n\t\t\t\t<div class=\"elementor-element elementor-element-e52ae05 elementor-widget elementor-widget-image\" data-id=\"e52ae05\" data-element_type=\"widget\" data-e-type=\"widget\" data-widget_type=\"image.default\">\n\t\t\t\t<div class=\"elementor-widget-container\">\n\t\t\t\t\t\t\t\t\t\t\t\t\t\t\t\t<a href=\"https:\/\/mpaiers.de\/en\/grundungsberatung-und-markenentwicklung\/\">\n\t\t\t\t\t\t\t<img decoding=\"async\" src=\"https:\/\/mpaiers.de\/wp-content\/uploads\/elementor\/thumbs\/Company-Establishment-Consultancy-r5satr9idrjvh7pk5lxotkksdcokve51svnwupvkmg.jpg\" title=\"Company Establishment Consultancy\" alt=\"Company Establishment Consultancy\" loading=\"lazy\" \/>\t\t\t\t\t\t\t\t<\/a>\n\t\t\t\t\t\t\t\t\t\t\t\t\t\t\t<\/div>\n\t\t\t\t<\/div>\n\t\t\t\t<div class=\"elementor-element elementor-element-6de6f17 elementor-widget elementor-widget-text-editor\" data-id=\"6de6f17\" data-element_type=\"widget\" data-e-type=\"widget\" data-widget_type=\"text-editor.default\">\n\t\t\t\t<div class=\"elementor-widget-container\">\n\t\t\t\t\t\t\t\t\t<p style=\"text-align: center;\"><a href=\"https:\/\/mpaiers.de\/en\/grundungsberatung-und-markenentwicklung\/\">Start-up consulting, and brand development<\/a><\/p>\t\t\t\t\t\t\t\t<\/div>\n\t\t\t\t<\/div>\n\t\t\t\t<\/div>\n\t\t<div class=\"elementor-element elementor-element-1f85cce e-con-full e-flex e-con e-child\" data-id=\"1f85cce\" data-element_type=\"container\" data-e-type=\"container\">\n\t\t\t\t<div class=\"elementor-element elementor-element-b38e014 elementor-widget elementor-widget-image\" data-id=\"b38e014\" data-element_type=\"widget\" data-e-type=\"widget\" data-widget_type=\"image.default\">\n\t\t\t\t<div class=\"elementor-widget-container\">\n\t\t\t\t\t\t\t\t\t\t\t\t\t\t\t\t<a href=\"https:\/\/mpaiers.de\/en\/logo-design-und-unternehmensauftritt\/\">\n\t\t\t\t\t\t\t<img decoding=\"async\" src=\"https:\/\/mpaiers.de\/wp-content\/uploads\/elementor\/thumbs\/Logo-Marke-Corporate-Identity-r5sb7ev3o48u59vhf0fkjmiv1vdjp3co0guuufmo88.jpg\" title=\"Logo, Brand &amp; Corporate Identity\" alt=\"Logo, Marke &amp; Corporate Identity\" loading=\"lazy\" \/>\t\t\t\t\t\t\t\t<\/a>\n\t\t\t\t\t\t\t\t\t\t\t\t\t\t\t<\/div>\n\t\t\t\t<\/div>\n\t\t\t\t<div class=\"elementor-element elementor-element-45bfc86 elementor-widget elementor-widget-text-editor\" data-id=\"45bfc86\" data-element_type=\"widget\" data-e-type=\"widget\" data-widget_type=\"text-editor.default\">\n\t\t\t\t<div class=\"elementor-widget-container\">\n\t\t\t\t\t\t\t\t\t<p style=\"text-align: center;\"><a href=\"https:\/\/mpaiers.de\/en\/logo-design-und-unternehmensauftritt\/\">Logo Design and corporate identity<\/a><\/p>\t\t\t\t\t\t\t\t<\/div>\n\t\t\t\t<\/div>\n\t\t\t\t<\/div>\n\t\t<div class=\"elementor-element elementor-element-ef8e976 e-con-full e-flex e-con e-child\" data-id=\"ef8e976\" data-element_type=\"container\" data-e-type=\"container\">\n\t\t\t\t<div class=\"elementor-element elementor-element-f5b04de elementor-widget elementor-widget-image\" data-id=\"f5b04de\" data-element_type=\"widget\" data-e-type=\"widget\" data-widget_type=\"image.default\">\n\t\t\t\t<div class=\"elementor-widget-container\">\n\t\t\t\t\t\t\t\t\t\t\t\t\t\t\t\t<a href=\"https:\/\/mpaiers.de\/en\/digitale-prasenz-auf-allen-kanalen\/\">\n\t\t\t\t\t\t\t<img decoding=\"async\" src=\"https:\/\/mpaiers.de\/wp-content\/uploads\/elementor\/thumbs\/Website-social-media-kit-r5sbftj4srr5zpnubn9fui5abxxqjmq8i2x7dj5wko.jpg\" title=\"Website, social media kit\" alt=\"Website, social media kit\" loading=\"lazy\" \/>\t\t\t\t\t\t\t\t<\/a>\n\t\t\t\t\t\t\t\t\t\t\t\t\t\t\t<\/div>\n\t\t\t\t<\/div>\n\t\t\t\t<div class=\"elementor-element elementor-element-2e89630 elementor-widget elementor-widget-text-editor\" data-id=\"2e89630\" data-element_type=\"widget\" data-e-type=\"widget\" data-widget_type=\"text-editor.default\">\n\t\t\t\t<div class=\"elementor-widget-container\">\n\t\t\t\t\t\t\t\t\t<p style=\"text-align: center;\"><a href=\"https:\/\/mpaiers.de\/en\/digitale-prasenz-auf-allen-kanalen\/\">Digital presence on all channels<\/a><\/p>\t\t\t\t\t\t\t\t<\/div>\n\t\t\t\t<\/div>\n\t\t\t\t<\/div>\n\t\t<div class=\"elementor-element elementor-element-b1c2293 e-con-full e-flex e-con e-child\" data-id=\"b1c2293\" data-element_type=\"container\" data-e-type=\"container\">\n\t\t\t\t<div class=\"elementor-element elementor-element-8457b5a elementor-widget elementor-widget-image\" data-id=\"8457b5a\" data-element_type=\"widget\" data-e-type=\"widget\" data-widget_type=\"image.default\">\n\t\t\t\t<div class=\"elementor-widget-container\">\n\t\t\t\t\t\t\t\t\t\t\t\t\t\t\t\t<a href=\"https:\/\/mpaiers.de\/en\/markenanwendung-und-rechtliche-absicherung\/\">\n\t\t\t\t\t\t\t<img decoding=\"async\" src=\"https:\/\/mpaiers.de\/wp-content\/uploads\/elementor\/thumbs\/Brand-printing-on-business-cards-and-products-r5sbltq0gnz460xt98pmrzlaykc5q0khzsyvr69ctk.jpg\" title=\"Brand printing on business cards and products\" alt=\"Brand printing on business cards and products\" loading=\"lazy\" \/>\t\t\t\t\t\t\t\t<\/a>\n\t\t\t\t\t\t\t\t\t\t\t\t\t\t\t<\/div>\n\t\t\t\t<\/div>\n\t\t\t\t<div class=\"elementor-element elementor-element-aecdd0e elementor-widget elementor-widget-text-editor\" data-id=\"aecdd0e\" data-element_type=\"widget\" data-e-type=\"widget\" data-widget_type=\"text-editor.default\">\n\t\t\t\t<div class=\"elementor-widget-container\">\n\t\t\t\t\t\t\t\t\t<p style=\"text-align: center;\"><a href=\"https:\/\/mpaiers.de\/en\/markenanwendung-und-rechtliche-absicherung\/\">Brand application and legal protection<\/a><\/p>\t\t\t\t\t\t\t\t<\/div>\n\t\t\t\t<\/div>\n\t\t\t\t<\/div>\n\t\t\t\t\t<\/div>\n\t\t\t\t<\/div>\n\t\t\t\t<\/div>","protected":false},"excerpt":{"rendered":"<p>Veredeln Gr\u00fcndungsberatung und Markenentwicklung Logo, Design und Unternehmensauftritt Digitale Pr\u00e4senz auf allen Kan\u00e4len Markenanwendung und rechtliche Absicherung<\/p>","protected":false},"author":1,"featured_media":0,"parent":0,"menu_order":0,"comment_status":"closed","ping_status":"closed","template":"","meta":{"om_disable_all_campaigns":false,"_monsterinsights_skip_tracking":false,"_monsterinsights_sitenote_active":false,"_monsterinsights_sitenote_note":"","_monsterinsights_sitenote_category":0,"footnotes":""},"class_list":["post-16258","page","type-page","status-publish","hentry"],"aioseo_notices":[],"_links":{"self":[{"href":"https:\/\/mpaiers.de\/en\/wp-json\/wp\/v2\/pages\/16258","targetHints":{"allow":["GET"]}}],"collection":[{"href":"https:\/\/mpaiers.de\/en\/wp-json\/wp\/v2\/pages"}],"about":[{"href":"https:\/\/mpaiers.de\/en\/wp-json\/wp\/v2\/types\/page"}],"author":[{"embeddable":true,"href":"https:\/\/mpaiers.de\/en\/wp-json\/wp\/v2\/users\/1"}],"replies":[{"embeddable":true,"href":"https:\/\/mpaiers.de\/en\/wp-json\/wp\/v2\/comments?post=16258"}],"version-history":[{"count":0,"href":"https:\/\/mpaiers.de\/en\/wp-json\/wp\/v2\/pages\/16258\/revisions"}],"wp:attachment":[{"href":"https:\/\/mpaiers.de\/en\/wp-json\/wp\/v2\/media?parent=16258"}],"curies":[{"name":"wp","href":"https:\/\/api.w.org\/{rel}","templated":true}]}}